{"id":25870,"date":"2025-12-09T00:30:11","date_gmt":"2025-12-08T23:30:11","guid":{"rendered":"https:\/\/spaziobed.it\/unsere-videos\/"},"modified":"2026-02-16T11:56:32","modified_gmt":"2026-02-16T10:56:32","slug":"unsere-videos","status":"publish","type":"page","link":"https:\/\/spaziobed.it\/de\/unsere-videos\/","title":{"rendered":"Unsere Videos"},"content":{"rendered":"\t\t<div data-elementor-type=\"wp-page\" data-elementor-id=\"25870\" class=\"elementor elementor-25870 elementor-24608\" data-elementor-post-type=\"page\">\n\t\t\t\t<div class=\"elementor-element elementor-element-0b9b770 e-flex e-con-boxed e-con e-parent\" data-id=\"0b9b770\" data-element_type=\"container\" data-e-type=\"container\">\n\t\t\t\t\t<div class=\"e-con-inner\">\n\t\t<div class=\"elementor-element elementor-element-4a79c68 e-con-full e-flex e-con e-child\" data-id=\"4a79c68\" data-element_type=\"container\" data-e-type=\"container\">\n\t\t<div class=\"elementor-element elementor-element-e07e394 e-con-full e-flex e-con e-child\" data-id=\"e07e394\" data-element_type=\"container\" data-e-type=\"container\">\n\t\t\t\t<div class=\"elementor-element elementor-element-68bb8f8 elementor-align-left elementor-widget elementor-widget-breadcrumbs\" data-id=\"68bb8f8\" data-element_type=\"widget\" data-e-type=\"widget\" data-widget_type=\"breadcrumbs.default\">\n\t\t\t\t\t<p id=\"breadcrumbs\"><span><span><a href=\"https:\/\/spaziobed.it\/de\/spaziobed\/\">Startseite<\/a><\/span><\/span><\/p>\t\t\t\t<\/div>\n\t\t\t\t<div class=\"elementor-element elementor-element-c4ab433 elementor-widget elementor-widget-text-editor\" data-id=\"c4ab433\" data-element_type=\"widget\" data-e-type=\"widget\" data-widget_type=\"text-editor.default\">\n\t\t\t\t\t\t\t\t\tEntdecken Sie die Welt von SpazioBed in unseren Videos: platzsparende L\u00f6sungen, geniale Verwandlungen und praktische Demonstrationen unserer ausziehbaren Betten, modularen M\u00f6bel und anpassbaren Systeme. Jedes Video erz\u00e4hlt von der Funktionalit\u00e4t, der handwerklichen Qualit\u00e4t und dem intelligenten Design unserer Produkte, die so konzipiert sind, dass sie perfekt in Ihren Raum und Ihren Lebensstil passen. \t\t\t\t\t\t\t\t<\/div>\n\t\t\t\t<div class=\"elementor-element elementor-element-58587d1 elementor-widget elementor-widget-text-editor\" data-id=\"58587d1\" data-element_type=\"widget\" data-e-type=\"widget\" data-widget_type=\"text-editor.default\">\n\t\t\t\t\t\t\t\t\tSehen Sie unsere L\u00f6sungen in Aktion und lassen Sie sich inspirieren, das Haus zu gestalten, das Sie sich immer gew\u00fcnscht haben.\t\t\t\t\t\t\t\t<\/div>\n\t\t<div class=\"elementor-element elementor-element-1366bd0 e-con-full e-grid e-con e-child\" data-id=\"1366bd0\" data-element_type=\"container\" data-e-type=\"container\">\n\t\t\t\t<div class=\"elementor-element elementor-element-63bc006 elementor-widget elementor-widget-video\" data-id=\"63bc006\" data-element_type=\"widget\" data-e-type=\"widget\" data-settings=\"{&quot;youtube_url&quot;:&quot;https:\\\/\\\/www.youtube.com\\\/shorts\\\/UJxvi3aFsPw?feature=share&quot;,&quot;lazy_load&quot;:&quot;yes&quot;,&quot;video_type&quot;:&quot;youtube&quot;,&quot;controls&quot;:&quot;yes&quot;}\" data-widget_type=\"video.default\">\n\t\t\t\t\t\t\t<div class=\"elementor-wrapper elementor-open-inline\">\n\t\t\t<div class=\"elementor-video\"><\/div>\t\t<\/div>\n\t\t\t\t\t\t<\/div>\n\t\t\t\t<div class=\"elementor-element elementor-element-1b594eb elementor-widget elementor-widget-video\" data-id=\"1b594eb\" data-element_type=\"widget\" data-e-type=\"widget\" data-settings=\"{&quot;youtube_url&quot;:&quot;https:\\\/\\\/www.youtube.com\\\/shorts\\\/307ZmkdH4UQ?feature=share&quot;,&quot;lazy_load&quot;:&quot;yes&quot;,&quot;video_type&quot;:&quot;youtube&quot;,&quot;controls&quot;:&quot;yes&quot;}\" data-widget_type=\"video.default\">\n\t\t\t\t\t\t\t<div class=\"elementor-wrapper elementor-open-inline\">\n\t\t\t<div class=\"elementor-video\"><\/div>\t\t<\/div>\n\t\t\t\t\t\t<\/div>\n\t\t\t\t<div class=\"elementor-element elementor-element-13d4e4f elementor-widget elementor-widget-video\" data-id=\"13d4e4f\" data-element_type=\"widget\" data-e-type=\"widget\" data-settings=\"{&quot;youtube_url&quot;:&quot;https:\\\/\\\/www.youtube.com\\\/shorts\\\/4hV_a2uk194?feature=share&quot;,&quot;lazy_load&quot;:&quot;yes&quot;,&quot;video_type&quot;:&quot;youtube&quot;,&quot;controls&quot;:&quot;yes&quot;}\" data-widget_type=\"video.default\">\n\t\t\t\t\t\t\t<div class=\"elementor-wrapper elementor-open-inline\">\n\t\t\t<div class=\"elementor-video\"><\/div>\t\t<\/div>\n\t\t\t\t\t\t<\/div>\n\t\t\t\t<div class=\"elementor-element elementor-element-4ace8d1 elementor-widget elementor-widget-video\" data-id=\"4ace8d1\" data-element_type=\"widget\" data-e-type=\"widget\" data-settings=\"{&quot;youtube_url&quot;:&quot;https:\\\/\\\/www.youtube.com\\\/shorts\\\/JnNS0m_u-0U?feature=share&quot;,&quot;lazy_load&quot;:&quot;yes&quot;,&quot;video_type&quot;:&quot;youtube&quot;,&quot;controls&quot;:&quot;yes&quot;}\" data-widget_type=\"video.default\">\n\t\t\t\t\t\t\t<div class=\"elementor-wrapper elementor-open-inline\">\n\t\t\t<div class=\"elementor-video\"><\/div>\t\t<\/div>\n\t\t\t\t\t\t<\/div>\n\t\t\t\t<\/div>\n\t\t<div class=\"elementor-element elementor-element-bdff141 e-con-full e-grid e-con e-child\" data-id=\"bdff141\" data-element_type=\"container\" data-e-type=\"container\">\n\t\t\t\t<div class=\"elementor-element elementor-element-65ba5d5 elementor-widget elementor-widget-video\" data-id=\"65ba5d5\" data-element_type=\"widget\" data-e-type=\"widget\" data-settings=\"{&quot;youtube_url&quot;:&quot;https:\\\/\\\/youtu.be\\\/yUz8tNdcsyA&quot;,&quot;lazy_load&quot;:&quot;yes&quot;,&quot;video_type&quot;:&quot;youtube&quot;,&quot;controls&quot;:&quot;yes&quot;}\" data-widget_type=\"video.default\">\n\t\t\t\t\t\t\t<div class=\"elementor-wrapper elementor-open-inline\">\n\t\t\t<div class=\"elementor-video\"><\/div>\t\t<\/div>\n\t\t\t\t\t\t<\/div>\n\t\t\t\t<div class=\"elementor-element elementor-element-a0d282c elementor-widget elementor-widget-video\" data-id=\"a0d282c\" data-element_type=\"widget\" data-e-type=\"widget\" data-settings=\"{&quot;youtube_url&quot;:&quot;https:\\\/\\\/youtu.be\\\/GLjqoEQzcys&quot;,&quot;lazy_load&quot;:&quot;yes&quot;,&quot;video_type&quot;:&quot;youtube&quot;,&quot;controls&quot;:&quot;yes&quot;}\" data-widget_type=\"video.default\">\n\t\t\t\t\t\t\t<div class=\"elementor-wrapper elementor-open-inline\">\n\t\t\t<div class=\"elementor-video\"><\/div>\t\t<\/div>\n\t\t\t\t\t\t<\/div>\n\t\t\t\t<div class=\"elementor-element elementor-element-3756c19 elementor-widget elementor-widget-video\" data-id=\"3756c19\" data-element_type=\"widget\" data-e-type=\"widget\" data-settings=\"{&quot;youtube_url&quot;:&quot;https:\\\/\\\/youtu.be\\\/IavPONJ_T4s&quot;,&quot;lazy_load&quot;:&quot;yes&quot;,&quot;video_type&quot;:&quot;youtube&quot;,&quot;controls&quot;:&quot;yes&quot;}\" data-widget_type=\"video.default\">\n\t\t\t\t\t\t\t<div class=\"elementor-wrapper elementor-open-inline\">\n\t\t\t<div class=\"elementor-video\"><\/div>\t\t<\/div>\n\t\t\t\t\t\t<\/div>\n\t\t\t\t<div class=\"elementor-element elementor-element-8209bf9 elementor-widget elementor-widget-video\" data-id=\"8209bf9\" data-element_type=\"widget\" data-e-type=\"widget\" data-settings=\"{&quot;youtube_url&quot;:&quot;https:\\\/\\\/youtu.be\\\/X1byQLzEq8I&quot;,&quot;lazy_load&quot;:&quot;yes&quot;,&quot;video_type&quot;:&quot;youtube&quot;,&quot;controls&quot;:&quot;yes&quot;}\" data-widget_type=\"video.default\">\n\t\t\t\t\t\t\t<div class=\"elementor-wrapper elementor-open-inline\">\n\t\t\t<div class=\"elementor-video\"><\/div>\t\t<\/div>\n\t\t\t\t\t\t<\/div>\n\t\t\t\t<div class=\"elementor-element elementor-element-61f9812 elementor-widget elementor-widget-video\" data-id=\"61f9812\" data-element_type=\"widget\" data-e-type=\"widget\" data-settings=\"{&quot;youtube_url&quot;:&quot;https:\\\/\\\/youtu.be\\\/nySKmtcnVzQ&quot;,&quot;lazy_load&quot;:&quot;yes&quot;,&quot;video_type&quot;:&quot;youtube&quot;,&quot;controls&quot;:&quot;yes&quot;}\" data-widget_type=\"video.default\">\n\t\t\t\t\t\t\t<div class=\"elementor-wrapper elementor-open-inline\">\n\t\t\t<div class=\"elementor-video\"><\/div>\t\t<\/div>\n\t\t\t\t\t\t<\/div>\n\t\t\t\t<div class=\"elementor-element elementor-element-2b24131 elementor-widget elementor-widget-video\" data-id=\"2b24131\" data-element_type=\"widget\" data-e-type=\"widget\" data-settings=\"{&quot;youtube_url&quot;:&quot;https:\\\/\\\/youtu.be\\\/m51dbaR-H6c&quot;,&quot;lazy_load&quot;:&quot;yes&quot;,&quot;video_type&quot;:&quot;youtube&quot;,&quot;controls&quot;:&quot;yes&quot;}\" data-widget_type=\"video.default\">\n\t\t\t\t\t\t\t<div class=\"elementor-wrapper elementor-open-inline\">\n\t\t\t<div class=\"elementor-video\"><\/div>\t\t<\/div>\n\t\t\t\t\t\t<\/div>\n\t\t\t\t<\/div>\n\t\t\t\t<\/div>\n\t\t\t\t<\/div>\n\t\t\t\t\t<\/div>\n\t\t\t\t<\/div>\n\t\t\t\t<\/div>\n\t\t","protected":false},"excerpt":{"rendered":"<p>Entdecken Sie die Welt von SpazioBed in unseren Videos: platzsparende L\u00f6sungen, geniale Verwandlungen und praktische Demonstrationen unserer ausziehbaren Betten, modularen [&hellip;]<\/p>\n","protected":false},"author":4,"featured_media":0,"parent":0,"menu_order":0,"comment_status":"closed","ping_status":"closed","template":"","meta":{"_acf_changed":false,"site-sidebar-layout":"default","site-content-layout":"","ast-site-content-layout":"default","site-content-style":"default","site-sidebar-style":"default","ast-global-header-display":"","ast-banner-title-visibility":"","ast-main-header-display":"","ast-hfb-above-header-display":"","ast-hfb-below-header-display":"","ast-hfb-mobile-header-display":"","site-post-title":"","ast-breadcrumbs-content":"","ast-featured-img":"","footer-sml-layout":"","ast-disable-related-posts":"","theme-transparent-header-meta":"default","adv-header-id-meta":"","stick-header-meta":"","header-above-stick-meta":"","header-main-stick-meta":"","header-below-stick-meta":"","astra-migrate-meta-layouts":"default","ast-page-background-enabled":"default","ast-page-background-meta":{"desktop":{"background-color":"var(--ast-global-color-5)","background-image":"","background-repeat":"repeat","background-position":"center center","background-size":"auto","background-attachment":"scroll","background-type":"","background-media":"","overlay-type":"","overlay-color":"","overlay-opacity":"","overlay-gradient":""},"tablet":{"background-color":"","background-image":"","background-repeat":"repeat","background-position":"center center","background-size":"auto","background-attachment":"scroll","background-type":"","background-media":"","overlay-type":"","overlay-color":"","overlay-opacity":"","overlay-gradient":""},"mobile":{"background-color":"","background-image":"","background-repeat":"repeat","background-position":"center center","background-size":"auto","background-attachment":"scroll","background-type":"","background-media":"","overlay-type":"","overlay-color":"","overlay-opacity":"","overlay-gradient":""}},"ast-content-background-meta":{"desktop":{"background-color":"var(--ast-global-color-4)","background-image":"","background-repeat":"repeat","background-position":"center center","background-size":"auto","background-attachment":"scroll","background-type":"","background-media":"","overlay-type":"","overlay-color":"","overlay-opacity":"","overlay-gradient":""},"tablet":{"background-color":"var(--ast-global-color-4)","background-image":"","background-repeat":"repeat","background-position":"center center","background-size":"auto","background-attachment":"scroll","background-type":"","background-media":"","overlay-type":"","overlay-color":"","overlay-opacity":"","overlay-gradient":""},"mobile":{"background-color":"var(--ast-global-color-4)","background-image":"","background-repeat":"repeat","background-position":"center center","background-size":"auto","background-attachment":"scroll","background-type":"","background-media":"","overlay-type":"","overlay-color":"","overlay-opacity":"","overlay-gradient":""}},"footnotes":""},"class_list":["post-25870","page","type-page","status-publish","hentry"],"acf":[],"yoast_head":"<!-- This site is optimized with the Yoast SEO plugin v27.1.1 - https:\/\/yoast.com\/product\/yoast-seo-wordpress\/ -->\n<title>Unsere Videos - Spaziobed by Cinius<\/title>\n<meta name=\"robots\" content=\"index, follow, max-snippet:-1, max-image-preview:large, max-video-preview:-1\" \/>\n<link rel=\"canonical\" href=\"https:\/\/spaziobed.it\/de\/unsere-videos\/\" \/>\n<meta property=\"og:locale\" content=\"de_DE\" \/>\n<meta property=\"og:type\" content=\"article\" \/>\n<meta property=\"og:title\" content=\"Unsere Videos - Spaziobed by Cinius\" \/>\n<meta property=\"og:description\" content=\"Entdecken Sie die Welt von SpazioBed in unseren Videos: platzsparende L\u00f6sungen, geniale Verwandlungen und praktische Demonstrationen unserer ausziehbaren Betten, modularen [&hellip;]\" \/>\n<meta property=\"og:url\" content=\"https:\/\/spaziobed.it\/de\/unsere-videos\/\" \/>\n<meta property=\"og:site_name\" content=\"Spaziobed by Cinius\" \/>\n<meta property=\"article:publisher\" content=\"https:\/\/www.facebook.com\/CINIUS.ARREDAMENTI\/\" \/>\n<meta property=\"article:modified_time\" content=\"2026-02-16T10:56:32+00:00\" \/>\n<meta property=\"og:image\" content=\"https:\/\/spaziobed.it\/wp-content\/uploads\/2024\/08\/slide-2SB.jpg\" \/>\n\t<meta property=\"og:image:width\" content=\"1920\" \/>\n\t<meta property=\"og:image:height\" content=\"829\" \/>\n\t<meta property=\"og:image:type\" content=\"image\/jpeg\" \/>\n<meta name=\"twitter:card\" content=\"summary_large_image\" \/>\n<meta name=\"twitter:site\" content=\"@Cinius\" \/>\n<script type=\"application\/ld+json\" class=\"yoast-schema-graph\">{\"@context\":\"https:\/\/schema.org\",\"@graph\":[{\"@type\":\"WebPage\",\"@id\":\"https:\/\/spaziobed.it\/de\/unsere-videos\/\",\"url\":\"https:\/\/spaziobed.it\/de\/unsere-videos\/\",\"name\":\"Unsere Videos - Spaziobed by Cinius\",\"isPartOf\":{\"@id\":\"https:\/\/spaziobed.it\/de\/#website\"},\"datePublished\":\"2025-12-08T23:30:11+00:00\",\"dateModified\":\"2026-02-16T10:56:32+00:00\",\"breadcrumb\":{\"@id\":\"https:\/\/spaziobed.it\/de\/unsere-videos\/#breadcrumb\"},\"inLanguage\":\"de\",\"potentialAction\":[{\"@type\":\"ReadAction\",\"target\":[\"https:\/\/spaziobed.it\/de\/unsere-videos\/\"]}]},{\"@type\":\"BreadcrumbList\",\"@id\":\"https:\/\/spaziobed.it\/de\/unsere-videos\/#breadcrumb\",\"itemListElement\":[{\"@type\":\"ListItem\",\"position\":1,\"name\":\"Startseite\",\"item\":\"https:\/\/spaziobed.it\/de\/spaziobed\/\"},{\"@type\":\"ListItem\",\"position\":2,\"name\":\"Unsere Videos\"}]},{\"@type\":\"WebSite\",\"@id\":\"https:\/\/spaziobed.it\/de\/#website\",\"url\":\"https:\/\/spaziobed.it\/de\/\",\"name\":\"Spaziobed by Cinius\",\"description\":\"Das SpazioBed von Cinius ist eine au\u00dfergew\u00f6hnliche, platzsparende Schlafzimmerl\u00f6sung. Die aus Massivholz gefertigten Betten werden individuell angepasst und erf\u00fcllen die Bed\u00fcrfnisse von Erwachsenen, Kindern und Jugendlichen.\",\"publisher\":{\"@id\":\"https:\/\/spaziobed.it\/de\/#organization\"},\"alternateName\":\"SpazioBed\",\"potentialAction\":[{\"@type\":\"SearchAction\",\"target\":{\"@type\":\"EntryPoint\",\"urlTemplate\":\"https:\/\/spaziobed.it\/de\/?s={search_term_string}\"},\"query-input\":{\"@type\":\"PropertyValueSpecification\",\"valueRequired\":true,\"valueName\":\"search_term_string\"}}],\"inLanguage\":\"de\"},{\"@type\":\"Organization\",\"@id\":\"https:\/\/spaziobed.it\/de\/#organization\",\"name\":\"SpazioBed by Cinius\",\"alternateName\":\"SpazioBed\",\"url\":\"https:\/\/spaziobed.it\/de\/\",\"logo\":{\"@type\":\"ImageObject\",\"inLanguage\":\"de\",\"@id\":\"https:\/\/spaziobed.it\/de\/#\/schema\/logo\/image\/\",\"url\":\"https:\/\/spaziobed.it\/wp-content\/uploads\/2024\/08\/spaziobed-logo-1.jpg\",\"contentUrl\":\"https:\/\/spaziobed.it\/wp-content\/uploads\/2024\/08\/spaziobed-logo-1.jpg\",\"width\":248,\"height\":89,\"caption\":\"SpazioBed by Cinius\"},\"image\":{\"@id\":\"https:\/\/spaziobed.it\/de\/#\/schema\/logo\/image\/\"},\"sameAs\":[\"https:\/\/www.facebook.com\/CINIUS.ARREDAMENTI\/\",\"https:\/\/x.com\/Cinius\",\"https:\/\/www.instagram.com\/ciniusarredamento\/\"]}]}<\/script>\n<!-- \/ Yoast SEO plugin. -->","yoast_head_json":{"title":"Unsere Videos - Spaziobed by Cinius","robots":{"index":"index","follow":"follow","max-snippet":"max-snippet:-1","max-image-preview":"max-image-preview:large","max-video-preview":"max-video-preview:-1"},"canonical":"https:\/\/spaziobed.it\/de\/unsere-videos\/","og_locale":"de_DE","og_type":"article","og_title":"Unsere Videos - Spaziobed by Cinius","og_description":"Entdecken Sie die Welt von SpazioBed in unseren Videos: platzsparende L\u00f6sungen, geniale Verwandlungen und praktische Demonstrationen unserer ausziehbaren Betten, modularen [&hellip;]","og_url":"https:\/\/spaziobed.it\/de\/unsere-videos\/","og_site_name":"Spaziobed by Cinius","article_publisher":"https:\/\/www.facebook.com\/CINIUS.ARREDAMENTI\/","article_modified_time":"2026-02-16T10:56:32+00:00","og_image":[{"width":1920,"height":829,"url":"https:\/\/spaziobed.it\/wp-content\/uploads\/2024\/08\/slide-2SB.jpg","type":"image\/jpeg"}],"twitter_card":"summary_large_image","twitter_site":"@Cinius","schema":{"@context":"https:\/\/schema.org","@graph":[{"@type":"WebPage","@id":"https:\/\/spaziobed.it\/de\/unsere-videos\/","url":"https:\/\/spaziobed.it\/de\/unsere-videos\/","name":"Unsere Videos - Spaziobed by Cinius","isPartOf":{"@id":"https:\/\/spaziobed.it\/de\/#website"},"datePublished":"2025-12-08T23:30:11+00:00","dateModified":"2026-02-16T10:56:32+00:00","breadcrumb":{"@id":"https:\/\/spaziobed.it\/de\/unsere-videos\/#breadcrumb"},"inLanguage":"de","potentialAction":[{"@type":"ReadAction","target":["https:\/\/spaziobed.it\/de\/unsere-videos\/"]}]},{"@type":"BreadcrumbList","@id":"https:\/\/spaziobed.it\/de\/unsere-videos\/#breadcrumb","itemListElement":[{"@type":"ListItem","position":1,"name":"Startseite","item":"https:\/\/spaziobed.it\/de\/spaziobed\/"},{"@type":"ListItem","position":2,"name":"Unsere Videos"}]},{"@type":"WebSite","@id":"https:\/\/spaziobed.it\/de\/#website","url":"https:\/\/spaziobed.it\/de\/","name":"Spaziobed by Cinius","description":"Das SpazioBed von Cinius ist eine au\u00dfergew\u00f6hnliche, platzsparende Schlafzimmerl\u00f6sung. Die aus Massivholz gefertigten Betten werden individuell angepasst und erf\u00fcllen die Bed\u00fcrfnisse von Erwachsenen, Kindern und Jugendlichen.","publisher":{"@id":"https:\/\/spaziobed.it\/de\/#organization"},"alternateName":"SpazioBed","potentialAction":[{"@type":"SearchAction","target":{"@type":"EntryPoint","urlTemplate":"https:\/\/spaziobed.it\/de\/?s={search_term_string}"},"query-input":{"@type":"PropertyValueSpecification","valueRequired":true,"valueName":"search_term_string"}}],"inLanguage":"de"},{"@type":"Organization","@id":"https:\/\/spaziobed.it\/de\/#organization","name":"SpazioBed by Cinius","alternateName":"SpazioBed","url":"https:\/\/spaziobed.it\/de\/","logo":{"@type":"ImageObject","inLanguage":"de","@id":"https:\/\/spaziobed.it\/de\/#\/schema\/logo\/image\/","url":"https:\/\/spaziobed.it\/wp-content\/uploads\/2024\/08\/spaziobed-logo-1.jpg","contentUrl":"https:\/\/spaziobed.it\/wp-content\/uploads\/2024\/08\/spaziobed-logo-1.jpg","width":248,"height":89,"caption":"SpazioBed by Cinius"},"image":{"@id":"https:\/\/spaziobed.it\/de\/#\/schema\/logo\/image\/"},"sameAs":["https:\/\/www.facebook.com\/CINIUS.ARREDAMENTI\/","https:\/\/x.com\/Cinius","https:\/\/www.instagram.com\/ciniusarredamento\/"]}]}},"_links":{"self":[{"href":"https:\/\/spaziobed.it\/de\/wp-json\/wp\/v2\/pages\/25870","targetHints":{"allow":["GET"]}}],"collection":[{"href":"https:\/\/spaziobed.it\/de\/wp-json\/wp\/v2\/pages"}],"about":[{"href":"https:\/\/spaziobed.it\/de\/wp-json\/wp\/v2\/types\/page"}],"author":[{"embeddable":true,"href":"https:\/\/spaziobed.it\/de\/wp-json\/wp\/v2\/users\/4"}],"replies":[{"embeddable":true,"href":"https:\/\/spaziobed.it\/de\/wp-json\/wp\/v2\/comments?post=25870"}],"version-history":[{"count":4,"href":"https:\/\/spaziobed.it\/de\/wp-json\/wp\/v2\/pages\/25870\/revisions"}],"predecessor-version":[{"id":26776,"href":"https:\/\/spaziobed.it\/de\/wp-json\/wp\/v2\/pages\/25870\/revisions\/26776"}],"wp:attachment":[{"href":"https:\/\/spaziobed.it\/de\/wp-json\/wp\/v2\/media?parent=25870"}],"curies":[{"name":"wp","href":"https:\/\/api.w.org\/{rel}","templated":true}]}}