{"id":26602,"date":"2023-07-10T09:36:31","date_gmt":"2023-07-10T07:36:31","guid":{"rendered":"https:\/\/spaziobed.it\/ueber-uns\/"},"modified":"2026-02-16T11:56:01","modified_gmt":"2026-02-16T10:56:01","slug":"wer-wir-sind","status":"publish","type":"page","link":"https:\/\/spaziobed.it\/de\/wer-wir-sind\/","title":{"rendered":"\u00dcber uns"},"content":{"rendered":"\t\t<div data-elementor-type=\"wp-page\" data-elementor-id=\"26602\" class=\"elementor elementor-26602 elementor-21401\" data-elementor-post-type=\"page\">\n\t\t\t\t<div class=\"elementor-element elementor-element-dcf2134 e-flex e-con-boxed e-con e-parent\" data-id=\"dcf2134\" data-element_type=\"container\" data-e-type=\"container\">\n\t\t\t\t\t<div class=\"e-con-inner\">\n\t\t<div class=\"elementor-element elementor-element-4f333fb e-con-full e-flex e-con e-child\" data-id=\"4f333fb\" data-element_type=\"container\" data-e-type=\"container\">\n\t\t<div class=\"elementor-element elementor-element-6f2d3df e-con-full e-flex e-con e-child\" data-id=\"6f2d3df\" data-element_type=\"container\" data-e-type=\"container\">\n\t\t\t\t<div class=\"elementor-element elementor-element-eb94759 elementor-align-left elementor-widget elementor-widget-breadcrumbs\" data-id=\"eb94759\" data-element_type=\"widget\" data-e-type=\"widget\" data-widget_type=\"breadcrumbs.default\">\n\t\t\t\t\t<span id=\"breadcrumbs\"><span><span><a href=\"https:\/\/spaziobed.it\/de\/spaziobed\/\">Startseite<\/a><\/span><\/span><\/span>\t\t\t\t<\/div>\n\t\t\t\t<div class=\"elementor-element elementor-element-51bc39a elementor-widget elementor-widget-heading\" data-id=\"51bc39a\" data-element_type=\"widget\" data-e-type=\"widget\" data-widget_type=\"heading.default\">\n\t\t\t\t\t<h2 class=\"elementor-heading-title elementor-size-default\">\u00dcber uns<\/h2>\t\t\t\t<\/div>\n\t\t\t\t<div class=\"elementor-element elementor-element-25974d3 elementor-widget elementor-widget-text-editor\" data-id=\"25974d3\" data-element_type=\"widget\" data-e-type=\"widget\" data-widget_type=\"text-editor.default\">\n\t\t\t\t\t\t\t\t\t<p>Seit 1987 sind wir CINIUS: ein f\u00fchrendes Unternehmen im Bereich der M\u00f6bel aus <strong>handwerklich verarbeitetem Massivholz<\/strong>, die auch <strong>nach Ma\u00df gefertigt<\/strong> werden. Wir sind spezialisiert auf den orientalischen und nordischen Stil.  <\/p>\n<p>Unsere Erfahrung erstreckt sich <strong>auf 360\u00b0 der gesamten Wohneinrichtung<\/strong>. Wir produzieren Betten, Schlafsofas, Kleiderschr\u00e4nke, Nachttische, Kommoden, B\u00fccherregale, ergonomische St\u00fchle, Tische, K\u00fcchen, begehbare Kleiderschr\u00e4nke, Schreibtische, Lattenroste, Raumteiler, Schiebet\u00fcren und -w\u00e4nde, Hochbetten, Haushaltsartikel und weitere Einrichtungsaccessoires. <\/p>\n\t\t\t\t\t\t\t\t<\/div>\n\t\t\t\t<\/div>\n\t\t<div class=\"elementor-element elementor-element-059e6ae e-con-full e-flex e-con e-child\" data-id=\"059e6ae\" data-element_type=\"container\" data-e-type=\"container\" data-settings=\"{&quot;background_background&quot;:&quot;classic&quot;}\">\n\t\t\t\t<\/div>\n\t\t\t\t<\/div>\n\t\t\t\t\t<\/div>\n\t\t\t\t<\/div>\n\t\t<div class=\"elementor-element elementor-element-6afd8c2 e-flex e-con-boxed e-con e-parent\" data-id=\"6afd8c2\" data-element_type=\"container\" data-e-type=\"container\">\n\t\t\t\t\t<div class=\"e-con-inner\">\n\t\t<div class=\"elementor-element elementor-element-fc48e71 e-con-full e-flex e-con e-child\" data-id=\"fc48e71\" data-element_type=\"container\" data-e-type=\"container\">\n\t\t<div class=\"elementor-element elementor-element-fd707ff e-con-full e-flex e-con e-child\" data-id=\"fd707ff\" data-element_type=\"container\" data-e-type=\"container\" data-settings=\"{&quot;background_background&quot;:&quot;classic&quot;}\">\n\t\t\t\t<\/div>\n\t\t<div class=\"elementor-element elementor-element-0449612 e-con-full e-flex e-con e-child\" data-id=\"0449612\" data-element_type=\"container\" data-e-type=\"container\">\n\t\t\t\t<div class=\"elementor-element elementor-element-061bb9a elementor-widget elementor-widget-heading\" data-id=\"061bb9a\" data-element_type=\"widget\" data-e-type=\"widget\" data-widget_type=\"heading.default\">\n\t\t\t\t\t<h2 class=\"elementor-heading-title elementor-size-default\">\u00d6kologische M\u00f6bel<\/h2>\t\t\t\t<\/div>\n\t\t\t\t<div class=\"elementor-element elementor-element-065b79a elementor-widget elementor-widget-text-editor\" data-id=\"065b79a\" data-element_type=\"widget\" data-e-type=\"widget\" data-widget_type=\"text-editor.default\">\n\t\t\t\t\t\t\t\t\t<p>Alle M\u00f6bel, die wir herstellen, sind \u00f6kologisch. Wir verwenden nur bestes Massivholz. Wir behandeln es ausschlie\u00dflich mit nat\u00fcrlichen \u00d6len und Lacken. Wir montieren es mit Steckverbindungen, ohne den Einsatz von Metallteilen. Eine exquisite handwerkliche Tischlerarbeit zeichnet uns seit jeher aus.    <\/p>\n\t\t\t\t\t\t\t\t<\/div>\n\t\t\t\t<\/div>\n\t\t\t\t<\/div>\n\t\t\t\t\t<\/div>\n\t\t\t\t<\/div>\n\t\t<div class=\"elementor-element elementor-element-181a981 e-flex e-con-boxed e-con e-parent\" data-id=\"181a981\" data-element_type=\"container\" data-e-type=\"container\">\n\t\t\t\t\t<div class=\"e-con-inner\">\n\t\t<div class=\"elementor-element elementor-element-1b53ece e-con-full e-flex e-con e-child\" data-id=\"1b53ece\" data-element_type=\"container\" data-e-type=\"container\">\n\t\t<div class=\"elementor-element elementor-element-2edbfe5 e-con-full e-flex e-con e-child\" data-id=\"2edbfe5\" data-element_type=\"container\" data-e-type=\"container\">\n\t\t\t\t<div class=\"elementor-element elementor-element-43098f2 elementor-widget elementor-widget-heading\" data-id=\"43098f2\" data-element_type=\"widget\" data-e-type=\"widget\" data-widget_type=\"heading.default\">\n\t\t\t\t\t<h2 class=\"elementor-heading-title elementor-size-default\">Platzsparende L\u00f6sungen<\/h2>\t\t\t\t<\/div>\n\t\t\t\t<div class=\"elementor-element elementor-element-828bb07 elementor-widget elementor-widget-text-editor\" data-id=\"828bb07\" data-element_type=\"widget\" data-e-type=\"widget\" data-widget_type=\"text-editor.default\">\n\t\t\t\t\t\t\t\t\t<p>Wir sind Spezialisten f\u00fcr die Herstellung von zentimetergenauen Ma\u00dfm\u00f6beln und f\u00fchrend in der Entwicklung platzsparender L\u00f6sungen. Dank unserer Expertise haben wir das Hochbett neu erfunden. Einige haben uns nachgeahmt. Heute ist unser Hochbett SPAZIOBED\u00ae ein eingetragenes Markenzeichen.   <\/p>\n\t\t\t\t\t\t\t\t<\/div>\n\t\t\t\t<\/div>\n\t\t<div class=\"elementor-element elementor-element-49a2ff1 e-con-full e-flex e-con e-child\" data-id=\"49a2ff1\" data-element_type=\"container\" data-e-type=\"container\" data-settings=\"{&quot;background_background&quot;:&quot;classic&quot;}\">\n\t\t\t\t<\/div>\n\t\t\t\t<\/div>\n\t\t\t\t\t<\/div>\n\t\t\t\t<\/div>\n\t\t<div class=\"elementor-element elementor-element-bc5cda6 e-flex e-con-boxed e-con e-parent\" data-id=\"bc5cda6\" data-element_type=\"container\" data-e-type=\"container\">\n\t\t\t\t\t<div class=\"e-con-inner\">\n\t\t<div class=\"elementor-element elementor-element-be41523 e-con-full e-flex e-con e-child\" data-id=\"be41523\" data-element_type=\"container\" data-e-type=\"container\">\n\t\t<div class=\"elementor-element elementor-element-04481c0 e-con-full e-flex e-con e-child\" data-id=\"04481c0\" data-element_type=\"container\" data-e-type=\"container\" data-settings=\"{&quot;background_background&quot;:&quot;classic&quot;}\">\n\t\t\t\t<\/div>\n\t\t<div class=\"elementor-element elementor-element-04ecb37 e-con-full e-flex e-con e-child\" data-id=\"04ecb37\" data-element_type=\"container\" data-e-type=\"container\">\n\t\t\t\t<div class=\"elementor-element elementor-element-7a7744f elementor-widget elementor-widget-heading\" data-id=\"7a7744f\" data-element_type=\"widget\" data-e-type=\"widget\" data-widget_type=\"heading.default\">\n\t\t\t\t\t<h2 class=\"elementor-heading-title elementor-size-default\">In ganz Italien und Europa<\/h2>\t\t\t\t<\/div>\n\t\t\t\t<div class=\"elementor-element elementor-element-f7229d1 elementor-widget elementor-widget-text-editor\" data-id=\"f7229d1\" data-element_type=\"widget\" data-e-type=\"widget\" data-widget_type=\"text-editor.default\">\n\t\t\t\t\t\t\t\t\t<p>In Bologna gegr\u00fcndet, haben wir im Laufe der Jahre unsere Showrooms in Rom, Mailand, Turin, Florenz, Padua, Trient und Paris er\u00f6ffnet. Wir haben Niederlassungen in ganz Italien und H\u00e4ndler in Europa. Wenn Sie mehr erfahren m\u00f6chten, <span style=\"text-decoration: underline\"><a title=\"Cinius\" href=\"https:\/\/www.cinius.com\/\">besuchen Sie unsere Website Cinius.com<\/a><\/span>.  <\/p>\n\t\t\t\t\t\t\t\t<\/div>\n\t\t\t\t<\/div>\n\t\t\t\t<\/div>\n\t\t\t\t\t<\/div>\n\t\t\t\t<\/div>\n\t\t\t\t<\/div>\n\t\t","protected":false},"excerpt":{"rendered":"","protected":false},"author":4,"featured_media":25570,"parent":0,"menu_order":0,"comment_status":"closed","ping_status":"closed","template":"","meta":{"_acf_changed":false,"site-sidebar-layout":"no-sidebar","site-content-layout":"","ast-site-content-layout":"full-width-container","site-content-style":"default","site-sidebar-style":"default","ast-global-header-display":"","ast-banner-title-visibility":"","ast-main-header-display":"","ast-hfb-above-header-display":"","ast-hfb-below-header-display":"","ast-hfb-mobile-header-display":"","site-post-title":"disabled","ast-breadcrumbs-content":"","ast-featured-img":"disabled","footer-sml-layout":"","ast-disable-related-posts":"","theme-transparent-header-meta":"default","adv-header-id-meta":"","stick-header-meta":"","header-above-stick-meta":"","header-main-stick-meta":"","header-below-stick-meta":"","astra-migrate-meta-layouts":"default","ast-page-background-enabled":"default","ast-page-background-meta":{"desktop":{"background-color":"var(--ast-global-color-5)","background-image":"","background-repeat":"repeat","background-position":"center center","background-size":"auto","background-attachment":"scroll","background-type":"","background-media":"","overlay-type":"","overlay-color":"","overlay-opacity":"","overlay-gradient":""},"tablet":{"background-color":"","background-image":"","background-repeat":"repeat","background-position":"center center","background-size":"auto","background-attachment":"scroll","background-type":"","background-media":"","overlay-type":"","overlay-color":"","overlay-opacity":"","overlay-gradient":""},"mobile":{"background-color":"","background-image":"","background-repeat":"repeat","background-position":"center center","background-size":"auto","background-attachment":"scroll","background-type":"","background-media":"","overlay-type":"","overlay-color":"","overlay-opacity":"","overlay-gradient":""}},"ast-content-background-meta":{"desktop":{"background-color":"var(--ast-global-color-4)","background-image":"","background-repeat":"repeat","background-position":"center center","background-size":"auto","background-attachment":"scroll","background-type":"","background-media":"","overlay-type":"","overlay-color":"","overlay-opacity":"","overlay-gradient":""},"tablet":{"background-color":"var(--ast-global-color-4)","background-image":"","background-repeat":"repeat","background-position":"center center","background-size":"auto","background-attachment":"scroll","background-type":"","background-media":"","overlay-type":"","overlay-color":"","overlay-opacity":"","overlay-gradient":""},"mobile":{"background-color":"var(--ast-global-color-4)","background-image":"","background-repeat":"repeat","background-position":"center center","background-size":"auto","background-attachment":"scroll","background-type":"","background-media":"","overlay-type":"","overlay-color":"","overlay-opacity":"","overlay-gradient":""}},"footnotes":""},"class_list":["post-26602","page","type-page","status-publish","has-post-thumbnail","hentry"],"acf":[],"yoast_head":"<!-- This site is optimized with the Yoast SEO plugin v27.1.1 - https:\/\/yoast.com\/product\/yoast-seo-wordpress\/ -->\n<title>\u00dcber uns - Spaziobed by Cinius<\/title>\n<meta name=\"robots\" content=\"index, follow, max-snippet:-1, max-image-preview:large, max-video-preview:-1\" \/>\n<link rel=\"canonical\" href=\"https:\/\/spaziobed.it\/de\/wer-wir-sind\/\" \/>\n<meta property=\"og:locale\" content=\"de_DE\" \/>\n<meta property=\"og:type\" content=\"article\" \/>\n<meta property=\"og:title\" content=\"\u00dcber uns - Spaziobed by Cinius\" \/>\n<meta property=\"og:url\" content=\"https:\/\/spaziobed.it\/de\/wer-wir-sind\/\" \/>\n<meta property=\"og:site_name\" content=\"Spaziobed by Cinius\" \/>\n<meta property=\"article:publisher\" content=\"https:\/\/www.facebook.com\/CINIUS.ARREDAMENTI\/\" \/>\n<meta property=\"article:modified_time\" content=\"2026-02-16T10:56:01+00:00\" \/>\n<meta property=\"og:image\" content=\"https:\/\/spaziobed.it\/wp-content\/uploads\/2025\/12\/spaziobed-letto-chi-siamo-head.webp\" \/>\n\t<meta property=\"og:image:width\" content=\"1111\" \/>\n\t<meta property=\"og:image:height\" content=\"770\" \/>\n\t<meta property=\"og:image:type\" content=\"image\/webp\" \/>\n<meta name=\"twitter:card\" content=\"summary_large_image\" \/>\n<meta name=\"twitter:site\" content=\"@Cinius\" \/>\n<script type=\"application\/ld+json\" class=\"yoast-schema-graph\">{\"@context\":\"https:\/\/schema.org\",\"@graph\":[{\"@type\":\"WebPage\",\"@id\":\"https:\/\/spaziobed.it\/de\/wer-wir-sind\/\",\"url\":\"https:\/\/spaziobed.it\/de\/wer-wir-sind\/\",\"name\":\"\u00dcber uns - Spaziobed by Cinius\",\"isPartOf\":{\"@id\":\"https:\/\/spaziobed.it\/de\/#website\"},\"primaryImageOfPage\":{\"@id\":\"https:\/\/spaziobed.it\/de\/wer-wir-sind\/#primaryimage\"},\"image\":{\"@id\":\"https:\/\/spaziobed.it\/de\/wer-wir-sind\/#primaryimage\"},\"thumbnailUrl\":\"https:\/\/spaziobed.it\/wp-content\/uploads\/2025\/12\/spaziobed-letto-chi-siamo-head.webp\",\"datePublished\":\"2023-07-10T07:36:31+00:00\",\"dateModified\":\"2026-02-16T10:56:01+00:00\",\"breadcrumb\":{\"@id\":\"https:\/\/spaziobed.it\/de\/wer-wir-sind\/#breadcrumb\"},\"inLanguage\":\"de\",\"potentialAction\":[{\"@type\":\"ReadAction\",\"target\":[\"https:\/\/spaziobed.it\/de\/wer-wir-sind\/\"]}]},{\"@type\":\"ImageObject\",\"inLanguage\":\"de\",\"@id\":\"https:\/\/spaziobed.it\/de\/wer-wir-sind\/#primaryimage\",\"url\":\"https:\/\/spaziobed.it\/wp-content\/uploads\/2025\/12\/spaziobed-letto-chi-siamo-head.webp\",\"contentUrl\":\"https:\/\/spaziobed.it\/wp-content\/uploads\/2025\/12\/spaziobed-letto-chi-siamo-head.webp\",\"width\":1111,\"height\":770,\"caption\":\"spaziobed entdecken\"},{\"@type\":\"BreadcrumbList\",\"@id\":\"https:\/\/spaziobed.it\/de\/wer-wir-sind\/#breadcrumb\",\"itemListElement\":[{\"@type\":\"ListItem\",\"position\":1,\"name\":\"Startseite\",\"item\":\"https:\/\/spaziobed.it\/de\/spaziobed\/\"},{\"@type\":\"ListItem\",\"position\":2,\"name\":\"\u00dcber uns\"}]},{\"@type\":\"WebSite\",\"@id\":\"https:\/\/spaziobed.it\/de\/#website\",\"url\":\"https:\/\/spaziobed.it\/de\/\",\"name\":\"Spaziobed by Cinius\",\"description\":\"Das SpazioBed von Cinius ist eine au\u00dfergew\u00f6hnliche, platzsparende Schlafzimmerl\u00f6sung. Die aus Massivholz gefertigten Betten werden individuell angepasst und erf\u00fcllen die Bed\u00fcrfnisse von Erwachsenen, Kindern und Jugendlichen.\",\"publisher\":{\"@id\":\"https:\/\/spaziobed.it\/de\/#organization\"},\"alternateName\":\"SpazioBed\",\"potentialAction\":[{\"@type\":\"SearchAction\",\"target\":{\"@type\":\"EntryPoint\",\"urlTemplate\":\"https:\/\/spaziobed.it\/de\/?s={search_term_string}\"},\"query-input\":{\"@type\":\"PropertyValueSpecification\",\"valueRequired\":true,\"valueName\":\"search_term_string\"}}],\"inLanguage\":\"de\"},{\"@type\":\"Organization\",\"@id\":\"https:\/\/spaziobed.it\/de\/#organization\",\"name\":\"SpazioBed by Cinius\",\"alternateName\":\"SpazioBed\",\"url\":\"https:\/\/spaziobed.it\/de\/\",\"logo\":{\"@type\":\"ImageObject\",\"inLanguage\":\"de\",\"@id\":\"https:\/\/spaziobed.it\/de\/#\/schema\/logo\/image\/\",\"url\":\"https:\/\/spaziobed.it\/wp-content\/uploads\/2024\/08\/spaziobed-logo-1.jpg\",\"contentUrl\":\"https:\/\/spaziobed.it\/wp-content\/uploads\/2024\/08\/spaziobed-logo-1.jpg\",\"width\":248,\"height\":89,\"caption\":\"SpazioBed by Cinius\"},\"image\":{\"@id\":\"https:\/\/spaziobed.it\/de\/#\/schema\/logo\/image\/\"},\"sameAs\":[\"https:\/\/www.facebook.com\/CINIUS.ARREDAMENTI\/\",\"https:\/\/x.com\/Cinius\",\"https:\/\/www.instagram.com\/ciniusarredamento\/\"]}]}<\/script>\n<!-- \/ Yoast SEO plugin. -->","yoast_head_json":{"title":"\u00dcber uns - Spaziobed by Cinius","robots":{"index":"index","follow":"follow","max-snippet":"max-snippet:-1","max-image-preview":"max-image-preview:large","max-video-preview":"max-video-preview:-1"},"canonical":"https:\/\/spaziobed.it\/de\/wer-wir-sind\/","og_locale":"de_DE","og_type":"article","og_title":"\u00dcber uns - Spaziobed by Cinius","og_url":"https:\/\/spaziobed.it\/de\/wer-wir-sind\/","og_site_name":"Spaziobed by Cinius","article_publisher":"https:\/\/www.facebook.com\/CINIUS.ARREDAMENTI\/","article_modified_time":"2026-02-16T10:56:01+00:00","og_image":[{"width":1111,"height":770,"url":"https:\/\/spaziobed.it\/wp-content\/uploads\/2025\/12\/spaziobed-letto-chi-siamo-head.webp","type":"image\/webp"}],"twitter_card":"summary_large_image","twitter_site":"@Cinius","schema":{"@context":"https:\/\/schema.org","@graph":[{"@type":"WebPage","@id":"https:\/\/spaziobed.it\/de\/wer-wir-sind\/","url":"https:\/\/spaziobed.it\/de\/wer-wir-sind\/","name":"\u00dcber uns - Spaziobed by Cinius","isPartOf":{"@id":"https:\/\/spaziobed.it\/de\/#website"},"primaryImageOfPage":{"@id":"https:\/\/spaziobed.it\/de\/wer-wir-sind\/#primaryimage"},"image":{"@id":"https:\/\/spaziobed.it\/de\/wer-wir-sind\/#primaryimage"},"thumbnailUrl":"https:\/\/spaziobed.it\/wp-content\/uploads\/2025\/12\/spaziobed-letto-chi-siamo-head.webp","datePublished":"2023-07-10T07:36:31+00:00","dateModified":"2026-02-16T10:56:01+00:00","breadcrumb":{"@id":"https:\/\/spaziobed.it\/de\/wer-wir-sind\/#breadcrumb"},"inLanguage":"de","potentialAction":[{"@type":"ReadAction","target":["https:\/\/spaziobed.it\/de\/wer-wir-sind\/"]}]},{"@type":"ImageObject","inLanguage":"de","@id":"https:\/\/spaziobed.it\/de\/wer-wir-sind\/#primaryimage","url":"https:\/\/spaziobed.it\/wp-content\/uploads\/2025\/12\/spaziobed-letto-chi-siamo-head.webp","contentUrl":"https:\/\/spaziobed.it\/wp-content\/uploads\/2025\/12\/spaziobed-letto-chi-siamo-head.webp","width":1111,"height":770,"caption":"spaziobed entdecken"},{"@type":"BreadcrumbList","@id":"https:\/\/spaziobed.it\/de\/wer-wir-sind\/#breadcrumb","itemListElement":[{"@type":"ListItem","position":1,"name":"Startseite","item":"https:\/\/spaziobed.it\/de\/spaziobed\/"},{"@type":"ListItem","position":2,"name":"\u00dcber uns"}]},{"@type":"WebSite","@id":"https:\/\/spaziobed.it\/de\/#website","url":"https:\/\/spaziobed.it\/de\/","name":"Spaziobed by Cinius","description":"Das SpazioBed von Cinius ist eine au\u00dfergew\u00f6hnliche, platzsparende Schlafzimmerl\u00f6sung. Die aus Massivholz gefertigten Betten werden individuell angepasst und erf\u00fcllen die Bed\u00fcrfnisse von Erwachsenen, Kindern und Jugendlichen.","publisher":{"@id":"https:\/\/spaziobed.it\/de\/#organization"},"alternateName":"SpazioBed","potentialAction":[{"@type":"SearchAction","target":{"@type":"EntryPoint","urlTemplate":"https:\/\/spaziobed.it\/de\/?s={search_term_string}"},"query-input":{"@type":"PropertyValueSpecification","valueRequired":true,"valueName":"search_term_string"}}],"inLanguage":"de"},{"@type":"Organization","@id":"https:\/\/spaziobed.it\/de\/#organization","name":"SpazioBed by Cinius","alternateName":"SpazioBed","url":"https:\/\/spaziobed.it\/de\/","logo":{"@type":"ImageObject","inLanguage":"de","@id":"https:\/\/spaziobed.it\/de\/#\/schema\/logo\/image\/","url":"https:\/\/spaziobed.it\/wp-content\/uploads\/2024\/08\/spaziobed-logo-1.jpg","contentUrl":"https:\/\/spaziobed.it\/wp-content\/uploads\/2024\/08\/spaziobed-logo-1.jpg","width":248,"height":89,"caption":"SpazioBed by Cinius"},"image":{"@id":"https:\/\/spaziobed.it\/de\/#\/schema\/logo\/image\/"},"sameAs":["https:\/\/www.facebook.com\/CINIUS.ARREDAMENTI\/","https:\/\/x.com\/Cinius","https:\/\/www.instagram.com\/ciniusarredamento\/"]}]}},"_links":{"self":[{"href":"https:\/\/spaziobed.it\/de\/wp-json\/wp\/v2\/pages\/26602","targetHints":{"allow":["GET"]}}],"collection":[{"href":"https:\/\/spaziobed.it\/de\/wp-json\/wp\/v2\/pages"}],"about":[{"href":"https:\/\/spaziobed.it\/de\/wp-json\/wp\/v2\/types\/page"}],"author":[{"embeddable":true,"href":"https:\/\/spaziobed.it\/de\/wp-json\/wp\/v2\/users\/4"}],"replies":[{"embeddable":true,"href":"https:\/\/spaziobed.it\/de\/wp-json\/wp\/v2\/comments?post=26602"}],"version-history":[{"count":1,"href":"https:\/\/spaziobed.it\/de\/wp-json\/wp\/v2\/pages\/26602\/revisions"}],"predecessor-version":[{"id":26603,"href":"https:\/\/spaziobed.it\/de\/wp-json\/wp\/v2\/pages\/26602\/revisions\/26603"}],"wp:featuredmedia":[{"embeddable":true,"href":"https:\/\/spaziobed.it\/de\/wp-json\/wp\/v2\/media\/25570"}],"wp:attachment":[{"href":"https:\/\/spaziobed.it\/de\/wp-json\/wp\/v2\/media?parent=26602"}],"curies":[{"name":"wp","href":"https:\/\/api.w.org\/{rel}","templated":true}]}}