{"id":26608,"date":"2023-10-23T11:45:29","date_gmt":"2023-10-23T09:45:29","guid":{"rendered":"https:\/\/spaziobed.it\/wie-wir-arbeiten\/"},"modified":"2026-02-16T11:56:04","modified_gmt":"2026-02-16T10:56:04","slug":"wie-wir-arbeiten","status":"publish","type":"page","link":"https:\/\/spaziobed.it\/de\/wie-wir-arbeiten\/","title":{"rendered":"Wie wir arbeiten"},"content":{"rendered":"\t\t<div data-elementor-type=\"wp-page\" data-elementor-id=\"26608\" class=\"elementor elementor-26608 elementor-56\" data-elementor-post-type=\"page\">\n\t\t\t\t<div class=\"elementor-element elementor-element-6acb5585 e-flex e-con-boxed e-con e-parent\" data-id=\"6acb5585\" data-element_type=\"container\" data-e-type=\"container\">\n\t\t\t\t\t<div class=\"e-con-inner\">\n\t\t<div class=\"elementor-element elementor-element-5a324317 e-con-full e-flex e-con e-child\" data-id=\"5a324317\" data-element_type=\"container\" data-e-type=\"container\">\n\t\t\t\t<div class=\"elementor-element elementor-element-4d7cd549 elementor-widget elementor-widget-breadcrumbs\" data-id=\"4d7cd549\" data-element_type=\"widget\" data-e-type=\"widget\" data-widget_type=\"breadcrumbs.default\">\n\t\t\t\t\t<p id=\"breadcrumbs\"><span><span><a href=\"https:\/\/spaziobed.it\/de\/spaziobed\/\">Startseite<\/a><\/span><\/span><\/p>\t\t\t\t<\/div>\n\t\t\t\t<div class=\"elementor-element elementor-element-51fa4425 elementor-widget__width-initial elementor-widget elementor-widget-heading\" data-id=\"51fa4425\" data-element_type=\"widget\" data-e-type=\"widget\" data-widget_type=\"heading.default\">\n\t\t\t\t\t<h2 class=\"elementor-heading-title elementor-size-default\">Circularhub ist intuitiv und effizient<\/h2>\t\t\t\t<\/div>\n\t\t\t\t<div class=\"elementor-element elementor-element-5c51e42f elementor-widget__width-initial elementor-widget elementor-widget-text-editor\" data-id=\"5c51e42f\" data-element_type=\"widget\" data-e-type=\"widget\" data-widget_type=\"text-editor.default\">\n\t\t\t\t\t\t\t\t\tDie Nutzung von CircularHub ist einfach und intuitiv und \u00e4hnelt der Erfahrung eines klassischen E-Commerce. Sie k\u00f6nnen ganz einfach durch verschiedene Kategorien von Leder und Stoffen bl\u00e4ttern und die Produkte nach Materialart, Herkunft, Preis, Verf\u00fcgbarkeit und mehr filtern. Jedes Produktblatt enth\u00e4lt klare Angaben \u00fcber die verf\u00fcgbare Menge und sorgt so f\u00fcr Transparenz und eine einfache Bestellabwicklung.    \t\t\t\t\t\t\t\t<\/div>\n\t\t\t\t<div class=\"elementor-element elementor-element-15442888 elementor-widget__width-initial elementor-widget elementor-widget-text-editor\" data-id=\"15442888\" data-element_type=\"widget\" data-e-type=\"widget\" data-widget_type=\"text-editor.default\">\n\t\t\t\t\t\t\t\t\tUm die Qualit\u00e4t und Sicherheit der Transaktionen zu gew\u00e4hrleisten, m\u00fcssen Sie ein zertifizierter K\u00e4ufer sein, um Eink\u00e4ufe zu t\u00e4tigen. Wenn Sie nicht <a href=\"https:\/\/spaziobed.it\/diventa-un-buyer\/\"><u>senden Sie Ihre Bewerbung<\/u><\/a> um unserer Gemeinschaft beizutreten. \t\t\t\t\t\t\t\t<\/div>\n\t\t\t\t<\/div>\n\t\t<div class=\"elementor-element elementor-element-125c20af e-con-full e-flex e-con e-child\" data-id=\"125c20af\" data-element_type=\"container\" data-e-type=\"container\">\n\t\t\t\t<div class=\"elementor-element elementor-element-47791d9 elementor-widget elementor-widget-image\" data-id=\"47791d9\" data-element_type=\"widget\" data-e-type=\"widget\" data-widget_type=\"image.default\">\n\t\t\t\t\t\t\t\t\t\t\t\t\t\t\t<img decoding=\"async\" src=\"https:\/\/spaziobed.it\/wp-content\/uploads\/2024\/07\/pexels-michael-burrows-7147968-small.jpg\" title=\"\" alt=\"\" loading=\"lazy\" \/>\t\t\t\t\t\t\t\t\t\t\t\t\t\t\t<\/div>\n\t\t\t\t<\/div>\n\t\t\t\t\t<\/div>\n\t\t\t\t<\/div>\n\t\t<div class=\"elementor-element elementor-element-2bf3028d e-flex e-con-boxed e-con e-parent\" data-id=\"2bf3028d\" data-element_type=\"container\" data-e-type=\"container\">\n\t\t\t\t\t<div class=\"e-con-inner\">\n\t\t<div class=\"elementor-element elementor-element-5ab68137 e-con-full e-flex e-con e-child\" data-id=\"5ab68137\" data-element_type=\"container\" data-e-type=\"container\">\n\t\t\t\t<div class=\"elementor-element elementor-element-127b8326 elementor-widget elementor-widget-image\" data-id=\"127b8326\" data-element_type=\"widget\" data-e-type=\"widget\" data-widget_type=\"image.default\">\n\t\t\t\t\t\t\t\t\t\t\t\t\t\t\t<img decoding=\"async\" src=\"https:\/\/spaziobed.it\/wp-content\/uploads\/2024\/07\/pexels-kseniachernaya-3965543-small.jpg\" title=\"\" alt=\"\" loading=\"lazy\" \/>\t\t\t\t\t\t\t\t\t\t\t\t\t\t\t<\/div>\n\t\t\t\t<\/div>\n\t\t<div class=\"elementor-element elementor-element-445649d1 e-con-full e-flex e-con e-child\" data-id=\"445649d1\" data-element_type=\"container\" data-e-type=\"container\">\n\t\t\t\t<div class=\"elementor-element elementor-element-1e6ab2ed elementor-widget__width-initial elementor-widget elementor-widget-heading\" data-id=\"1e6ab2ed\" data-element_type=\"widget\" data-e-type=\"widget\" data-widget_type=\"heading.default\">\n\t\t\t\t\t<h3 class=\"elementor-heading-title elementor-size-default\">Einfacher und sicherer Kaufprozess<\/h3>\t\t\t\t<\/div>\n\t\t\t\t<div class=\"elementor-element elementor-element-9488019 elementor-widget__width-initial elementor-widget elementor-widget-text-editor\" data-id=\"9488019\" data-element_type=\"widget\" data-e-type=\"widget\" data-widget_type=\"text-editor.default\">\n\t\t\t\t\t\t\t\t\tSobald Sie die Produkte ausgew\u00e4hlt haben, ist es ein Kinderspiel, sie in den Einkaufswagen zu legen. Unser Online-Zahlungssystem ist sicher und schnell, so dass Sie Ihre Eink\u00e4ufe mit nur wenigen Klicks abschlie\u00dfen k\u00f6nnen. Die Bestellungen werden dann direkt an Ihren registrierten oder betrieblichen Standort versandt, was eine schnelle und zuverl\u00e4ssige Lieferung gew\u00e4hrleistet.  \t\t\t\t\t\t\t\t<\/div>\n\t\t\t\t<div class=\"elementor-element elementor-element-48be21e elementor-widget__width-initial elementor-widget elementor-widget-text-editor\" data-id=\"48be21e\" data-element_type=\"widget\" data-e-type=\"widget\" data-widget_type=\"text-editor.default\">\n\t\t\t\t\t\t\t\t\tUnser Ziel ist es, das Einkaufserlebnis so reibungslos wie m\u00f6glich zu gestalten, damit Sie sich auf Kreativit\u00e4t und Innovation konzentrieren k\u00f6nnen, w\u00e4hrend wir uns um alles andere k\u00fcmmern. Kommen Sie zu uns und entdecken Sie, wie wir Ihnen helfen k\u00f6nnen, ungenutzte Materialien in wertvolle Ressourcen f\u00fcr Ihre neuen Modekreationen zu verwandeln. \t\t\t\t\t\t\t\t<\/div>\n\t\t\t\t<\/div>\n\t\t\t\t\t<\/div>\n\t\t\t\t<\/div>\n\t\t<div class=\"elementor-element elementor-element-3615f637 e-flex e-con-boxed e-con e-parent\" data-id=\"3615f637\" data-element_type=\"container\" data-e-type=\"container\">\n\t\t\t\t\t<div class=\"e-con-inner\">\n\t\t<div class=\"elementor-element elementor-element-e37c972 e-con-full e-grid e-con e-child\" data-id=\"e37c972\" data-element_type=\"container\" data-e-type=\"container\">\n\t\t<div class=\"elementor-element elementor-element-08e9170 e-con-full e-flex e-con e-child\" data-id=\"08e9170\" data-element_type=\"container\" data-e-type=\"container\">\n\t\t\t\t<div class=\"elementor-element elementor-element-da91b6b elementor-widget elementor-widget-heading\" data-id=\"da91b6b\" data-element_type=\"widget\" data-e-type=\"widget\" data-widget_type=\"heading.default\">\n\t\t\t\t\t<h4 class=\"elementor-heading-title elementor-size-default\">1. Materialien ausw\u00e4hlen<\/h4>\t\t\t\t<\/div>\n\t\t\t\t<div class=\"elementor-element elementor-element-7278500 elementor-widget elementor-widget-text-editor\" data-id=\"7278500\" data-element_type=\"widget\" data-e-type=\"widget\" data-widget_type=\"text-editor.default\">\n\t\t\t\t\t\t\t\t\tSt\u00f6bern Sie in einer gro\u00dfen Auswahl an Leder und Stoffen, die 24\/7 verf\u00fcgbar sind. Filtern Sie nach Kategorie, Herkunft und Preis, um genau das zu finden, was Sie brauchen. \n\n\t\t\t\t\t\t\t\t<\/div>\n\t\t\t\t<\/div>\n\t\t<div class=\"elementor-element elementor-element-52425a8 e-con-full e-flex e-con e-child\" data-id=\"52425a8\" data-element_type=\"container\" data-e-type=\"container\">\n\t\t\t\t<div class=\"elementor-element elementor-element-79dda9f elementor-widget elementor-widget-heading\" data-id=\"79dda9f\" data-element_type=\"widget\" data-e-type=\"widget\" data-widget_type=\"heading.default\">\n\t\t\t\t\t<h4 class=\"elementor-heading-title elementor-size-default\">2. Online kaufen<\/h4>\t\t\t\t<\/div>\n\t\t\t\t<div class=\"elementor-element elementor-element-22e5fff elementor-widget elementor-widget-text-editor\" data-id=\"22e5fff\" data-element_type=\"widget\" data-e-type=\"widget\" data-widget_type=\"text-editor.default\">\n\t\t\t\t\t\t\t\t\tW\u00e4hlen Sie Muster aus oder geben Sie die ben\u00f6tigte Quadratmeterzahl mit nur wenigen Klicks an. Unser sicheres Zahlungssystem garantiert ein reibungsloses und zuverl\u00e4ssiges Einkaufserlebnis. \t\t\t\t\t\t\t\t<\/div>\n\t\t\t\t<\/div>\n\t\t<div class=\"elementor-element elementor-element-1f01c38 e-con-full e-flex e-con e-child\" data-id=\"1f01c38\" data-element_type=\"container\" data-e-type=\"container\">\n\t\t\t\t<div class=\"elementor-element elementor-element-ab6ca55 elementor-widget elementor-widget-heading\" data-id=\"ab6ca55\" data-element_type=\"widget\" data-e-type=\"widget\" data-widget_type=\"heading.default\">\n\t\t\t\t\t<h4 class=\"elementor-heading-title elementor-size-default\">3. Schnelle Lieferung<\/h4>\t\t\t\t<\/div>\n\t\t\t\t<div class=\"elementor-element elementor-element-775dfb6 elementor-widget elementor-widget-text-editor\" data-id=\"775dfb6\" data-element_type=\"widget\" data-e-type=\"widget\" data-widget_type=\"text-editor.default\">\n\t\t\t\t\t\t\t\t\tSie erhalten Ihre Bestellung \u00fcberall in Italien direkt an Ihrem Firmensitz oder Ihrer Niederlassung. Wir garantieren einen schnellen und nachvollziehbaren Versand, damit Sie sich keine Sorgen machen m\u00fcssen. \n\n\n\n\n\n\n\t\t\t\t\t\t\t\t<\/div>\n\t\t\t\t<\/div>\n\t\t\t\t<\/div>\n\t\t\t\t\t<\/div>\n\t\t\t\t<\/div>\n\t\t<div class=\"elementor-element elementor-element-1e8824bc e-flex e-con-boxed e-con e-parent\" data-id=\"1e8824bc\" data-element_type=\"container\" data-e-type=\"container\">\n\t\t\t\t\t<div class=\"e-con-inner\">\n\t\t<div class=\"elementor-element elementor-element-5404f62d e-con-full e-flex e-con e-child\" data-id=\"5404f62d\" data-element_type=\"container\" data-e-type=\"container\">\n\t\t\t\t<\/div>\n\t\t\t\t\t<\/div>\n\t\t\t\t<\/div>\n\t\t\t\t<\/div>\n\t\t","protected":false},"excerpt":{"rendered":"<p>Circularhub ist intuitiv und effizient Die Nutzung von CircularHub ist einfach und intuitiv und \u00e4hnelt der Erfahrung eines klassischen E-Commerce. [&hellip;]<\/p>\n","protected":false},"author":4,"featured_media":25655,"parent":0,"menu_order":0,"comment_status":"closed","ping_status":"closed","template":"","meta":{"_acf_changed":false,"site-sidebar-layout":"default","site-content-layout":"","ast-site-content-layout":"default","site-content-style":"default","site-sidebar-style":"default","ast-global-header-display":"","ast-banner-title-visibility":"","ast-main-header-display":"","ast-hfb-above-header-display":"","ast-hfb-below-header-display":"","ast-hfb-mobile-header-display":"","site-post-title":"","ast-breadcrumbs-content":"","ast-featured-img":"","footer-sml-layout":"","ast-disable-related-posts":"","theme-transparent-header-meta":"default","adv-header-id-meta":"","stick-header-meta":"","header-above-stick-meta":"","header-main-stick-meta":"","header-below-stick-meta":"","astra-migrate-meta-layouts":"default","ast-page-background-enabled":"default","ast-page-background-meta":{"desktop":{"background-color":"var(--ast-global-color-5)","background-image":"","background-repeat":"repeat","background-position":"center center","background-size":"auto","background-attachment":"scroll","background-type":"","background-media":"","overlay-type":"","overlay-color":"","overlay-opacity":"","overlay-gradient":""},"tablet":{"background-color":"","background-image":"","background-repeat":"repeat","background-position":"center center","background-size":"auto","background-attachment":"scroll","background-type":"","background-media":"","overlay-type":"","overlay-color":"","overlay-opacity":"","overlay-gradient":""},"mobile":{"background-color":"","background-image":"","background-repeat":"repeat","background-position":"center center","background-size":"auto","background-attachment":"scroll","background-type":"","background-media":"","overlay-type":"","overlay-color":"","overlay-opacity":"","overlay-gradient":""}},"ast-content-background-meta":{"desktop":{"background-color":"var(--ast-global-color-4)","background-image":"","background-repeat":"repeat","background-position":"center center","background-size":"auto","background-attachment":"scroll","background-type":"","background-media":"","overlay-type":"","overlay-color":"","overlay-opacity":"","overlay-gradient":""},"tablet":{"background-color":"var(--ast-global-color-4)","background-image":"","background-repeat":"repeat","background-position":"center center","background-size":"auto","background-attachment":"scroll","background-type":"","background-media":"","overlay-type":"","overlay-color":"","overlay-opacity":"","overlay-gradient":""},"mobile":{"background-color":"var(--ast-global-color-4)","background-image":"","background-repeat":"repeat","background-position":"center center","background-size":"auto","background-attachment":"scroll","background-type":"","background-media":"","overlay-type":"","overlay-color":"","overlay-opacity":"","overlay-gradient":""}},"footnotes":""},"class_list":["post-26608","page","type-page","status-publish","has-post-thumbnail","hentry"],"acf":[],"yoast_head":"<!-- This site is optimized with the Yoast SEO plugin v27.1.1 - https:\/\/yoast.com\/product\/yoast-seo-wordpress\/ -->\n<title>Wie wir arbeiten - Spaziobed by Cinius<\/title>\n<meta name=\"robots\" content=\"index, follow, max-snippet:-1, max-image-preview:large, max-video-preview:-1\" \/>\n<link rel=\"canonical\" href=\"https:\/\/spaziobed.it\/de\/wie-wir-arbeiten\/\" \/>\n<meta property=\"og:locale\" content=\"de_DE\" \/>\n<meta property=\"og:type\" content=\"article\" \/>\n<meta property=\"og:title\" content=\"Wie wir arbeiten - Spaziobed by Cinius\" \/>\n<meta property=\"og:description\" content=\"Circularhub ist intuitiv und effizient Die Nutzung von CircularHub ist einfach und intuitiv und \u00e4hnelt der Erfahrung eines klassischen E-Commerce. [&hellip;]\" \/>\n<meta property=\"og:url\" content=\"https:\/\/spaziobed.it\/de\/wie-wir-arbeiten\/\" \/>\n<meta property=\"og:site_name\" content=\"Spaziobed by Cinius\" \/>\n<meta property=\"article:publisher\" content=\"https:\/\/www.facebook.com\/CINIUS.ARREDAMENTI\/\" \/>\n<meta property=\"article:modified_time\" content=\"2026-02-16T10:56:04+00:00\" \/>\n<meta property=\"og:image\" content=\"https:\/\/spaziobed.it\/wp-content\/uploads\/2025\/12\/spaziobed-letto-come-lavoriamo-head.webp\" \/>\n\t<meta property=\"og:image:width\" content=\"1010\" \/>\n\t<meta property=\"og:image:height\" content=\"700\" \/>\n\t<meta property=\"og:image:type\" content=\"image\/webp\" \/>\n<meta name=\"twitter:card\" content=\"summary_large_image\" \/>\n<meta name=\"twitter:site\" content=\"@Cinius\" \/>\n<script type=\"application\/ld+json\" class=\"yoast-schema-graph\">{\"@context\":\"https:\/\/schema.org\",\"@graph\":[{\"@type\":\"WebPage\",\"@id\":\"https:\/\/spaziobed.it\/de\/wie-wir-arbeiten\/\",\"url\":\"https:\/\/spaziobed.it\/de\/wie-wir-arbeiten\/\",\"name\":\"Wie wir arbeiten - Spaziobed by Cinius\",\"isPartOf\":{\"@id\":\"https:\/\/spaziobed.it\/de\/#website\"},\"primaryImageOfPage\":{\"@id\":\"https:\/\/spaziobed.it\/de\/wie-wir-arbeiten\/#primaryimage\"},\"image\":{\"@id\":\"https:\/\/spaziobed.it\/de\/wie-wir-arbeiten\/#primaryimage\"},\"thumbnailUrl\":\"https:\/\/spaziobed.it\/wp-content\/uploads\/2025\/12\/spaziobed-letto-come-lavoriamo-head.webp\",\"datePublished\":\"2023-10-23T09:45:29+00:00\",\"dateModified\":\"2026-02-16T10:56:04+00:00\",\"breadcrumb\":{\"@id\":\"https:\/\/spaziobed.it\/de\/wie-wir-arbeiten\/#breadcrumb\"},\"inLanguage\":\"de\",\"potentialAction\":[{\"@type\":\"ReadAction\",\"target\":[\"https:\/\/spaziobed.it\/de\/wie-wir-arbeiten\/\"]}]},{\"@type\":\"ImageObject\",\"inLanguage\":\"de\",\"@id\":\"https:\/\/spaziobed.it\/de\/wie-wir-arbeiten\/#primaryimage\",\"url\":\"https:\/\/spaziobed.it\/wp-content\/uploads\/2025\/12\/spaziobed-letto-come-lavoriamo-head.webp\",\"contentUrl\":\"https:\/\/spaziobed.it\/wp-content\/uploads\/2025\/12\/spaziobed-letto-come-lavoriamo-head.webp\",\"width\":1010,\"height\":700,\"caption\":\"spaziobed\"},{\"@type\":\"BreadcrumbList\",\"@id\":\"https:\/\/spaziobed.it\/de\/wie-wir-arbeiten\/#breadcrumb\",\"itemListElement\":[{\"@type\":\"ListItem\",\"position\":1,\"name\":\"Startseite\",\"item\":\"https:\/\/spaziobed.it\/de\/spaziobed\/\"},{\"@type\":\"ListItem\",\"position\":2,\"name\":\"Wie wir arbeiten\"}]},{\"@type\":\"WebSite\",\"@id\":\"https:\/\/spaziobed.it\/de\/#website\",\"url\":\"https:\/\/spaziobed.it\/de\/\",\"name\":\"Spaziobed by Cinius\",\"description\":\"Das SpazioBed von Cinius ist eine au\u00dfergew\u00f6hnliche, platzsparende Schlafzimmerl\u00f6sung. Die aus Massivholz gefertigten Betten werden individuell angepasst und erf\u00fcllen die Bed\u00fcrfnisse von Erwachsenen, Kindern und Jugendlichen.\",\"publisher\":{\"@id\":\"https:\/\/spaziobed.it\/de\/#organization\"},\"alternateName\":\"SpazioBed\",\"potentialAction\":[{\"@type\":\"SearchAction\",\"target\":{\"@type\":\"EntryPoint\",\"urlTemplate\":\"https:\/\/spaziobed.it\/de\/?s={search_term_string}\"},\"query-input\":{\"@type\":\"PropertyValueSpecification\",\"valueRequired\":true,\"valueName\":\"search_term_string\"}}],\"inLanguage\":\"de\"},{\"@type\":\"Organization\",\"@id\":\"https:\/\/spaziobed.it\/de\/#organization\",\"name\":\"SpazioBed by Cinius\",\"alternateName\":\"SpazioBed\",\"url\":\"https:\/\/spaziobed.it\/de\/\",\"logo\":{\"@type\":\"ImageObject\",\"inLanguage\":\"de\",\"@id\":\"https:\/\/spaziobed.it\/de\/#\/schema\/logo\/image\/\",\"url\":\"https:\/\/spaziobed.it\/wp-content\/uploads\/2024\/08\/spaziobed-logo-1.jpg\",\"contentUrl\":\"https:\/\/spaziobed.it\/wp-content\/uploads\/2024\/08\/spaziobed-logo-1.jpg\",\"width\":248,\"height\":89,\"caption\":\"SpazioBed by Cinius\"},\"image\":{\"@id\":\"https:\/\/spaziobed.it\/de\/#\/schema\/logo\/image\/\"},\"sameAs\":[\"https:\/\/www.facebook.com\/CINIUS.ARREDAMENTI\/\",\"https:\/\/x.com\/Cinius\",\"https:\/\/www.instagram.com\/ciniusarredamento\/\"]}]}<\/script>\n<!-- \/ Yoast SEO plugin. -->","yoast_head_json":{"title":"Wie wir arbeiten - Spaziobed by Cinius","robots":{"index":"index","follow":"follow","max-snippet":"max-snippet:-1","max-image-preview":"max-image-preview:large","max-video-preview":"max-video-preview:-1"},"canonical":"https:\/\/spaziobed.it\/de\/wie-wir-arbeiten\/","og_locale":"de_DE","og_type":"article","og_title":"Wie wir arbeiten - Spaziobed by Cinius","og_description":"Circularhub ist intuitiv und effizient Die Nutzung von CircularHub ist einfach und intuitiv und \u00e4hnelt der Erfahrung eines klassischen E-Commerce. [&hellip;]","og_url":"https:\/\/spaziobed.it\/de\/wie-wir-arbeiten\/","og_site_name":"Spaziobed by Cinius","article_publisher":"https:\/\/www.facebook.com\/CINIUS.ARREDAMENTI\/","article_modified_time":"2026-02-16T10:56:04+00:00","og_image":[{"width":1010,"height":700,"url":"https:\/\/spaziobed.it\/wp-content\/uploads\/2025\/12\/spaziobed-letto-come-lavoriamo-head.webp","type":"image\/webp"}],"twitter_card":"summary_large_image","twitter_site":"@Cinius","schema":{"@context":"https:\/\/schema.org","@graph":[{"@type":"WebPage","@id":"https:\/\/spaziobed.it\/de\/wie-wir-arbeiten\/","url":"https:\/\/spaziobed.it\/de\/wie-wir-arbeiten\/","name":"Wie wir arbeiten - Spaziobed by Cinius","isPartOf":{"@id":"https:\/\/spaziobed.it\/de\/#website"},"primaryImageOfPage":{"@id":"https:\/\/spaziobed.it\/de\/wie-wir-arbeiten\/#primaryimage"},"image":{"@id":"https:\/\/spaziobed.it\/de\/wie-wir-arbeiten\/#primaryimage"},"thumbnailUrl":"https:\/\/spaziobed.it\/wp-content\/uploads\/2025\/12\/spaziobed-letto-come-lavoriamo-head.webp","datePublished":"2023-10-23T09:45:29+00:00","dateModified":"2026-02-16T10:56:04+00:00","breadcrumb":{"@id":"https:\/\/spaziobed.it\/de\/wie-wir-arbeiten\/#breadcrumb"},"inLanguage":"de","potentialAction":[{"@type":"ReadAction","target":["https:\/\/spaziobed.it\/de\/wie-wir-arbeiten\/"]}]},{"@type":"ImageObject","inLanguage":"de","@id":"https:\/\/spaziobed.it\/de\/wie-wir-arbeiten\/#primaryimage","url":"https:\/\/spaziobed.it\/wp-content\/uploads\/2025\/12\/spaziobed-letto-come-lavoriamo-head.webp","contentUrl":"https:\/\/spaziobed.it\/wp-content\/uploads\/2025\/12\/spaziobed-letto-come-lavoriamo-head.webp","width":1010,"height":700,"caption":"spaziobed"},{"@type":"BreadcrumbList","@id":"https:\/\/spaziobed.it\/de\/wie-wir-arbeiten\/#breadcrumb","itemListElement":[{"@type":"ListItem","position":1,"name":"Startseite","item":"https:\/\/spaziobed.it\/de\/spaziobed\/"},{"@type":"ListItem","position":2,"name":"Wie wir arbeiten"}]},{"@type":"WebSite","@id":"https:\/\/spaziobed.it\/de\/#website","url":"https:\/\/spaziobed.it\/de\/","name":"Spaziobed by Cinius","description":"Das SpazioBed von Cinius ist eine au\u00dfergew\u00f6hnliche, platzsparende Schlafzimmerl\u00f6sung. Die aus Massivholz gefertigten Betten werden individuell angepasst und erf\u00fcllen die Bed\u00fcrfnisse von Erwachsenen, Kindern und Jugendlichen.","publisher":{"@id":"https:\/\/spaziobed.it\/de\/#organization"},"alternateName":"SpazioBed","potentialAction":[{"@type":"SearchAction","target":{"@type":"EntryPoint","urlTemplate":"https:\/\/spaziobed.it\/de\/?s={search_term_string}"},"query-input":{"@type":"PropertyValueSpecification","valueRequired":true,"valueName":"search_term_string"}}],"inLanguage":"de"},{"@type":"Organization","@id":"https:\/\/spaziobed.it\/de\/#organization","name":"SpazioBed by Cinius","alternateName":"SpazioBed","url":"https:\/\/spaziobed.it\/de\/","logo":{"@type":"ImageObject","inLanguage":"de","@id":"https:\/\/spaziobed.it\/de\/#\/schema\/logo\/image\/","url":"https:\/\/spaziobed.it\/wp-content\/uploads\/2024\/08\/spaziobed-logo-1.jpg","contentUrl":"https:\/\/spaziobed.it\/wp-content\/uploads\/2024\/08\/spaziobed-logo-1.jpg","width":248,"height":89,"caption":"SpazioBed by Cinius"},"image":{"@id":"https:\/\/spaziobed.it\/de\/#\/schema\/logo\/image\/"},"sameAs":["https:\/\/www.facebook.com\/CINIUS.ARREDAMENTI\/","https:\/\/x.com\/Cinius","https:\/\/www.instagram.com\/ciniusarredamento\/"]}]}},"_links":{"self":[{"href":"https:\/\/spaziobed.it\/de\/wp-json\/wp\/v2\/pages\/26608","targetHints":{"allow":["GET"]}}],"collection":[{"href":"https:\/\/spaziobed.it\/de\/wp-json\/wp\/v2\/pages"}],"about":[{"href":"https:\/\/spaziobed.it\/de\/wp-json\/wp\/v2\/types\/page"}],"author":[{"embeddable":true,"href":"https:\/\/spaziobed.it\/de\/wp-json\/wp\/v2\/users\/4"}],"replies":[{"embeddable":true,"href":"https:\/\/spaziobed.it\/de\/wp-json\/wp\/v2\/comments?post=26608"}],"version-history":[{"count":1,"href":"https:\/\/spaziobed.it\/de\/wp-json\/wp\/v2\/pages\/26608\/revisions"}],"predecessor-version":[{"id":26609,"href":"https:\/\/spaziobed.it\/de\/wp-json\/wp\/v2\/pages\/26608\/revisions\/26609"}],"wp:featuredmedia":[{"embeddable":true,"href":"https:\/\/spaziobed.it\/de\/wp-json\/wp\/v2\/media\/25655"}],"wp:attachment":[{"href":"https:\/\/spaziobed.it\/de\/wp-json\/wp\/v2\/media?parent=26608"}],"curies":[{"name":"wp","href":"https:\/\/api.w.org\/{rel}","templated":true}]}}