{"id":26614,"date":"2024-08-24T17:17:46","date_gmt":"2024-08-24T15:17:46","guid":{"rendered":"https:\/\/spaziobed.it\/nachhaltigkeit\/"},"modified":"2026-03-10T13:46:33","modified_gmt":"2026-03-10T12:46:33","slug":"nachhaltigkeit","status":"publish","type":"page","link":"https:\/\/spaziobed.it\/de\/nachhaltigkeit\/","title":{"rendered":"Nachhaltigkeit"},"content":{"rendered":"","protected":false},"excerpt":{"rendered":"","protected":false},"author":4,"featured_media":25644,"parent":0,"menu_order":0,"comment_status":"closed","ping_status":"closed","template":"","meta":{"_acf_changed":false,"site-sidebar-layout":"default","site-content-layout":"","ast-site-content-layout":"default","site-content-style":"default","site-sidebar-style":"default","ast-global-header-display":"","ast-banner-title-visibility":"","ast-main-header-display":"","ast-hfb-above-header-display":"","ast-hfb-below-header-display":"","ast-hfb-mobile-header-display":"","site-post-title":"","ast-breadcrumbs-content":"","ast-featured-img":"","footer-sml-layout":"","ast-disable-related-posts":"","theme-transparent-header-meta":"default","adv-header-id-meta":"","stick-header-meta":"","header-above-stick-meta":"","header-main-stick-meta":"","header-below-stick-meta":"","astra-migrate-meta-layouts":"default","ast-page-background-enabled":"default","ast-page-background-meta":{"desktop":{"background-color":"var(--ast-global-color-5)","background-image":"","background-repeat":"repeat","background-position":"center center","background-size":"auto","background-attachment":"scroll","background-type":"","background-media":"","overlay-type":"","overlay-color":"","overlay-opacity":"","overlay-gradient":""},"tablet":{"background-color":"","background-image":"","background-repeat":"repeat","background-position":"center center","background-size":"auto","background-attachment":"scroll","background-type":"","background-media":"","overlay-type":"","overlay-color":"","overlay-opacity":"","overlay-gradient":""},"mobile":{"background-color":"","background-image":"","background-repeat":"repeat","background-position":"center center","background-size":"auto","background-attachment":"scroll","background-type":"","background-media":"","overlay-type":"","overlay-color":"","overlay-opacity":"","overlay-gradient":""}},"ast-content-background-meta":{"desktop":{"background-color":"var(--ast-global-color-4)","background-image":"","background-repeat":"repeat","background-position":"center center","background-size":"auto","background-attachment":"scroll","background-type":"","background-media":"","overlay-type":"","overlay-color":"","overlay-opacity":"","overlay-gradient":""},"tablet":{"background-color":"var(--ast-global-color-4)","background-image":"","background-repeat":"repeat","background-position":"center center","background-size":"auto","background-attachment":"scroll","background-type":"","background-media":"","overlay-type":"","overlay-color":"","overlay-opacity":"","overlay-gradient":""},"mobile":{"background-color":"var(--ast-global-color-4)","background-image":"","background-repeat":"repeat","background-position":"center center","background-size":"auto","background-attachment":"scroll","background-type":"","background-media":"","overlay-type":"","overlay-color":"","overlay-opacity":"","overlay-gradient":""}},"footnotes":""},"class_list":["post-26614","page","type-page","status-publish","has-post-thumbnail","hentry"],"acf":[],"yoast_head":"<!-- This site is optimized with the Yoast SEO plugin v27.1.1 - https:\/\/yoast.com\/product\/yoast-seo-wordpress\/ -->\n<title>Der Weg zur Nachhaltigkeit<\/title>\n<meta name=\"description\" content=\"Holz ist ein kostbarer Werkstoff. Wir verwenden ausschlie\u00dflich langlebige Materialien, um Ihnen ein Qualit\u00e4tsprodukt zu bieten, das \u00fcber Jahre hinweg best\u00e4ndig bleibt.\" \/>\n<meta name=\"robots\" content=\"index, follow, max-snippet:-1, max-image-preview:large, max-video-preview:-1\" \/>\n<link rel=\"canonical\" href=\"https:\/\/spaziobed.it\/de\/nachhaltigkeit\/\" \/>\n<meta property=\"og:locale\" content=\"de_DE\" \/>\n<meta property=\"og:type\" content=\"article\" \/>\n<meta property=\"og:title\" content=\"Der Weg zur Nachhaltigkeit\" \/>\n<meta property=\"og:description\" content=\"Holz ist ein kostbarer Werkstoff. Wir verwenden ausschlie\u00dflich langlebige Materialien, um Ihnen ein Qualit\u00e4tsprodukt zu bieten, das \u00fcber Jahre hinweg best\u00e4ndig bleibt.\" \/>\n<meta property=\"og:url\" content=\"https:\/\/spaziobed.it\/de\/nachhaltigkeit\/\" \/>\n<meta property=\"og:site_name\" content=\"Spaziobed by Cinius\" \/>\n<meta property=\"article:publisher\" content=\"https:\/\/www.facebook.com\/CINIUS.ARREDAMENTI\/\" \/>\n<meta property=\"article:modified_time\" content=\"2026-03-10T12:46:33+00:00\" \/>\n<meta property=\"og:image\" content=\"https:\/\/spaziobed.it\/wp-content\/uploads\/2025\/12\/spaziobed-letto-sostenibilita.webp\" \/>\n\t<meta property=\"og:image:width\" content=\"1111\" \/>\n\t<meta property=\"og:image:height\" content=\"770\" \/>\n\t<meta property=\"og:image:type\" content=\"image\/webp\" \/>\n<meta name=\"twitter:card\" content=\"summary_large_image\" \/>\n<meta name=\"twitter:title\" content=\"Der Weg zur Nachhaltigkeit\" \/>\n<meta name=\"twitter:description\" content=\"Holz ist ein kostbarer Werkstoff. Wir verwenden ausschlie\u00dflich langlebige Materialien, um Ihnen ein Qualit\u00e4tsprodukt zu bieten, das \u00fcber Jahre hinweg best\u00e4ndig bleibt.\" \/>\n<meta name=\"twitter:site\" content=\"@Cinius\" \/>\n<script type=\"application\/ld+json\" class=\"yoast-schema-graph\">{\"@context\":\"https:\/\/schema.org\",\"@graph\":[{\"@type\":\"WebPage\",\"@id\":\"https:\/\/spaziobed.it\/de\/nachhaltigkeit\/\",\"url\":\"https:\/\/spaziobed.it\/de\/nachhaltigkeit\/\",\"name\":\"Der Weg zur Nachhaltigkeit\",\"isPartOf\":{\"@id\":\"https:\/\/spaziobed.it\/de\/#website\"},\"primaryImageOfPage\":{\"@id\":\"https:\/\/spaziobed.it\/de\/nachhaltigkeit\/#primaryimage\"},\"image\":{\"@id\":\"https:\/\/spaziobed.it\/de\/nachhaltigkeit\/#primaryimage\"},\"thumbnailUrl\":\"https:\/\/spaziobed.it\/wp-content\/uploads\/2025\/12\/spaziobed-letto-sostenibilita.webp\",\"datePublished\":\"2024-08-24T15:17:46+00:00\",\"dateModified\":\"2026-03-10T12:46:33+00:00\",\"description\":\"Holz ist ein kostbarer Werkstoff. Wir verwenden ausschlie\u00dflich langlebige Materialien, um Ihnen ein Qualit\u00e4tsprodukt zu bieten, das \u00fcber Jahre hinweg best\u00e4ndig bleibt.\",\"breadcrumb\":{\"@id\":\"https:\/\/spaziobed.it\/de\/nachhaltigkeit\/#breadcrumb\"},\"inLanguage\":\"de\",\"potentialAction\":[{\"@type\":\"ReadAction\",\"target\":[\"https:\/\/spaziobed.it\/de\/nachhaltigkeit\/\"]}]},{\"@type\":\"ImageObject\",\"inLanguage\":\"de\",\"@id\":\"https:\/\/spaziobed.it\/de\/nachhaltigkeit\/#primaryimage\",\"url\":\"https:\/\/spaziobed.it\/wp-content\/uploads\/2025\/12\/spaziobed-letto-sostenibilita.webp\",\"contentUrl\":\"https:\/\/spaziobed.it\/wp-content\/uploads\/2025\/12\/spaziobed-letto-sostenibilita.webp\",\"width\":1111,\"height\":770,\"caption\":\"Nachhaltigkeit spaziobed\"},{\"@type\":\"BreadcrumbList\",\"@id\":\"https:\/\/spaziobed.it\/de\/nachhaltigkeit\/#breadcrumb\",\"itemListElement\":[{\"@type\":\"ListItem\",\"position\":1,\"name\":\"Startseite\",\"item\":\"https:\/\/spaziobed.it\/de\/spaziobed\/\"},{\"@type\":\"ListItem\",\"position\":2,\"name\":\"Nachhaltigkeit\"}]},{\"@type\":\"WebSite\",\"@id\":\"https:\/\/spaziobed.it\/de\/#website\",\"url\":\"https:\/\/spaziobed.it\/de\/\",\"name\":\"Spaziobed by Cinius\",\"description\":\"Das SpazioBed von Cinius ist eine au\u00dfergew\u00f6hnliche, platzsparende Schlafzimmerl\u00f6sung. Die aus Massivholz gefertigten Betten werden individuell angepasst und erf\u00fcllen die Bed\u00fcrfnisse von Erwachsenen, Kindern und Jugendlichen.\",\"publisher\":{\"@id\":\"https:\/\/spaziobed.it\/de\/#organization\"},\"alternateName\":\"SpazioBed\",\"potentialAction\":[{\"@type\":\"SearchAction\",\"target\":{\"@type\":\"EntryPoint\",\"urlTemplate\":\"https:\/\/spaziobed.it\/de\/?s={search_term_string}\"},\"query-input\":{\"@type\":\"PropertyValueSpecification\",\"valueRequired\":true,\"valueName\":\"search_term_string\"}}],\"inLanguage\":\"de\"},{\"@type\":\"Organization\",\"@id\":\"https:\/\/spaziobed.it\/de\/#organization\",\"name\":\"SpazioBed by Cinius\",\"alternateName\":\"SpazioBed\",\"url\":\"https:\/\/spaziobed.it\/de\/\",\"logo\":{\"@type\":\"ImageObject\",\"inLanguage\":\"de\",\"@id\":\"https:\/\/spaziobed.it\/de\/#\/schema\/logo\/image\/\",\"url\":\"https:\/\/spaziobed.it\/wp-content\/uploads\/2024\/08\/spaziobed-logo-1.jpg\",\"contentUrl\":\"https:\/\/spaziobed.it\/wp-content\/uploads\/2024\/08\/spaziobed-logo-1.jpg\",\"width\":248,\"height\":89,\"caption\":\"SpazioBed by Cinius\"},\"image\":{\"@id\":\"https:\/\/spaziobed.it\/de\/#\/schema\/logo\/image\/\"},\"sameAs\":[\"https:\/\/www.facebook.com\/CINIUS.ARREDAMENTI\/\",\"https:\/\/x.com\/Cinius\",\"https:\/\/www.instagram.com\/ciniusarredamento\/\"]}]}<\/script>\n<!-- \/ Yoast SEO plugin. -->","yoast_head_json":{"title":"Der Weg zur Nachhaltigkeit","description":"Holz ist ein kostbarer Werkstoff. Wir verwenden ausschlie\u00dflich langlebige Materialien, um Ihnen ein Qualit\u00e4tsprodukt zu bieten, das \u00fcber Jahre hinweg best\u00e4ndig bleibt.","robots":{"index":"index","follow":"follow","max-snippet":"max-snippet:-1","max-image-preview":"max-image-preview:large","max-video-preview":"max-video-preview:-1"},"canonical":"https:\/\/spaziobed.it\/de\/nachhaltigkeit\/","og_locale":"de_DE","og_type":"article","og_title":"Der Weg zur Nachhaltigkeit","og_description":"Holz ist ein kostbarer Werkstoff. Wir verwenden ausschlie\u00dflich langlebige Materialien, um Ihnen ein Qualit\u00e4tsprodukt zu bieten, das \u00fcber Jahre hinweg best\u00e4ndig bleibt.","og_url":"https:\/\/spaziobed.it\/de\/nachhaltigkeit\/","og_site_name":"Spaziobed by Cinius","article_publisher":"https:\/\/www.facebook.com\/CINIUS.ARREDAMENTI\/","article_modified_time":"2026-03-10T12:46:33+00:00","og_image":[{"width":1111,"height":770,"url":"https:\/\/spaziobed.it\/wp-content\/uploads\/2025\/12\/spaziobed-letto-sostenibilita.webp","type":"image\/webp"}],"twitter_card":"summary_large_image","twitter_title":"Der Weg zur Nachhaltigkeit","twitter_description":"Holz ist ein kostbarer Werkstoff. Wir verwenden ausschlie\u00dflich langlebige Materialien, um Ihnen ein Qualit\u00e4tsprodukt zu bieten, das \u00fcber Jahre hinweg best\u00e4ndig bleibt.","twitter_site":"@Cinius","schema":{"@context":"https:\/\/schema.org","@graph":[{"@type":"WebPage","@id":"https:\/\/spaziobed.it\/de\/nachhaltigkeit\/","url":"https:\/\/spaziobed.it\/de\/nachhaltigkeit\/","name":"Der Weg zur Nachhaltigkeit","isPartOf":{"@id":"https:\/\/spaziobed.it\/de\/#website"},"primaryImageOfPage":{"@id":"https:\/\/spaziobed.it\/de\/nachhaltigkeit\/#primaryimage"},"image":{"@id":"https:\/\/spaziobed.it\/de\/nachhaltigkeit\/#primaryimage"},"thumbnailUrl":"https:\/\/spaziobed.it\/wp-content\/uploads\/2025\/12\/spaziobed-letto-sostenibilita.webp","datePublished":"2024-08-24T15:17:46+00:00","dateModified":"2026-03-10T12:46:33+00:00","description":"Holz ist ein kostbarer Werkstoff. Wir verwenden ausschlie\u00dflich langlebige Materialien, um Ihnen ein Qualit\u00e4tsprodukt zu bieten, das \u00fcber Jahre hinweg best\u00e4ndig bleibt.","breadcrumb":{"@id":"https:\/\/spaziobed.it\/de\/nachhaltigkeit\/#breadcrumb"},"inLanguage":"de","potentialAction":[{"@type":"ReadAction","target":["https:\/\/spaziobed.it\/de\/nachhaltigkeit\/"]}]},{"@type":"ImageObject","inLanguage":"de","@id":"https:\/\/spaziobed.it\/de\/nachhaltigkeit\/#primaryimage","url":"https:\/\/spaziobed.it\/wp-content\/uploads\/2025\/12\/spaziobed-letto-sostenibilita.webp","contentUrl":"https:\/\/spaziobed.it\/wp-content\/uploads\/2025\/12\/spaziobed-letto-sostenibilita.webp","width":1111,"height":770,"caption":"Nachhaltigkeit spaziobed"},{"@type":"BreadcrumbList","@id":"https:\/\/spaziobed.it\/de\/nachhaltigkeit\/#breadcrumb","itemListElement":[{"@type":"ListItem","position":1,"name":"Startseite","item":"https:\/\/spaziobed.it\/de\/spaziobed\/"},{"@type":"ListItem","position":2,"name":"Nachhaltigkeit"}]},{"@type":"WebSite","@id":"https:\/\/spaziobed.it\/de\/#website","url":"https:\/\/spaziobed.it\/de\/","name":"Spaziobed by Cinius","description":"Das SpazioBed von Cinius ist eine au\u00dfergew\u00f6hnliche, platzsparende Schlafzimmerl\u00f6sung. Die aus Massivholz gefertigten Betten werden individuell angepasst und erf\u00fcllen die Bed\u00fcrfnisse von Erwachsenen, Kindern und Jugendlichen.","publisher":{"@id":"https:\/\/spaziobed.it\/de\/#organization"},"alternateName":"SpazioBed","potentialAction":[{"@type":"SearchAction","target":{"@type":"EntryPoint","urlTemplate":"https:\/\/spaziobed.it\/de\/?s={search_term_string}"},"query-input":{"@type":"PropertyValueSpecification","valueRequired":true,"valueName":"search_term_string"}}],"inLanguage":"de"},{"@type":"Organization","@id":"https:\/\/spaziobed.it\/de\/#organization","name":"SpazioBed by Cinius","alternateName":"SpazioBed","url":"https:\/\/spaziobed.it\/de\/","logo":{"@type":"ImageObject","inLanguage":"de","@id":"https:\/\/spaziobed.it\/de\/#\/schema\/logo\/image\/","url":"https:\/\/spaziobed.it\/wp-content\/uploads\/2024\/08\/spaziobed-logo-1.jpg","contentUrl":"https:\/\/spaziobed.it\/wp-content\/uploads\/2024\/08\/spaziobed-logo-1.jpg","width":248,"height":89,"caption":"SpazioBed by Cinius"},"image":{"@id":"https:\/\/spaziobed.it\/de\/#\/schema\/logo\/image\/"},"sameAs":["https:\/\/www.facebook.com\/CINIUS.ARREDAMENTI\/","https:\/\/x.com\/Cinius","https:\/\/www.instagram.com\/ciniusarredamento\/"]}]}},"_links":{"self":[{"href":"https:\/\/spaziobed.it\/de\/wp-json\/wp\/v2\/pages\/26614","targetHints":{"allow":["GET"]}}],"collection":[{"href":"https:\/\/spaziobed.it\/de\/wp-json\/wp\/v2\/pages"}],"about":[{"href":"https:\/\/spaziobed.it\/de\/wp-json\/wp\/v2\/types\/page"}],"author":[{"embeddable":true,"href":"https:\/\/spaziobed.it\/de\/wp-json\/wp\/v2\/users\/4"}],"replies":[{"embeddable":true,"href":"https:\/\/spaziobed.it\/de\/wp-json\/wp\/v2\/comments?post=26614"}],"version-history":[{"count":1,"href":"https:\/\/spaziobed.it\/de\/wp-json\/wp\/v2\/pages\/26614\/revisions"}],"predecessor-version":[{"id":26741,"href":"https:\/\/spaziobed.it\/de\/wp-json\/wp\/v2\/pages\/26614\/revisions\/26741"}],"wp:featuredmedia":[{"embeddable":true,"href":"https:\/\/spaziobed.it\/de\/wp-json\/wp\/v2\/media\/25644"}],"wp:attachment":[{"href":"https:\/\/spaziobed.it\/de\/wp-json\/wp\/v2\/media?parent=26614"}],"curies":[{"name":"wp","href":"https:\/\/api.w.org\/{rel}","templated":true}]}}