{"id":25991,"date":"2025-12-12T14:33:37","date_gmt":"2025-12-12T13:33:37","guid":{"rendered":"https:\/\/spaziobed.it\/prodotti\/fid-hochbett-mit-buecherregal\/"},"modified":"2026-03-03T18:28:37","modified_gmt":"2026-03-03T17:28:37","slug":"fid-hochbett-mit-buecherregal","status":"publish","type":"product","link":"https:\/\/spaziobed.it\/de\/produkte\/fid-hochbett-mit-buecherregal\/","title":{"rendered":"Fido Hochbett mit B\u00fccherregal"},"content":{"rendered":"<p>Zusammensetzung der Zimmer:<\/p>\n<ul>\n<li><strong>2-st\u00f6ckiges B\u00fccherregal<\/strong><\/li>\n<li><strong>Seitenschrank mit T\u00fcren<\/strong><\/li>\n<li><strong>Platz f\u00fcr Haustiere:<\/strong> Eines der besonderen Merkmale des Spaziobed P ist der Bereich f\u00fcr Ihre vierbeinigen Freunde. Der Seitenschrank kann so konfiguriert werden, dass er einen bequemen Unterschlupf f\u00fcr Haustiere enth\u00e4lt, komplett mit Kissen und Zubeh\u00f6r f\u00fcr deren Komfort. Dieser Bereich bietet einen sicheren und gem\u00fctlichen Unterschlupf f\u00fcr Hunde, Katzen oder andere kleine Haustiere.  <\/li>\n<\/ul>\n","protected":false},"excerpt":{"rendered":"<p>Zusammensetzung der Zimmer: 2-st\u00f6ckiges B\u00fccherregal Seitenschrank mit T\u00fcren Platz f\u00fcr Haustiere: Eines der besonderen Merkmale des Spaziobed P ist der [&hellip;]<\/p>\n","protected":false},"featured_media":25993,"comment_status":"closed","ping_status":"closed","template":"","meta":{"_acf_changed":false,"site-sidebar-layout":"default","site-content-layout":"","ast-site-content-layout":"default","site-content-style":"default","site-sidebar-style":"default","ast-global-header-display":"","ast-banner-title-visibility":"","ast-main-header-display":"","ast-hfb-above-header-display":"","ast-hfb-below-header-display":"","ast-hfb-mobile-header-display":"","site-post-title":"","ast-breadcrumbs-content":"","ast-featured-img":"","footer-sml-layout":"","ast-disable-related-posts":"","theme-transparent-header-meta":"default","adv-header-id-meta":"","stick-header-meta":"","header-above-stick-meta":"","header-main-stick-meta":"","header-below-stick-meta":"","astra-migrate-meta-layouts":"default","ast-page-background-enabled":"default","ast-page-background-meta":{"desktop":{"background-color":"var(--ast-global-color-5)","background-image":"","background-repeat":"repeat","background-position":"center center","background-size":"auto","background-attachment":"scroll","background-type":"","background-media":"","overlay-type":"","overlay-color":"","overlay-opacity":"","overlay-gradient":""},"tablet":{"background-color":"","background-image":"","background-repeat":"repeat","background-position":"center center","background-size":"auto","background-attachment":"scroll","background-type":"","background-media":"","overlay-type":"","overlay-color":"","overlay-opacity":"","overlay-gradient":""},"mobile":{"background-color":"","background-image":"","background-repeat":"repeat","background-position":"center center","background-size":"auto","background-attachment":"scroll","background-type":"","background-media":"","overlay-type":"","overlay-color":"","overlay-opacity":"","overlay-gradient":""}},"ast-content-background-meta":{"desktop":{"background-color":"var(--ast-global-color-4)","background-image":"","background-repeat":"repeat","background-position":"center center","background-size":"auto","background-attachment":"scroll","background-type":"","background-media":"","overlay-type":"","overlay-color":"","overlay-opacity":"","overlay-gradient":""},"tablet":{"background-color":"var(--ast-global-color-4)","background-image":"","background-repeat":"repeat","background-position":"center center","background-size":"auto","background-attachment":"scroll","background-type":"","background-media":"","overlay-type":"","overlay-color":"","overlay-opacity":"","overlay-gradient":""},"mobile":{"background-color":"var(--ast-global-color-4)","background-image":"","background-repeat":"repeat","background-position":"center center","background-size":"auto","background-attachment":"scroll","background-type":"","background-media":"","overlay-type":"","overlay-color":"","overlay-opacity":"","overlay-gradient":""}}},"product_brand":[],"product_cat":[420,373],"product_tag":[],"class_list":{"0":"post-25991","1":"product","2":"type-product","3":"status-publish","4":"has-post-thumbnail","6":"product_cat-hochbettzimmer-mit-bucherregal","7":"product_cat-zimmer-fur-erwachsene","8":"desktop-align-left","9":"tablet-align-left","10":"mobile-align-left","12":"first","13":"instock","14":"taxable","15":"shipping-taxable","16":"purchasable","17":"product-type-simple"},"acf":[],"yoast_head":"<!-- This site is optimized with the Yoast SEO plugin v27.1.1 - https:\/\/yoast.com\/product\/yoast-seo-wordpress\/ -->\n<title>Fido Hochbett mit B\u00fccherregal - Spaziobed by Cinius<\/title>\n<meta name=\"robots\" content=\"noindex, follow\" \/>\n<meta property=\"og:locale\" content=\"de_DE\" \/>\n<meta property=\"og:type\" content=\"article\" \/>\n<meta property=\"og:title\" content=\"Fido Hochbett mit B\u00fccherregal - Spaziobed by Cinius\" \/>\n<meta property=\"og:description\" content=\"Zusammensetzung der Zimmer: 2-st\u00f6ckiges B\u00fccherregal Seitenschrank mit T\u00fcren Platz f\u00fcr Haustiere: Eines der besonderen Merkmale des Spaziobed P ist der [&hellip;]\" \/>\n<meta property=\"og:url\" content=\"https:\/\/spaziobed.it\/de\/produkte\/fid-hochbett-mit-buecherregal\/\" \/>\n<meta property=\"og:site_name\" content=\"Spaziobed by Cinius\" \/>\n<meta property=\"article:publisher\" content=\"https:\/\/www.facebook.com\/CINIUS.ARREDAMENTI\/\" \/>\n<meta property=\"article:modified_time\" content=\"2026-03-03T17:28:37+00:00\" \/>\n<meta property=\"og:image\" content=\"https:\/\/spaziobed.it\/wp-content\/uploads\/2025\/12\/spaziobed-letto-alto-libreria-cuccia-cane.webp\" \/>\n\t<meta property=\"og:image:width\" content=\"1200\" \/>\n\t<meta property=\"og:image:height\" content=\"900\" \/>\n\t<meta property=\"og:image:type\" content=\"image\/webp\" \/>\n<meta name=\"twitter:card\" content=\"summary_large_image\" \/>\n<meta name=\"twitter:site\" content=\"@Cinius\" \/>\n<script type=\"application\/ld+json\" class=\"yoast-schema-graph\">{\"@context\":\"https:\/\/schema.org\",\"@graph\":[{\"@type\":\"WebPage\",\"@id\":\"https:\/\/spaziobed.it\/de\/produkte\/fid-hochbett-mit-buecherregal\/\",\"url\":\"https:\/\/spaziobed.it\/de\/produkte\/fid-hochbett-mit-buecherregal\/\",\"name\":\"Fido Hochbett mit B\u00fccherregal - Spaziobed by Cinius\",\"isPartOf\":{\"@id\":\"https:\/\/spaziobed.it\/de\/#website\"},\"primaryImageOfPage\":{\"@id\":\"https:\/\/spaziobed.it\/de\/produkte\/fid-hochbett-mit-buecherregal\/#primaryimage\"},\"image\":{\"@id\":\"https:\/\/spaziobed.it\/de\/produkte\/fid-hochbett-mit-buecherregal\/#primaryimage\"},\"thumbnailUrl\":\"https:\/\/spaziobed.it\/wp-content\/uploads\/2025\/12\/spaziobed-letto-alto-libreria-cuccia-cane.webp\",\"datePublished\":\"2025-12-12T13:33:37+00:00\",\"dateModified\":\"2026-03-03T17:28:37+00:00\",\"breadcrumb\":{\"@id\":\"https:\/\/spaziobed.it\/de\/produkte\/fid-hochbett-mit-buecherregal\/#breadcrumb\"},\"inLanguage\":\"de\",\"potentialAction\":[{\"@type\":\"ReadAction\",\"target\":[\"https:\/\/spaziobed.it\/de\/produkte\/fid-hochbett-mit-buecherregal\/\"]}]},{\"@type\":\"ImageObject\",\"inLanguage\":\"de\",\"@id\":\"https:\/\/spaziobed.it\/de\/produkte\/fid-hochbett-mit-buecherregal\/#primaryimage\",\"url\":\"https:\/\/spaziobed.it\/wp-content\/uploads\/2025\/12\/spaziobed-letto-alto-libreria-cuccia-cane.webp\",\"contentUrl\":\"https:\/\/spaziobed.it\/wp-content\/uploads\/2025\/12\/spaziobed-letto-alto-libreria-cuccia-cane.webp\",\"width\":1200,\"height\":900,\"caption\":\"Hochbett mit Hundeh\u00fctte\"},{\"@type\":\"BreadcrumbList\",\"@id\":\"https:\/\/spaziobed.it\/de\/produkte\/fid-hochbett-mit-buecherregal\/#breadcrumb\",\"itemListElement\":[{\"@type\":\"ListItem\",\"position\":1,\"name\":\"Startseite\",\"item\":\"https:\/\/spaziobed.it\/de\/spaziobed\/\"},{\"@type\":\"ListItem\",\"position\":2,\"name\":\"Produkte\",\"item\":\"https:\/\/spaziobed.it\/de\/shop\/\"},{\"@type\":\"ListItem\",\"position\":3,\"name\":\"Fido Hochbett mit B\u00fccherregal\"}]},{\"@type\":\"WebSite\",\"@id\":\"https:\/\/spaziobed.it\/de\/#website\",\"url\":\"https:\/\/spaziobed.it\/de\/\",\"name\":\"Spaziobed by Cinius\",\"description\":\"Das SpazioBed von Cinius ist eine au\u00dfergew\u00f6hnliche, platzsparende Schlafzimmerl\u00f6sung. Die aus Massivholz gefertigten Betten werden individuell angepasst und erf\u00fcllen die Bed\u00fcrfnisse von Erwachsenen, Kindern und Jugendlichen.\",\"publisher\":{\"@id\":\"https:\/\/spaziobed.it\/de\/#organization\"},\"alternateName\":\"SpazioBed\",\"potentialAction\":[{\"@type\":\"SearchAction\",\"target\":{\"@type\":\"EntryPoint\",\"urlTemplate\":\"https:\/\/spaziobed.it\/de\/?s={search_term_string}\"},\"query-input\":{\"@type\":\"PropertyValueSpecification\",\"valueRequired\":true,\"valueName\":\"search_term_string\"}}],\"inLanguage\":\"de\"},{\"@type\":\"Organization\",\"@id\":\"https:\/\/spaziobed.it\/de\/#organization\",\"name\":\"SpazioBed by Cinius\",\"alternateName\":\"SpazioBed\",\"url\":\"https:\/\/spaziobed.it\/de\/\",\"logo\":{\"@type\":\"ImageObject\",\"inLanguage\":\"de\",\"@id\":\"https:\/\/spaziobed.it\/de\/#\/schema\/logo\/image\/\",\"url\":\"https:\/\/spaziobed.it\/wp-content\/uploads\/2024\/08\/spaziobed-logo-1.jpg\",\"contentUrl\":\"https:\/\/spaziobed.it\/wp-content\/uploads\/2024\/08\/spaziobed-logo-1.jpg\",\"width\":248,\"height\":89,\"caption\":\"SpazioBed by Cinius\"},\"image\":{\"@id\":\"https:\/\/spaziobed.it\/de\/#\/schema\/logo\/image\/\"},\"sameAs\":[\"https:\/\/www.facebook.com\/CINIUS.ARREDAMENTI\/\",\"https:\/\/x.com\/Cinius\",\"https:\/\/www.instagram.com\/ciniusarredamento\/\"]}]}<\/script>\n<!-- \/ Yoast SEO plugin. -->","yoast_head_json":{"title":"Fido Hochbett mit B\u00fccherregal - Spaziobed by Cinius","robots":{"index":"noindex","follow":"follow"},"og_locale":"de_DE","og_type":"article","og_title":"Fido Hochbett mit B\u00fccherregal - Spaziobed by Cinius","og_description":"Zusammensetzung der Zimmer: 2-st\u00f6ckiges B\u00fccherregal Seitenschrank mit T\u00fcren Platz f\u00fcr Haustiere: Eines der besonderen Merkmale des Spaziobed P ist der [&hellip;]","og_url":"https:\/\/spaziobed.it\/de\/produkte\/fid-hochbett-mit-buecherregal\/","og_site_name":"Spaziobed by Cinius","article_publisher":"https:\/\/www.facebook.com\/CINIUS.ARREDAMENTI\/","article_modified_time":"2026-03-03T17:28:37+00:00","og_image":[{"width":1200,"height":900,"url":"https:\/\/spaziobed.it\/wp-content\/uploads\/2025\/12\/spaziobed-letto-alto-libreria-cuccia-cane.webp","type":"image\/webp"}],"twitter_card":"summary_large_image","twitter_site":"@Cinius","schema":{"@context":"https:\/\/schema.org","@graph":[{"@type":"WebPage","@id":"https:\/\/spaziobed.it\/de\/produkte\/fid-hochbett-mit-buecherregal\/","url":"https:\/\/spaziobed.it\/de\/produkte\/fid-hochbett-mit-buecherregal\/","name":"Fido Hochbett mit B\u00fccherregal - Spaziobed by Cinius","isPartOf":{"@id":"https:\/\/spaziobed.it\/de\/#website"},"primaryImageOfPage":{"@id":"https:\/\/spaziobed.it\/de\/produkte\/fid-hochbett-mit-buecherregal\/#primaryimage"},"image":{"@id":"https:\/\/spaziobed.it\/de\/produkte\/fid-hochbett-mit-buecherregal\/#primaryimage"},"thumbnailUrl":"https:\/\/spaziobed.it\/wp-content\/uploads\/2025\/12\/spaziobed-letto-alto-libreria-cuccia-cane.webp","datePublished":"2025-12-12T13:33:37+00:00","dateModified":"2026-03-03T17:28:37+00:00","breadcrumb":{"@id":"https:\/\/spaziobed.it\/de\/produkte\/fid-hochbett-mit-buecherregal\/#breadcrumb"},"inLanguage":"de","potentialAction":[{"@type":"ReadAction","target":["https:\/\/spaziobed.it\/de\/produkte\/fid-hochbett-mit-buecherregal\/"]}]},{"@type":"ImageObject","inLanguage":"de","@id":"https:\/\/spaziobed.it\/de\/produkte\/fid-hochbett-mit-buecherregal\/#primaryimage","url":"https:\/\/spaziobed.it\/wp-content\/uploads\/2025\/12\/spaziobed-letto-alto-libreria-cuccia-cane.webp","contentUrl":"https:\/\/spaziobed.it\/wp-content\/uploads\/2025\/12\/spaziobed-letto-alto-libreria-cuccia-cane.webp","width":1200,"height":900,"caption":"Hochbett mit Hundeh\u00fctte"},{"@type":"BreadcrumbList","@id":"https:\/\/spaziobed.it\/de\/produkte\/fid-hochbett-mit-buecherregal\/#breadcrumb","itemListElement":[{"@type":"ListItem","position":1,"name":"Startseite","item":"https:\/\/spaziobed.it\/de\/spaziobed\/"},{"@type":"ListItem","position":2,"name":"Produkte","item":"https:\/\/spaziobed.it\/de\/shop\/"},{"@type":"ListItem","position":3,"name":"Fido Hochbett mit B\u00fccherregal"}]},{"@type":"WebSite","@id":"https:\/\/spaziobed.it\/de\/#website","url":"https:\/\/spaziobed.it\/de\/","name":"Spaziobed by Cinius","description":"Das SpazioBed von Cinius ist eine au\u00dfergew\u00f6hnliche, platzsparende Schlafzimmerl\u00f6sung. Die aus Massivholz gefertigten Betten werden individuell angepasst und erf\u00fcllen die Bed\u00fcrfnisse von Erwachsenen, Kindern und Jugendlichen.","publisher":{"@id":"https:\/\/spaziobed.it\/de\/#organization"},"alternateName":"SpazioBed","potentialAction":[{"@type":"SearchAction","target":{"@type":"EntryPoint","urlTemplate":"https:\/\/spaziobed.it\/de\/?s={search_term_string}"},"query-input":{"@type":"PropertyValueSpecification","valueRequired":true,"valueName":"search_term_string"}}],"inLanguage":"de"},{"@type":"Organization","@id":"https:\/\/spaziobed.it\/de\/#organization","name":"SpazioBed by Cinius","alternateName":"SpazioBed","url":"https:\/\/spaziobed.it\/de\/","logo":{"@type":"ImageObject","inLanguage":"de","@id":"https:\/\/spaziobed.it\/de\/#\/schema\/logo\/image\/","url":"https:\/\/spaziobed.it\/wp-content\/uploads\/2024\/08\/spaziobed-logo-1.jpg","contentUrl":"https:\/\/spaziobed.it\/wp-content\/uploads\/2024\/08\/spaziobed-logo-1.jpg","width":248,"height":89,"caption":"SpazioBed by Cinius"},"image":{"@id":"https:\/\/spaziobed.it\/de\/#\/schema\/logo\/image\/"},"sameAs":["https:\/\/www.facebook.com\/CINIUS.ARREDAMENTI\/","https:\/\/x.com\/Cinius","https:\/\/www.instagram.com\/ciniusarredamento\/"]}]}},"_links":{"self":[{"href":"https:\/\/spaziobed.it\/de\/wp-json\/wp\/v2\/product\/25991","targetHints":{"allow":["GET"]}}],"collection":[{"href":"https:\/\/spaziobed.it\/de\/wp-json\/wp\/v2\/product"}],"about":[{"href":"https:\/\/spaziobed.it\/de\/wp-json\/wp\/v2\/types\/product"}],"replies":[{"embeddable":true,"href":"https:\/\/spaziobed.it\/de\/wp-json\/wp\/v2\/comments?post=25991"}],"version-history":[{"count":2,"href":"https:\/\/spaziobed.it\/de\/wp-json\/wp\/v2\/product\/25991\/revisions"}],"predecessor-version":[{"id":27023,"href":"https:\/\/spaziobed.it\/de\/wp-json\/wp\/v2\/product\/25991\/revisions\/27023"}],"wp:featuredmedia":[{"embeddable":true,"href":"https:\/\/spaziobed.it\/de\/wp-json\/wp\/v2\/media\/25993"}],"wp:attachment":[{"href":"https:\/\/spaziobed.it\/de\/wp-json\/wp\/v2\/media?parent=25991"}],"wp:term":[{"taxonomy":"product_brand","embeddable":true,"href":"https:\/\/spaziobed.it\/de\/wp-json\/wp\/v2\/product_brand?post=25991"},{"taxonomy":"product_cat","embeddable":true,"href":"https:\/\/spaziobed.it\/de\/wp-json\/wp\/v2\/product_cat?post=25991"},{"taxonomy":"product_tag","embeddable":true,"href":"https:\/\/spaziobed.it\/de\/wp-json\/wp\/v2\/product_tag?post=25991"}],"curies":[{"name":"wp","href":"https:\/\/api.w.org\/{rel}","templated":true}]}}