{"id":26604,"date":"2023-07-10T09:36:31","date_gmt":"2023-07-10T07:36:31","guid":{"rendered":"https:\/\/spaziobed.it\/a-propos-de-nous\/"},"modified":"2026-02-16T11:46:36","modified_gmt":"2026-02-16T10:46:36","slug":"a-propos-de-nous","status":"publish","type":"page","link":"https:\/\/spaziobed.it\/fr\/a-propos-de-nous\/","title":{"rendered":"A propos de nous"},"content":{"rendered":"\t\t<div data-elementor-type=\"wp-page\" data-elementor-id=\"26604\" class=\"elementor elementor-26604 elementor-21401\" data-elementor-post-type=\"page\">\n\t\t\t\t<div class=\"elementor-element elementor-element-dcf2134 e-flex e-con-boxed e-con e-parent\" data-id=\"dcf2134\" data-element_type=\"container\" data-e-type=\"container\">\n\t\t\t\t\t<div class=\"e-con-inner\">\n\t\t<div class=\"elementor-element elementor-element-4f333fb e-con-full e-flex e-con e-child\" data-id=\"4f333fb\" data-element_type=\"container\" data-e-type=\"container\">\n\t\t<div class=\"elementor-element elementor-element-6f2d3df e-con-full e-flex e-con e-child\" data-id=\"6f2d3df\" data-element_type=\"container\" data-e-type=\"container\">\n\t\t\t\t<div class=\"elementor-element elementor-element-eb94759 elementor-align-left elementor-widget elementor-widget-breadcrumbs\" data-id=\"eb94759\" data-element_type=\"widget\" data-e-type=\"widget\" data-widget_type=\"breadcrumbs.default\">\n\t\t\t\t\t<span id=\"breadcrumbs\"><span><span><a href=\"https:\/\/spaziobed.it\/fr\/spaziobed\/\">Accueil<\/a><\/span><\/span><\/span>\t\t\t\t<\/div>\n\t\t\t\t<div class=\"elementor-element elementor-element-51bc39a elementor-widget elementor-widget-heading\" data-id=\"51bc39a\" data-element_type=\"widget\" data-e-type=\"widget\" data-widget_type=\"heading.default\">\n\t\t\t\t\t<h2 class=\"elementor-heading-title elementor-size-default\">A propos de nous<\/h2>\t\t\t\t<\/div>\n\t\t\t\t<div class=\"elementor-element elementor-element-25974d3 elementor-widget elementor-widget-text-editor\" data-id=\"25974d3\" data-element_type=\"widget\" data-e-type=\"widget\" data-widget_type=\"text-editor.default\">\n\t\t\t\t\t\t\t\t\t<p>Depuis 1987, nous sommes CINIUS : une entreprise leader dans le secteur de l&rsquo;ameublement en <strong>bois massif travaill\u00e9 artisanalement<\/strong> et r\u00e9alis\u00e9 \u00e9galement <strong>sur mesure<\/strong>. Nous sommes sp\u00e9cialis\u00e9s dans le style oriental et nordique.  <\/p>\n<p>Notre exp\u00e9rience couvre <strong>l&rsquo;am\u00e9nagement complet de toute la maison<\/strong>. Nous produisons des lits, canap\u00e9s-lits, armoires, tables de chevet, commodes, biblioth\u00e8ques, chaises ergonomiques, tables, cuisines, dressings, bureaux, sommiers \u00e0 lattes, cloisons, portes et portes coulissantes, mezzanines, articles pour la maison et autres compl\u00e9ments d&rsquo;ameublement. <\/p>\n\t\t\t\t\t\t\t\t<\/div>\n\t\t\t\t<\/div>\n\t\t<div class=\"elementor-element elementor-element-059e6ae e-con-full e-flex e-con e-child\" data-id=\"059e6ae\" data-element_type=\"container\" data-e-type=\"container\" data-settings=\"{&quot;background_background&quot;:&quot;classic&quot;}\">\n\t\t\t\t<\/div>\n\t\t\t\t<\/div>\n\t\t\t\t\t<\/div>\n\t\t\t\t<\/div>\n\t\t<div class=\"elementor-element elementor-element-6afd8c2 e-flex e-con-boxed e-con e-parent\" data-id=\"6afd8c2\" data-element_type=\"container\" data-e-type=\"container\">\n\t\t\t\t\t<div class=\"e-con-inner\">\n\t\t<div class=\"elementor-element elementor-element-fc48e71 e-con-full e-flex e-con e-child\" data-id=\"fc48e71\" data-element_type=\"container\" data-e-type=\"container\">\n\t\t<div class=\"elementor-element elementor-element-fd707ff e-con-full e-flex e-con e-child\" data-id=\"fd707ff\" data-element_type=\"container\" data-e-type=\"container\" data-settings=\"{&quot;background_background&quot;:&quot;classic&quot;}\">\n\t\t\t\t<\/div>\n\t\t<div class=\"elementor-element elementor-element-0449612 e-con-full e-flex e-con e-child\" data-id=\"0449612\" data-element_type=\"container\" data-e-type=\"container\">\n\t\t\t\t<div class=\"elementor-element elementor-element-061bb9a elementor-widget elementor-widget-heading\" data-id=\"061bb9a\" data-element_type=\"widget\" data-e-type=\"widget\" data-widget_type=\"heading.default\">\n\t\t\t\t\t<h2 class=\"elementor-heading-title elementor-size-default\">Mobilier \u00c9cologique<\/h2>\t\t\t\t<\/div>\n\t\t\t\t<div class=\"elementor-element elementor-element-065b79a elementor-widget elementor-widget-text-editor\" data-id=\"065b79a\" data-element_type=\"widget\" data-e-type=\"widget\" data-widget_type=\"text-editor.default\">\n\t\t\t\t\t\t\t\t\t<p>Tout le mobilier que nous produisons est \u00e9cologique. Nous utilisons uniquement le meilleur bois massif. Nous le traitons uniquement avec des huiles et des vernis naturels. Nous l&rsquo;assemblons par embo\u00eetement, sans utiliser de pi\u00e8ces m\u00e9talliques. Un travail d&rsquo;\u00e9b\u00e9nisterie exquis\u00e9ment artisanal nous distingue depuis toujours.    <\/p>\n\t\t\t\t\t\t\t\t<\/div>\n\t\t\t\t<\/div>\n\t\t\t\t<\/div>\n\t\t\t\t\t<\/div>\n\t\t\t\t<\/div>\n\t\t<div class=\"elementor-element elementor-element-181a981 e-flex e-con-boxed e-con e-parent\" data-id=\"181a981\" data-element_type=\"container\" data-e-type=\"container\">\n\t\t\t\t\t<div class=\"e-con-inner\">\n\t\t<div class=\"elementor-element elementor-element-1b53ece e-con-full e-flex e-con e-child\" data-id=\"1b53ece\" data-element_type=\"container\" data-e-type=\"container\">\n\t\t<div class=\"elementor-element elementor-element-2edbfe5 e-con-full e-flex e-con e-child\" data-id=\"2edbfe5\" data-element_type=\"container\" data-e-type=\"container\">\n\t\t\t\t<div class=\"elementor-element elementor-element-43098f2 elementor-widget elementor-widget-heading\" data-id=\"43098f2\" data-element_type=\"widget\" data-e-type=\"widget\" data-widget_type=\"heading.default\">\n\t\t\t\t\t<h2 class=\"elementor-heading-title elementor-size-default\">Solutions gain de place<\/h2>\t\t\t\t<\/div>\n\t\t\t\t<div class=\"elementor-element elementor-element-828bb07 elementor-widget elementor-widget-text-editor\" data-id=\"828bb07\" data-element_type=\"widget\" data-e-type=\"widget\" data-widget_type=\"text-editor.default\">\n\t\t\t\t\t\t\t\t\t<p>Nous sommes sp\u00e9cialis\u00e9s dans la r\u00e9alisation de mobilier sur mesure au centim\u00e8tre, et nous sommes \u00e0 l&rsquo;avant-garde dans la cr\u00e9ation de solutions gain de place. Gr\u00e2ce \u00e0 notre expertise, nous avons r\u00e9invent\u00e9 le lit en hauteur. Certains nous ont imit\u00e9s. Aujourd&rsquo;hui, notre lit en hauteur SPAZIOBED\u00ae est un produit de marque d\u00e9pos\u00e9e.   <\/p>\n\t\t\t\t\t\t\t\t<\/div>\n\t\t\t\t<\/div>\n\t\t<div class=\"elementor-element elementor-element-49a2ff1 e-con-full e-flex e-con e-child\" data-id=\"49a2ff1\" data-element_type=\"container\" data-e-type=\"container\" data-settings=\"{&quot;background_background&quot;:&quot;classic&quot;}\">\n\t\t\t\t<\/div>\n\t\t\t\t<\/div>\n\t\t\t\t\t<\/div>\n\t\t\t\t<\/div>\n\t\t<div class=\"elementor-element elementor-element-bc5cda6 e-flex e-con-boxed e-con e-parent\" data-id=\"bc5cda6\" data-element_type=\"container\" data-e-type=\"container\">\n\t\t\t\t\t<div class=\"e-con-inner\">\n\t\t<div class=\"elementor-element elementor-element-be41523 e-con-full e-flex e-con e-child\" data-id=\"be41523\" data-element_type=\"container\" data-e-type=\"container\">\n\t\t<div class=\"elementor-element elementor-element-04481c0 e-con-full e-flex e-con e-child\" data-id=\"04481c0\" data-element_type=\"container\" data-e-type=\"container\" data-settings=\"{&quot;background_background&quot;:&quot;classic&quot;}\">\n\t\t\t\t<\/div>\n\t\t<div class=\"elementor-element elementor-element-04ecb37 e-con-full e-flex e-con e-child\" data-id=\"04ecb37\" data-element_type=\"container\" data-e-type=\"container\">\n\t\t\t\t<div class=\"elementor-element elementor-element-7a7744f elementor-widget elementor-widget-heading\" data-id=\"7a7744f\" data-element_type=\"widget\" data-e-type=\"widget\" data-widget_type=\"heading.default\">\n\t\t\t\t\t<h2 class=\"elementor-heading-title elementor-size-default\">Dans toute l'Italie et en Europe<\/h2>\t\t\t\t<\/div>\n\t\t\t\t<div class=\"elementor-element elementor-element-f7229d1 elementor-widget elementor-widget-text-editor\" data-id=\"f7229d1\" data-element_type=\"widget\" data-e-type=\"widget\" data-widget_type=\"text-editor.default\">\n\t\t\t\t\t\t\t\t\t<p>N\u00e9s \u00e0 Bologne, au fil des ann\u00e9es nous avons inaugur\u00e9 nos showrooms de Rome, Milan, Turin, Florence, Padoue, Trente et Paris. Nous avons des filiales dans toute l&rsquo;Italie et des revendeurs en Europe. Si vous souhaitez en savoir plus <span style=\"text-decoration: underline\"><a title=\"Cinius\" href=\"https:\/\/www.cinius.com\/\">visitez notre site Cinius.com<\/a><\/span>.  <\/p>\n\t\t\t\t\t\t\t\t<\/div>\n\t\t\t\t<\/div>\n\t\t\t\t<\/div>\n\t\t\t\t\t<\/div>\n\t\t\t\t<\/div>\n\t\t\t\t<\/div>\n\t\t","protected":false},"excerpt":{"rendered":"","protected":false},"author":4,"featured_media":25705,"parent":0,"menu_order":0,"comment_status":"closed","ping_status":"closed","template":"","meta":{"_acf_changed":false,"site-sidebar-layout":"no-sidebar","site-content-layout":"","ast-site-content-layout":"full-width-container","site-content-style":"default","site-sidebar-style":"default","ast-global-header-display":"","ast-banner-title-visibility":"","ast-main-header-display":"","ast-hfb-above-header-display":"","ast-hfb-below-header-display":"","ast-hfb-mobile-header-display":"","site-post-title":"disabled","ast-breadcrumbs-content":"","ast-featured-img":"disabled","footer-sml-layout":"","ast-disable-related-posts":"","theme-transparent-header-meta":"default","adv-header-id-meta":"","stick-header-meta":"","header-above-stick-meta":"","header-main-stick-meta":"","header-below-stick-meta":"","astra-migrate-meta-layouts":"default","ast-page-background-enabled":"default","ast-page-background-meta":{"desktop":{"background-color":"var(--ast-global-color-5)","background-image":"","background-repeat":"repeat","background-position":"center center","background-size":"auto","background-attachment":"scroll","background-type":"","background-media":"","overlay-type":"","overlay-color":"","overlay-opacity":"","overlay-gradient":""},"tablet":{"background-color":"","background-image":"","background-repeat":"repeat","background-position":"center center","background-size":"auto","background-attachment":"scroll","background-type":"","background-media":"","overlay-type":"","overlay-color":"","overlay-opacity":"","overlay-gradient":""},"mobile":{"background-color":"","background-image":"","background-repeat":"repeat","background-position":"center center","background-size":"auto","background-attachment":"scroll","background-type":"","background-media":"","overlay-type":"","overlay-color":"","overlay-opacity":"","overlay-gradient":""}},"ast-content-background-meta":{"desktop":{"background-color":"var(--ast-global-color-4)","background-image":"","background-repeat":"repeat","background-position":"center center","background-size":"auto","background-attachment":"scroll","background-type":"","background-media":"","overlay-type":"","overlay-color":"","overlay-opacity":"","overlay-gradient":""},"tablet":{"background-color":"var(--ast-global-color-4)","background-image":"","background-repeat":"repeat","background-position":"center center","background-size":"auto","background-attachment":"scroll","background-type":"","background-media":"","overlay-type":"","overlay-color":"","overlay-opacity":"","overlay-gradient":""},"mobile":{"background-color":"var(--ast-global-color-4)","background-image":"","background-repeat":"repeat","background-position":"center center","background-size":"auto","background-attachment":"scroll","background-type":"","background-media":"","overlay-type":"","overlay-color":"","overlay-opacity":"","overlay-gradient":""}},"footnotes":""},"class_list":["post-26604","page","type-page","status-publish","has-post-thumbnail","hentry"],"acf":[],"yoast_head":"<!-- This site is optimized with the Yoast SEO plugin v27.1.1 - https:\/\/yoast.com\/product\/yoast-seo-wordpress\/ -->\n<title>A propos de nous - Spaziobed by Cinius<\/title>\n<meta name=\"robots\" content=\"index, follow, max-snippet:-1, max-image-preview:large, max-video-preview:-1\" \/>\n<link rel=\"canonical\" href=\"https:\/\/spaziobed.it\/fr\/a-propos-de-nous\/\" \/>\n<meta property=\"og:locale\" content=\"fr_FR\" \/>\n<meta property=\"og:type\" content=\"article\" \/>\n<meta property=\"og:title\" content=\"A propos de nous - Spaziobed by Cinius\" \/>\n<meta property=\"og:url\" content=\"https:\/\/spaziobed.it\/fr\/a-propos-de-nous\/\" \/>\n<meta property=\"og:site_name\" content=\"Spaziobed by Cinius\" \/>\n<meta property=\"article:publisher\" content=\"https:\/\/www.facebook.com\/CINIUS.ARREDAMENTI\/\" \/>\n<meta property=\"article:modified_time\" content=\"2026-02-16T10:46:36+00:00\" \/>\n<meta property=\"og:image\" content=\"https:\/\/spaziobed.it\/wp-content\/uploads\/2025\/12\/spaziobed-letto-chi-siamo-head.webp\" \/>\n\t<meta property=\"og:image:width\" content=\"1111\" \/>\n\t<meta property=\"og:image:height\" content=\"770\" \/>\n\t<meta property=\"og:image:type\" content=\"image\/webp\" \/>\n<meta name=\"twitter:card\" content=\"summary_large_image\" \/>\n<meta name=\"twitter:site\" content=\"@Cinius\" \/>\n<script type=\"application\/ld+json\" class=\"yoast-schema-graph\">{\"@context\":\"https:\/\/schema.org\",\"@graph\":[{\"@type\":\"WebPage\",\"@id\":\"https:\/\/spaziobed.it\/fr\/a-propos-de-nous\/\",\"url\":\"https:\/\/spaziobed.it\/fr\/a-propos-de-nous\/\",\"name\":\"A propos de nous - Spaziobed by Cinius\",\"isPartOf\":{\"@id\":\"https:\/\/spaziobed.it\/fr\/#website\"},\"primaryImageOfPage\":{\"@id\":\"https:\/\/spaziobed.it\/fr\/a-propos-de-nous\/#primaryimage\"},\"image\":{\"@id\":\"https:\/\/spaziobed.it\/fr\/a-propos-de-nous\/#primaryimage\"},\"thumbnailUrl\":\"https:\/\/spaziobed.it\/wp-content\/uploads\/2025\/12\/spaziobed-letto-chi-siamo-head.webp\",\"datePublished\":\"2023-07-10T07:36:31+00:00\",\"dateModified\":\"2026-02-16T10:46:36+00:00\",\"breadcrumb\":{\"@id\":\"https:\/\/spaziobed.it\/fr\/a-propos-de-nous\/#breadcrumb\"},\"inLanguage\":\"fr-FR\",\"potentialAction\":[{\"@type\":\"ReadAction\",\"target\":[\"https:\/\/spaziobed.it\/fr\/a-propos-de-nous\/\"]}]},{\"@type\":\"ImageObject\",\"inLanguage\":\"fr-FR\",\"@id\":\"https:\/\/spaziobed.it\/fr\/a-propos-de-nous\/#primaryimage\",\"url\":\"https:\/\/spaziobed.it\/wp-content\/uploads\/2025\/12\/spaziobed-letto-chi-siamo-head.webp\",\"contentUrl\":\"https:\/\/spaziobed.it\/wp-content\/uploads\/2025\/12\/spaziobed-letto-chi-siamo-head.webp\",\"width\":1111,\"height\":770,\"caption\":\"d\u00e9couvrez spaziobed\"},{\"@type\":\"BreadcrumbList\",\"@id\":\"https:\/\/spaziobed.it\/fr\/a-propos-de-nous\/#breadcrumb\",\"itemListElement\":[{\"@type\":\"ListItem\",\"position\":1,\"name\":\"Accueil\",\"item\":\"https:\/\/spaziobed.it\/fr\/spaziobed\/\"},{\"@type\":\"ListItem\",\"position\":2,\"name\":\"A propos de nous\"}]},{\"@type\":\"WebSite\",\"@id\":\"https:\/\/spaziobed.it\/fr\/#website\",\"url\":\"https:\/\/spaziobed.it\/fr\/\",\"name\":\"Spaziobed by Cinius\",\"description\":\"SpazioBed de Cinius est une solution de chambre \u00e0 coucher exceptionnellement peu encombrante. Fabriqu\u00e9s en bois massif, ces lits sur mesure r\u00e9pondent aux besoins des adultes, des enfants et des adolescents.\",\"publisher\":{\"@id\":\"https:\/\/spaziobed.it\/fr\/#organization\"},\"alternateName\":\"SpazioBed\",\"potentialAction\":[{\"@type\":\"SearchAction\",\"target\":{\"@type\":\"EntryPoint\",\"urlTemplate\":\"https:\/\/spaziobed.it\/fr\/?s={search_term_string}\"},\"query-input\":{\"@type\":\"PropertyValueSpecification\",\"valueRequired\":true,\"valueName\":\"search_term_string\"}}],\"inLanguage\":\"fr-FR\"},{\"@type\":\"Organization\",\"@id\":\"https:\/\/spaziobed.it\/fr\/#organization\",\"name\":\"SpazioBed by Cinius\",\"alternateName\":\"SpazioBed\",\"url\":\"https:\/\/spaziobed.it\/fr\/\",\"logo\":{\"@type\":\"ImageObject\",\"inLanguage\":\"fr-FR\",\"@id\":\"https:\/\/spaziobed.it\/fr\/#\/schema\/logo\/image\/\",\"url\":\"https:\/\/spaziobed.it\/wp-content\/uploads\/2024\/08\/spaziobed-logo-1.jpg\",\"contentUrl\":\"https:\/\/spaziobed.it\/wp-content\/uploads\/2024\/08\/spaziobed-logo-1.jpg\",\"width\":248,\"height\":89,\"caption\":\"SpazioBed by Cinius\"},\"image\":{\"@id\":\"https:\/\/spaziobed.it\/fr\/#\/schema\/logo\/image\/\"},\"sameAs\":[\"https:\/\/www.facebook.com\/CINIUS.ARREDAMENTI\/\",\"https:\/\/x.com\/Cinius\",\"https:\/\/www.instagram.com\/ciniusarredamento\/\"]}]}<\/script>\n<!-- \/ Yoast SEO plugin. -->","yoast_head_json":{"title":"A propos de nous - Spaziobed by Cinius","robots":{"index":"index","follow":"follow","max-snippet":"max-snippet:-1","max-image-preview":"max-image-preview:large","max-video-preview":"max-video-preview:-1"},"canonical":"https:\/\/spaziobed.it\/fr\/a-propos-de-nous\/","og_locale":"fr_FR","og_type":"article","og_title":"A propos de nous - Spaziobed by Cinius","og_url":"https:\/\/spaziobed.it\/fr\/a-propos-de-nous\/","og_site_name":"Spaziobed by Cinius","article_publisher":"https:\/\/www.facebook.com\/CINIUS.ARREDAMENTI\/","article_modified_time":"2026-02-16T10:46:36+00:00","og_image":[{"width":1111,"height":770,"url":"https:\/\/spaziobed.it\/wp-content\/uploads\/2025\/12\/spaziobed-letto-chi-siamo-head.webp","type":"image\/webp"}],"twitter_card":"summary_large_image","twitter_site":"@Cinius","schema":{"@context":"https:\/\/schema.org","@graph":[{"@type":"WebPage","@id":"https:\/\/spaziobed.it\/fr\/a-propos-de-nous\/","url":"https:\/\/spaziobed.it\/fr\/a-propos-de-nous\/","name":"A propos de nous - Spaziobed by Cinius","isPartOf":{"@id":"https:\/\/spaziobed.it\/fr\/#website"},"primaryImageOfPage":{"@id":"https:\/\/spaziobed.it\/fr\/a-propos-de-nous\/#primaryimage"},"image":{"@id":"https:\/\/spaziobed.it\/fr\/a-propos-de-nous\/#primaryimage"},"thumbnailUrl":"https:\/\/spaziobed.it\/wp-content\/uploads\/2025\/12\/spaziobed-letto-chi-siamo-head.webp","datePublished":"2023-07-10T07:36:31+00:00","dateModified":"2026-02-16T10:46:36+00:00","breadcrumb":{"@id":"https:\/\/spaziobed.it\/fr\/a-propos-de-nous\/#breadcrumb"},"inLanguage":"fr-FR","potentialAction":[{"@type":"ReadAction","target":["https:\/\/spaziobed.it\/fr\/a-propos-de-nous\/"]}]},{"@type":"ImageObject","inLanguage":"fr-FR","@id":"https:\/\/spaziobed.it\/fr\/a-propos-de-nous\/#primaryimage","url":"https:\/\/spaziobed.it\/wp-content\/uploads\/2025\/12\/spaziobed-letto-chi-siamo-head.webp","contentUrl":"https:\/\/spaziobed.it\/wp-content\/uploads\/2025\/12\/spaziobed-letto-chi-siamo-head.webp","width":1111,"height":770,"caption":"d\u00e9couvrez spaziobed"},{"@type":"BreadcrumbList","@id":"https:\/\/spaziobed.it\/fr\/a-propos-de-nous\/#breadcrumb","itemListElement":[{"@type":"ListItem","position":1,"name":"Accueil","item":"https:\/\/spaziobed.it\/fr\/spaziobed\/"},{"@type":"ListItem","position":2,"name":"A propos de nous"}]},{"@type":"WebSite","@id":"https:\/\/spaziobed.it\/fr\/#website","url":"https:\/\/spaziobed.it\/fr\/","name":"Spaziobed by Cinius","description":"SpazioBed de Cinius est une solution de chambre \u00e0 coucher exceptionnellement peu encombrante. Fabriqu\u00e9s en bois massif, ces lits sur mesure r\u00e9pondent aux besoins des adultes, des enfants et des adolescents.","publisher":{"@id":"https:\/\/spaziobed.it\/fr\/#organization"},"alternateName":"SpazioBed","potentialAction":[{"@type":"SearchAction","target":{"@type":"EntryPoint","urlTemplate":"https:\/\/spaziobed.it\/fr\/?s={search_term_string}"},"query-input":{"@type":"PropertyValueSpecification","valueRequired":true,"valueName":"search_term_string"}}],"inLanguage":"fr-FR"},{"@type":"Organization","@id":"https:\/\/spaziobed.it\/fr\/#organization","name":"SpazioBed by Cinius","alternateName":"SpazioBed","url":"https:\/\/spaziobed.it\/fr\/","logo":{"@type":"ImageObject","inLanguage":"fr-FR","@id":"https:\/\/spaziobed.it\/fr\/#\/schema\/logo\/image\/","url":"https:\/\/spaziobed.it\/wp-content\/uploads\/2024\/08\/spaziobed-logo-1.jpg","contentUrl":"https:\/\/spaziobed.it\/wp-content\/uploads\/2024\/08\/spaziobed-logo-1.jpg","width":248,"height":89,"caption":"SpazioBed by Cinius"},"image":{"@id":"https:\/\/spaziobed.it\/fr\/#\/schema\/logo\/image\/"},"sameAs":["https:\/\/www.facebook.com\/CINIUS.ARREDAMENTI\/","https:\/\/x.com\/Cinius","https:\/\/www.instagram.com\/ciniusarredamento\/"]}]}},"_links":{"self":[{"href":"https:\/\/spaziobed.it\/fr\/wp-json\/wp\/v2\/pages\/26604","targetHints":{"allow":["GET"]}}],"collection":[{"href":"https:\/\/spaziobed.it\/fr\/wp-json\/wp\/v2\/pages"}],"about":[{"href":"https:\/\/spaziobed.it\/fr\/wp-json\/wp\/v2\/types\/page"}],"author":[{"embeddable":true,"href":"https:\/\/spaziobed.it\/fr\/wp-json\/wp\/v2\/users\/4"}],"replies":[{"embeddable":true,"href":"https:\/\/spaziobed.it\/fr\/wp-json\/wp\/v2\/comments?post=26604"}],"version-history":[{"count":1,"href":"https:\/\/spaziobed.it\/fr\/wp-json\/wp\/v2\/pages\/26604\/revisions"}],"predecessor-version":[{"id":26605,"href":"https:\/\/spaziobed.it\/fr\/wp-json\/wp\/v2\/pages\/26604\/revisions\/26605"}],"wp:featuredmedia":[{"embeddable":true,"href":"https:\/\/spaziobed.it\/fr\/wp-json\/wp\/v2\/media\/25705"}],"wp:attachment":[{"href":"https:\/\/spaziobed.it\/fr\/wp-json\/wp\/v2\/media?parent=26604"}],"curies":[{"name":"wp","href":"https:\/\/api.w.org\/{rel}","templated":true}]}}