{"id":26610,"date":"2023-10-23T11:45:29","date_gmt":"2023-10-23T09:45:29","guid":{"rendered":"https:\/\/spaziobed.it\/comment-nous-travaillons\/"},"modified":"2026-02-16T11:46:44","modified_gmt":"2026-02-16T10:46:44","slug":"comment-nous-travaillons","status":"publish","type":"page","link":"https:\/\/spaziobed.it\/fr\/comment-nous-travaillons\/","title":{"rendered":"Comment nous travaillons"},"content":{"rendered":"\t\t<div data-elementor-type=\"wp-page\" data-elementor-id=\"26610\" class=\"elementor elementor-26610 elementor-56\" data-elementor-post-type=\"page\">\n\t\t\t\t<div class=\"elementor-element elementor-element-6acb5585 e-flex e-con-boxed e-con e-parent\" data-id=\"6acb5585\" data-element_type=\"container\" data-e-type=\"container\">\n\t\t\t\t\t<div class=\"e-con-inner\">\n\t\t<div class=\"elementor-element elementor-element-5a324317 e-con-full e-flex e-con e-child\" data-id=\"5a324317\" data-element_type=\"container\" data-e-type=\"container\">\n\t\t\t\t<div class=\"elementor-element elementor-element-4d7cd549 elementor-widget elementor-widget-breadcrumbs\" data-id=\"4d7cd549\" data-element_type=\"widget\" data-e-type=\"widget\" data-widget_type=\"breadcrumbs.default\">\n\t\t\t\t\t<p id=\"breadcrumbs\"><span><span><a href=\"https:\/\/spaziobed.it\/fr\/spaziobed\/\">Accueil<\/a><\/span><\/span><\/p>\t\t\t\t<\/div>\n\t\t\t\t<div class=\"elementor-element elementor-element-51fa4425 elementor-widget__width-initial elementor-widget elementor-widget-heading\" data-id=\"51fa4425\" data-element_type=\"widget\" data-e-type=\"widget\" data-widget_type=\"heading.default\">\n\t\t\t\t\t<h2 class=\"elementor-heading-title elementor-size-default\">Circularhub est intuitif et efficace<\/h2>\t\t\t\t<\/div>\n\t\t\t\t<div class=\"elementor-element elementor-element-5c51e42f elementor-widget__width-initial elementor-widget elementor-widget-text-editor\" data-id=\"5c51e42f\" data-element_type=\"widget\" data-e-type=\"widget\" data-widget_type=\"text-editor.default\">\n\t\t\t\t\t\t\t\t\tL&rsquo;utilisation de CircularHub est simple et intuitive, reproduisant l&rsquo;exp\u00e9rience d&rsquo;un commerce \u00e9lectronique classique. Vous pouvez facilement parcourir les diff\u00e9rentes cat\u00e9gories de cuirs et de tissus, en filtrant les produits par type de mat\u00e9riau, origine, prix, disponibilit\u00e9, etc. Chaque fiche produit fournit des d\u00e9tails clairs sur la quantit\u00e9 disponible, ce qui garantit la transparence et facilite la gestion des commandes.    \t\t\t\t\t\t\t\t<\/div>\n\t\t\t\t<div class=\"elementor-element elementor-element-15442888 elementor-widget__width-initial elementor-widget elementor-widget-text-editor\" data-id=\"15442888\" data-element_type=\"widget\" data-e-type=\"widget\" data-widget_type=\"text-editor.default\">\n\t\t\t\t\t\t\t\t\tPour garantir la qualit\u00e9 et la s\u00e9curit\u00e9 des transactions, vous devez \u00eatre un acheteur certifi\u00e9 pour effectuer des achats. Si vous n&rsquo;\u00eates pas <a href=\"https:\/\/spaziobed.it\/diventa-un-buyer\/\"><u>envoyez votre candidature<\/u><\/a> pour rejoindre notre communaut\u00e9. \t\t\t\t\t\t\t\t<\/div>\n\t\t\t\t<\/div>\n\t\t<div class=\"elementor-element elementor-element-125c20af e-con-full e-flex e-con e-child\" data-id=\"125c20af\" data-element_type=\"container\" data-e-type=\"container\">\n\t\t\t\t<div class=\"elementor-element elementor-element-47791d9 elementor-widget elementor-widget-image\" data-id=\"47791d9\" data-element_type=\"widget\" data-e-type=\"widget\" data-widget_type=\"image.default\">\n\t\t\t\t\t\t\t\t\t\t\t\t\t\t\t<img decoding=\"async\" src=\"https:\/\/spaziobed.it\/wp-content\/uploads\/2024\/07\/pexels-michael-burrows-7147968-small.jpg\" title=\"\" alt=\"\" loading=\"lazy\" \/>\t\t\t\t\t\t\t\t\t\t\t\t\t\t\t<\/div>\n\t\t\t\t<\/div>\n\t\t\t\t\t<\/div>\n\t\t\t\t<\/div>\n\t\t<div class=\"elementor-element elementor-element-2bf3028d e-flex e-con-boxed e-con e-parent\" data-id=\"2bf3028d\" data-element_type=\"container\" data-e-type=\"container\">\n\t\t\t\t\t<div class=\"e-con-inner\">\n\t\t<div class=\"elementor-element elementor-element-5ab68137 e-con-full e-flex e-con e-child\" data-id=\"5ab68137\" data-element_type=\"container\" data-e-type=\"container\">\n\t\t\t\t<div class=\"elementor-element elementor-element-127b8326 elementor-widget elementor-widget-image\" data-id=\"127b8326\" data-element_type=\"widget\" data-e-type=\"widget\" data-widget_type=\"image.default\">\n\t\t\t\t\t\t\t\t\t\t\t\t\t\t\t<img decoding=\"async\" src=\"https:\/\/spaziobed.it\/wp-content\/uploads\/2024\/07\/pexels-kseniachernaya-3965543-small.jpg\" title=\"\" alt=\"\" loading=\"lazy\" \/>\t\t\t\t\t\t\t\t\t\t\t\t\t\t\t<\/div>\n\t\t\t\t<\/div>\n\t\t<div class=\"elementor-element elementor-element-445649d1 e-con-full e-flex e-con e-child\" data-id=\"445649d1\" data-element_type=\"container\" data-e-type=\"container\">\n\t\t\t\t<div class=\"elementor-element elementor-element-1e6ab2ed elementor-widget__width-initial elementor-widget elementor-widget-heading\" data-id=\"1e6ab2ed\" data-element_type=\"widget\" data-e-type=\"widget\" data-widget_type=\"heading.default\">\n\t\t\t\t\t<h3 class=\"elementor-heading-title elementor-size-default\">Processus d'achat simple et s\u00e9curis\u00e9<\/h3>\t\t\t\t<\/div>\n\t\t\t\t<div class=\"elementor-element elementor-element-9488019 elementor-widget__width-initial elementor-widget elementor-widget-text-editor\" data-id=\"9488019\" data-element_type=\"widget\" data-e-type=\"widget\" data-widget_type=\"text-editor.default\">\n\t\t\t\t\t\t\t\t\tUne fois les produits s\u00e9lectionn\u00e9s, les ajouter au panier est un jeu d&rsquo;enfant. Notre syst\u00e8me de paiement en ligne, s\u00e9curis\u00e9 et rapide, vous permet de finaliser vos achats en quelques clics. Les commandes sont ensuite exp\u00e9di\u00e9es directement \u00e0 votre si\u00e8ge social ou \u00e0 votre site d&rsquo;exploitation, ce qui garantit une livraison rapide et fiable.  \t\t\t\t\t\t\t\t<\/div>\n\t\t\t\t<div class=\"elementor-element elementor-element-48be21e elementor-widget__width-initial elementor-widget elementor-widget-text-editor\" data-id=\"48be21e\" data-element_type=\"widget\" data-e-type=\"widget\" data-widget_type=\"text-editor.default\">\n\t\t\t\t\t\t\t\t\tNotre objectif est de rendre votre exp\u00e9rience d&rsquo;achat aussi transparente que possible, en vous permettant de vous concentrer sur la cr\u00e9ativit\u00e9 et l&rsquo;innovation pendant que nous nous occupons du reste. Rejoignez-nous et d\u00e9couvrez comment nous pouvons vous aider \u00e0 transformer des mat\u00e9riaux inutilis\u00e9s en ressources pr\u00e9cieuses pour vos nouvelles cr\u00e9ations de mode. \t\t\t\t\t\t\t\t<\/div>\n\t\t\t\t<\/div>\n\t\t\t\t\t<\/div>\n\t\t\t\t<\/div>\n\t\t<div class=\"elementor-element elementor-element-3615f637 e-flex e-con-boxed e-con e-parent\" data-id=\"3615f637\" data-element_type=\"container\" data-e-type=\"container\">\n\t\t\t\t\t<div class=\"e-con-inner\">\n\t\t<div class=\"elementor-element elementor-element-e37c972 e-con-full e-grid e-con e-child\" data-id=\"e37c972\" data-element_type=\"container\" data-e-type=\"container\">\n\t\t<div class=\"elementor-element elementor-element-08e9170 e-con-full e-flex e-con e-child\" data-id=\"08e9170\" data-element_type=\"container\" data-e-type=\"container\">\n\t\t\t\t<div class=\"elementor-element elementor-element-da91b6b elementor-widget elementor-widget-heading\" data-id=\"da91b6b\" data-element_type=\"widget\" data-e-type=\"widget\" data-widget_type=\"heading.default\">\n\t\t\t\t\t<h4 class=\"elementor-heading-title elementor-size-default\">1. S\u00e9lectionnez les mat\u00e9riaux<\/h4>\t\t\t\t<\/div>\n\t\t\t\t<div class=\"elementor-element elementor-element-7278500 elementor-widget elementor-widget-text-editor\" data-id=\"7278500\" data-element_type=\"widget\" data-e-type=\"widget\" data-widget_type=\"text-editor.default\">\n\t\t\t\t\t\t\t\t\tParcourez une large gamme de cuirs et de tissus disponibles 24 heures sur 24, 7 jours sur 7. Filtrez par cat\u00e9gorie, origine et prix pour trouver exactement ce dont vous avez besoin. \n\n\t\t\t\t\t\t\t\t<\/div>\n\t\t\t\t<\/div>\n\t\t<div class=\"elementor-element elementor-element-52425a8 e-con-full e-flex e-con e-child\" data-id=\"52425a8\" data-element_type=\"container\" data-e-type=\"container\">\n\t\t\t\t<div class=\"elementor-element elementor-element-79dda9f elementor-widget elementor-widget-heading\" data-id=\"79dda9f\" data-element_type=\"widget\" data-e-type=\"widget\" data-widget_type=\"heading.default\">\n\t\t\t\t\t<h4 class=\"elementor-heading-title elementor-size-default\">2. Acheter en ligne<\/h4>\t\t\t\t<\/div>\n\t\t\t\t<div class=\"elementor-element elementor-element-22e5fff elementor-widget elementor-widget-text-editor\" data-id=\"22e5fff\" data-element_type=\"widget\" data-e-type=\"widget\" data-widget_type=\"text-editor.default\">\n\t\t\t\t\t\t\t\t\tChoisissez des \u00e9chantillons ou indiquez les m\u00e8tres carr\u00e9s dont vous avez besoin en quelques clics. Notre syst\u00e8me de paiement s\u00e9curis\u00e9 vous garantit une exp\u00e9rience d&rsquo;achat fluide et fiable. \t\t\t\t\t\t\t\t<\/div>\n\t\t\t\t<\/div>\n\t\t<div class=\"elementor-element elementor-element-1f01c38 e-con-full e-flex e-con e-child\" data-id=\"1f01c38\" data-element_type=\"container\" data-e-type=\"container\">\n\t\t\t\t<div class=\"elementor-element elementor-element-ab6ca55 elementor-widget elementor-widget-heading\" data-id=\"ab6ca55\" data-element_type=\"widget\" data-e-type=\"widget\" data-widget_type=\"heading.default\">\n\t\t\t\t\t<h4 class=\"elementor-heading-title elementor-size-default\">3. Livraison rapide<\/h4>\t\t\t\t<\/div>\n\t\t\t\t<div class=\"elementor-element elementor-element-775dfb6 elementor-widget elementor-widget-text-editor\" data-id=\"775dfb6\" data-element_type=\"widget\" data-e-type=\"widget\" data-widget_type=\"text-editor.default\">\n\t\t\t\t\t\t\t\t\tRecevez votre commande partout en Italie, directement \u00e0 votre si\u00e8ge social ou \u00e0 votre bureau op\u00e9rationnel. Nous garantissons une exp\u00e9dition rapide et tra\u00e7able pour une tranquillit\u00e9 d&rsquo;esprit maximale. \n\n\n\n\n\n\n\t\t\t\t\t\t\t\t<\/div>\n\t\t\t\t<\/div>\n\t\t\t\t<\/div>\n\t\t\t\t\t<\/div>\n\t\t\t\t<\/div>\n\t\t<div class=\"elementor-element elementor-element-1e8824bc e-flex e-con-boxed e-con e-parent\" data-id=\"1e8824bc\" data-element_type=\"container\" data-e-type=\"container\">\n\t\t\t\t\t<div class=\"e-con-inner\">\n\t\t<div class=\"elementor-element elementor-element-5404f62d e-con-full e-flex e-con e-child\" data-id=\"5404f62d\" data-element_type=\"container\" data-e-type=\"container\">\n\t\t\t\t<\/div>\n\t\t\t\t\t<\/div>\n\t\t\t\t<\/div>\n\t\t\t\t<\/div>\n\t\t","protected":false},"excerpt":{"rendered":"<p>Circularhub est intuitif et efficace L&rsquo;utilisation de CircularHub est simple et intuitive, reproduisant l&rsquo;exp\u00e9rience d&rsquo;un commerce \u00e9lectronique classique. Vous pouvez [&hellip;]<\/p>\n","protected":false},"author":4,"featured_media":25557,"parent":0,"menu_order":0,"comment_status":"closed","ping_status":"closed","template":"","meta":{"_acf_changed":false,"site-sidebar-layout":"default","site-content-layout":"","ast-site-content-layout":"default","site-content-style":"default","site-sidebar-style":"default","ast-global-header-display":"","ast-banner-title-visibility":"","ast-main-header-display":"","ast-hfb-above-header-display":"","ast-hfb-below-header-display":"","ast-hfb-mobile-header-display":"","site-post-title":"","ast-breadcrumbs-content":"","ast-featured-img":"","footer-sml-layout":"","ast-disable-related-posts":"","theme-transparent-header-meta":"default","adv-header-id-meta":"","stick-header-meta":"","header-above-stick-meta":"","header-main-stick-meta":"","header-below-stick-meta":"","astra-migrate-meta-layouts":"default","ast-page-background-enabled":"default","ast-page-background-meta":{"desktop":{"background-color":"var(--ast-global-color-5)","background-image":"","background-repeat":"repeat","background-position":"center center","background-size":"auto","background-attachment":"scroll","background-type":"","background-media":"","overlay-type":"","overlay-color":"","overlay-opacity":"","overlay-gradient":""},"tablet":{"background-color":"","background-image":"","background-repeat":"repeat","background-position":"center center","background-size":"auto","background-attachment":"scroll","background-type":"","background-media":"","overlay-type":"","overlay-color":"","overlay-opacity":"","overlay-gradient":""},"mobile":{"background-color":"","background-image":"","background-repeat":"repeat","background-position":"center center","background-size":"auto","background-attachment":"scroll","background-type":"","background-media":"","overlay-type":"","overlay-color":"","overlay-opacity":"","overlay-gradient":""}},"ast-content-background-meta":{"desktop":{"background-color":"var(--ast-global-color-4)","background-image":"","background-repeat":"repeat","background-position":"center center","background-size":"auto","background-attachment":"scroll","background-type":"","background-media":"","overlay-type":"","overlay-color":"","overlay-opacity":"","overlay-gradient":""},"tablet":{"background-color":"var(--ast-global-color-4)","background-image":"","background-repeat":"repeat","background-position":"center center","background-size":"auto","background-attachment":"scroll","background-type":"","background-media":"","overlay-type":"","overlay-color":"","overlay-opacity":"","overlay-gradient":""},"mobile":{"background-color":"var(--ast-global-color-4)","background-image":"","background-repeat":"repeat","background-position":"center center","background-size":"auto","background-attachment":"scroll","background-type":"","background-media":"","overlay-type":"","overlay-color":"","overlay-opacity":"","overlay-gradient":""}},"footnotes":""},"class_list":["post-26610","page","type-page","status-publish","has-post-thumbnail","hentry"],"acf":[],"yoast_head":"<!-- This site is optimized with the Yoast SEO plugin v27.1.1 - https:\/\/yoast.com\/product\/yoast-seo-wordpress\/ -->\n<title>Comment nous travaillons - Spaziobed by Cinius<\/title>\n<meta name=\"robots\" content=\"index, follow, max-snippet:-1, max-image-preview:large, max-video-preview:-1\" \/>\n<link rel=\"canonical\" href=\"https:\/\/spaziobed.it\/fr\/comment-nous-travaillons\/\" \/>\n<meta property=\"og:locale\" content=\"fr_FR\" \/>\n<meta property=\"og:type\" content=\"article\" \/>\n<meta property=\"og:title\" content=\"Comment nous travaillons - Spaziobed by Cinius\" \/>\n<meta property=\"og:description\" content=\"Circularhub est intuitif et efficace L&rsquo;utilisation de CircularHub est simple et intuitive, reproduisant l&rsquo;exp\u00e9rience d&rsquo;un commerce \u00e9lectronique classique. Vous pouvez [&hellip;]\" \/>\n<meta property=\"og:url\" content=\"https:\/\/spaziobed.it\/fr\/comment-nous-travaillons\/\" \/>\n<meta property=\"og:site_name\" content=\"Spaziobed by Cinius\" \/>\n<meta property=\"article:publisher\" content=\"https:\/\/www.facebook.com\/CINIUS.ARREDAMENTI\/\" \/>\n<meta property=\"article:modified_time\" content=\"2026-02-16T10:46:44+00:00\" \/>\n<meta property=\"og:image\" content=\"https:\/\/spaziobed.it\/wp-content\/uploads\/2025\/12\/spaziobed-letto-come-lavoriamo-head.webp\" \/>\n\t<meta property=\"og:image:width\" content=\"1010\" \/>\n\t<meta property=\"og:image:height\" content=\"700\" \/>\n\t<meta property=\"og:image:type\" content=\"image\/webp\" \/>\n<meta name=\"twitter:card\" content=\"summary_large_image\" \/>\n<meta name=\"twitter:site\" content=\"@Cinius\" \/>\n<script type=\"application\/ld+json\" class=\"yoast-schema-graph\">{\"@context\":\"https:\/\/schema.org\",\"@graph\":[{\"@type\":\"WebPage\",\"@id\":\"https:\/\/spaziobed.it\/fr\/comment-nous-travaillons\/\",\"url\":\"https:\/\/spaziobed.it\/fr\/comment-nous-travaillons\/\",\"name\":\"Comment nous travaillons - Spaziobed by Cinius\",\"isPartOf\":{\"@id\":\"https:\/\/spaziobed.it\/fr\/#website\"},\"primaryImageOfPage\":{\"@id\":\"https:\/\/spaziobed.it\/fr\/comment-nous-travaillons\/#primaryimage\"},\"image\":{\"@id\":\"https:\/\/spaziobed.it\/fr\/comment-nous-travaillons\/#primaryimage\"},\"thumbnailUrl\":\"https:\/\/spaziobed.it\/wp-content\/uploads\/2025\/12\/spaziobed-letto-come-lavoriamo-head.webp\",\"datePublished\":\"2023-10-23T09:45:29+00:00\",\"dateModified\":\"2026-02-16T10:46:44+00:00\",\"breadcrumb\":{\"@id\":\"https:\/\/spaziobed.it\/fr\/comment-nous-travaillons\/#breadcrumb\"},\"inLanguage\":\"fr-FR\",\"potentialAction\":[{\"@type\":\"ReadAction\",\"target\":[\"https:\/\/spaziobed.it\/fr\/comment-nous-travaillons\/\"]}]},{\"@type\":\"ImageObject\",\"inLanguage\":\"fr-FR\",\"@id\":\"https:\/\/spaziobed.it\/fr\/comment-nous-travaillons\/#primaryimage\",\"url\":\"https:\/\/spaziobed.it\/wp-content\/uploads\/2025\/12\/spaziobed-letto-come-lavoriamo-head.webp\",\"contentUrl\":\"https:\/\/spaziobed.it\/wp-content\/uploads\/2025\/12\/spaziobed-letto-come-lavoriamo-head.webp\",\"width\":1010,\"height\":700,\"caption\":\"spaziobed\"},{\"@type\":\"BreadcrumbList\",\"@id\":\"https:\/\/spaziobed.it\/fr\/comment-nous-travaillons\/#breadcrumb\",\"itemListElement\":[{\"@type\":\"ListItem\",\"position\":1,\"name\":\"Accueil\",\"item\":\"https:\/\/spaziobed.it\/fr\/spaziobed\/\"},{\"@type\":\"ListItem\",\"position\":2,\"name\":\"Comment nous travaillons\"}]},{\"@type\":\"WebSite\",\"@id\":\"https:\/\/spaziobed.it\/fr\/#website\",\"url\":\"https:\/\/spaziobed.it\/fr\/\",\"name\":\"Spaziobed by Cinius\",\"description\":\"SpazioBed de Cinius est une solution de chambre \u00e0 coucher exceptionnellement peu encombrante. Fabriqu\u00e9s en bois massif, ces lits sur mesure r\u00e9pondent aux besoins des adultes, des enfants et des adolescents.\",\"publisher\":{\"@id\":\"https:\/\/spaziobed.it\/fr\/#organization\"},\"alternateName\":\"SpazioBed\",\"potentialAction\":[{\"@type\":\"SearchAction\",\"target\":{\"@type\":\"EntryPoint\",\"urlTemplate\":\"https:\/\/spaziobed.it\/fr\/?s={search_term_string}\"},\"query-input\":{\"@type\":\"PropertyValueSpecification\",\"valueRequired\":true,\"valueName\":\"search_term_string\"}}],\"inLanguage\":\"fr-FR\"},{\"@type\":\"Organization\",\"@id\":\"https:\/\/spaziobed.it\/fr\/#organization\",\"name\":\"SpazioBed by Cinius\",\"alternateName\":\"SpazioBed\",\"url\":\"https:\/\/spaziobed.it\/fr\/\",\"logo\":{\"@type\":\"ImageObject\",\"inLanguage\":\"fr-FR\",\"@id\":\"https:\/\/spaziobed.it\/fr\/#\/schema\/logo\/image\/\",\"url\":\"https:\/\/spaziobed.it\/wp-content\/uploads\/2024\/08\/spaziobed-logo-1.jpg\",\"contentUrl\":\"https:\/\/spaziobed.it\/wp-content\/uploads\/2024\/08\/spaziobed-logo-1.jpg\",\"width\":248,\"height\":89,\"caption\":\"SpazioBed by Cinius\"},\"image\":{\"@id\":\"https:\/\/spaziobed.it\/fr\/#\/schema\/logo\/image\/\"},\"sameAs\":[\"https:\/\/www.facebook.com\/CINIUS.ARREDAMENTI\/\",\"https:\/\/x.com\/Cinius\",\"https:\/\/www.instagram.com\/ciniusarredamento\/\"]}]}<\/script>\n<!-- \/ Yoast SEO plugin. -->","yoast_head_json":{"title":"Comment nous travaillons - Spaziobed by Cinius","robots":{"index":"index","follow":"follow","max-snippet":"max-snippet:-1","max-image-preview":"max-image-preview:large","max-video-preview":"max-video-preview:-1"},"canonical":"https:\/\/spaziobed.it\/fr\/comment-nous-travaillons\/","og_locale":"fr_FR","og_type":"article","og_title":"Comment nous travaillons - Spaziobed by Cinius","og_description":"Circularhub est intuitif et efficace L&rsquo;utilisation de CircularHub est simple et intuitive, reproduisant l&rsquo;exp\u00e9rience d&rsquo;un commerce \u00e9lectronique classique. Vous pouvez [&hellip;]","og_url":"https:\/\/spaziobed.it\/fr\/comment-nous-travaillons\/","og_site_name":"Spaziobed by Cinius","article_publisher":"https:\/\/www.facebook.com\/CINIUS.ARREDAMENTI\/","article_modified_time":"2026-02-16T10:46:44+00:00","og_image":[{"width":1010,"height":700,"url":"https:\/\/spaziobed.it\/wp-content\/uploads\/2025\/12\/spaziobed-letto-come-lavoriamo-head.webp","type":"image\/webp"}],"twitter_card":"summary_large_image","twitter_site":"@Cinius","schema":{"@context":"https:\/\/schema.org","@graph":[{"@type":"WebPage","@id":"https:\/\/spaziobed.it\/fr\/comment-nous-travaillons\/","url":"https:\/\/spaziobed.it\/fr\/comment-nous-travaillons\/","name":"Comment nous travaillons - Spaziobed by Cinius","isPartOf":{"@id":"https:\/\/spaziobed.it\/fr\/#website"},"primaryImageOfPage":{"@id":"https:\/\/spaziobed.it\/fr\/comment-nous-travaillons\/#primaryimage"},"image":{"@id":"https:\/\/spaziobed.it\/fr\/comment-nous-travaillons\/#primaryimage"},"thumbnailUrl":"https:\/\/spaziobed.it\/wp-content\/uploads\/2025\/12\/spaziobed-letto-come-lavoriamo-head.webp","datePublished":"2023-10-23T09:45:29+00:00","dateModified":"2026-02-16T10:46:44+00:00","breadcrumb":{"@id":"https:\/\/spaziobed.it\/fr\/comment-nous-travaillons\/#breadcrumb"},"inLanguage":"fr-FR","potentialAction":[{"@type":"ReadAction","target":["https:\/\/spaziobed.it\/fr\/comment-nous-travaillons\/"]}]},{"@type":"ImageObject","inLanguage":"fr-FR","@id":"https:\/\/spaziobed.it\/fr\/comment-nous-travaillons\/#primaryimage","url":"https:\/\/spaziobed.it\/wp-content\/uploads\/2025\/12\/spaziobed-letto-come-lavoriamo-head.webp","contentUrl":"https:\/\/spaziobed.it\/wp-content\/uploads\/2025\/12\/spaziobed-letto-come-lavoriamo-head.webp","width":1010,"height":700,"caption":"spaziobed"},{"@type":"BreadcrumbList","@id":"https:\/\/spaziobed.it\/fr\/comment-nous-travaillons\/#breadcrumb","itemListElement":[{"@type":"ListItem","position":1,"name":"Accueil","item":"https:\/\/spaziobed.it\/fr\/spaziobed\/"},{"@type":"ListItem","position":2,"name":"Comment nous travaillons"}]},{"@type":"WebSite","@id":"https:\/\/spaziobed.it\/fr\/#website","url":"https:\/\/spaziobed.it\/fr\/","name":"Spaziobed by Cinius","description":"SpazioBed de Cinius est une solution de chambre \u00e0 coucher exceptionnellement peu encombrante. Fabriqu\u00e9s en bois massif, ces lits sur mesure r\u00e9pondent aux besoins des adultes, des enfants et des adolescents.","publisher":{"@id":"https:\/\/spaziobed.it\/fr\/#organization"},"alternateName":"SpazioBed","potentialAction":[{"@type":"SearchAction","target":{"@type":"EntryPoint","urlTemplate":"https:\/\/spaziobed.it\/fr\/?s={search_term_string}"},"query-input":{"@type":"PropertyValueSpecification","valueRequired":true,"valueName":"search_term_string"}}],"inLanguage":"fr-FR"},{"@type":"Organization","@id":"https:\/\/spaziobed.it\/fr\/#organization","name":"SpazioBed by Cinius","alternateName":"SpazioBed","url":"https:\/\/spaziobed.it\/fr\/","logo":{"@type":"ImageObject","inLanguage":"fr-FR","@id":"https:\/\/spaziobed.it\/fr\/#\/schema\/logo\/image\/","url":"https:\/\/spaziobed.it\/wp-content\/uploads\/2024\/08\/spaziobed-logo-1.jpg","contentUrl":"https:\/\/spaziobed.it\/wp-content\/uploads\/2024\/08\/spaziobed-logo-1.jpg","width":248,"height":89,"caption":"SpazioBed by Cinius"},"image":{"@id":"https:\/\/spaziobed.it\/fr\/#\/schema\/logo\/image\/"},"sameAs":["https:\/\/www.facebook.com\/CINIUS.ARREDAMENTI\/","https:\/\/x.com\/Cinius","https:\/\/www.instagram.com\/ciniusarredamento\/"]}]}},"_links":{"self":[{"href":"https:\/\/spaziobed.it\/fr\/wp-json\/wp\/v2\/pages\/26610","targetHints":{"allow":["GET"]}}],"collection":[{"href":"https:\/\/spaziobed.it\/fr\/wp-json\/wp\/v2\/pages"}],"about":[{"href":"https:\/\/spaziobed.it\/fr\/wp-json\/wp\/v2\/types\/page"}],"author":[{"embeddable":true,"href":"https:\/\/spaziobed.it\/fr\/wp-json\/wp\/v2\/users\/4"}],"replies":[{"embeddable":true,"href":"https:\/\/spaziobed.it\/fr\/wp-json\/wp\/v2\/comments?post=26610"}],"version-history":[{"count":1,"href":"https:\/\/spaziobed.it\/fr\/wp-json\/wp\/v2\/pages\/26610\/revisions"}],"predecessor-version":[{"id":26611,"href":"https:\/\/spaziobed.it\/fr\/wp-json\/wp\/v2\/pages\/26610\/revisions\/26611"}],"wp:featuredmedia":[{"embeddable":true,"href":"https:\/\/spaziobed.it\/fr\/wp-json\/wp\/v2\/media\/25557"}],"wp:attachment":[{"href":"https:\/\/spaziobed.it\/fr\/wp-json\/wp\/v2\/media?parent=26610"}],"curies":[{"name":"wp","href":"https:\/\/api.w.org\/{rel}","templated":true}]}}