{"id":26615,"date":"2024-08-24T17:17:46","date_gmt":"2024-08-24T15:17:46","guid":{"rendered":"https:\/\/spaziobed.it\/durabilite\/"},"modified":"2026-03-10T13:46:34","modified_gmt":"2026-03-10T12:46:34","slug":"parcours-de-soutenabilite","status":"publish","type":"page","link":"https:\/\/spaziobed.it\/fr\/parcours-de-soutenabilite\/","title":{"rendered":"Durabilit\u00e9"},"content":{"rendered":"","protected":false},"excerpt":{"rendered":"","protected":false},"author":4,"featured_media":25639,"parent":0,"menu_order":0,"comment_status":"closed","ping_status":"closed","template":"","meta":{"_acf_changed":false,"site-sidebar-layout":"default","site-content-layout":"","ast-site-content-layout":"default","site-content-style":"default","site-sidebar-style":"default","ast-global-header-display":"","ast-banner-title-visibility":"","ast-main-header-display":"","ast-hfb-above-header-display":"","ast-hfb-below-header-display":"","ast-hfb-mobile-header-display":"","site-post-title":"","ast-breadcrumbs-content":"","ast-featured-img":"","footer-sml-layout":"","ast-disable-related-posts":"","theme-transparent-header-meta":"default","adv-header-id-meta":"","stick-header-meta":"","header-above-stick-meta":"","header-main-stick-meta":"","header-below-stick-meta":"","astra-migrate-meta-layouts":"default","ast-page-background-enabled":"default","ast-page-background-meta":{"desktop":{"background-color":"var(--ast-global-color-5)","background-image":"","background-repeat":"repeat","background-position":"center center","background-size":"auto","background-attachment":"scroll","background-type":"","background-media":"","overlay-type":"","overlay-color":"","overlay-opacity":"","overlay-gradient":""},"tablet":{"background-color":"","background-image":"","background-repeat":"repeat","background-position":"center center","background-size":"auto","background-attachment":"scroll","background-type":"","background-media":"","overlay-type":"","overlay-color":"","overlay-opacity":"","overlay-gradient":""},"mobile":{"background-color":"","background-image":"","background-repeat":"repeat","background-position":"center center","background-size":"auto","background-attachment":"scroll","background-type":"","background-media":"","overlay-type":"","overlay-color":"","overlay-opacity":"","overlay-gradient":""}},"ast-content-background-meta":{"desktop":{"background-color":"var(--ast-global-color-4)","background-image":"","background-repeat":"repeat","background-position":"center center","background-size":"auto","background-attachment":"scroll","background-type":"","background-media":"","overlay-type":"","overlay-color":"","overlay-opacity":"","overlay-gradient":""},"tablet":{"background-color":"var(--ast-global-color-4)","background-image":"","background-repeat":"repeat","background-position":"center center","background-size":"auto","background-attachment":"scroll","background-type":"","background-media":"","overlay-type":"","overlay-color":"","overlay-opacity":"","overlay-gradient":""},"mobile":{"background-color":"var(--ast-global-color-4)","background-image":"","background-repeat":"repeat","background-position":"center center","background-size":"auto","background-attachment":"scroll","background-type":"","background-media":"","overlay-type":"","overlay-color":"","overlay-opacity":"","overlay-gradient":""}},"footnotes":""},"class_list":["post-26615","page","type-page","status-publish","has-post-thumbnail","hentry"],"acf":[],"yoast_head":"<!-- This site is optimized with the Yoast SEO plugin v27.1.1 - https:\/\/yoast.com\/product\/yoast-seo-wordpress\/ -->\n<title>Le parcours de durabilit\u00e9<\/title>\n<meta name=\"description\" content=\"Le bois est un mat\u00e9riau pr\u00e9cieux. Nous utilisons uniquement des mat\u00e9riaux qui durent au fil des ann\u00e9es, pour vous offrir un produit de qualit\u00e9 r\u00e9sistant dans le temps.\" \/>\n<meta name=\"robots\" content=\"index, follow, max-snippet:-1, max-image-preview:large, max-video-preview:-1\" \/>\n<link rel=\"canonical\" href=\"https:\/\/spaziobed.it\/fr\/parcours-de-soutenabilite\/\" \/>\n<meta property=\"og:locale\" content=\"fr_FR\" \/>\n<meta property=\"og:type\" content=\"article\" \/>\n<meta property=\"og:title\" content=\"Le parcours de durabilit\u00e9\" \/>\n<meta property=\"og:description\" content=\"Le bois est un mat\u00e9riau pr\u00e9cieux. Nous utilisons uniquement des mat\u00e9riaux qui durent au fil des ann\u00e9es, pour vous offrir un produit de qualit\u00e9 r\u00e9sistant dans le temps.\" \/>\n<meta property=\"og:url\" content=\"https:\/\/spaziobed.it\/fr\/parcours-de-soutenabilite\/\" \/>\n<meta property=\"og:site_name\" content=\"Spaziobed by Cinius\" \/>\n<meta property=\"article:publisher\" content=\"https:\/\/www.facebook.com\/CINIUS.ARREDAMENTI\/\" \/>\n<meta property=\"article:modified_time\" content=\"2026-03-10T12:46:34+00:00\" \/>\n<meta property=\"og:image\" content=\"https:\/\/spaziobed.it\/wp-content\/uploads\/2025\/12\/spaziobed-letto-sostenibilita.webp\" \/>\n\t<meta property=\"og:image:width\" content=\"1111\" \/>\n\t<meta property=\"og:image:height\" content=\"770\" \/>\n\t<meta property=\"og:image:type\" content=\"image\/webp\" \/>\n<meta name=\"twitter:card\" content=\"summary_large_image\" \/>\n<meta name=\"twitter:title\" content=\"Le parcours de durabilit\u00e9\" \/>\n<meta name=\"twitter:description\" content=\"Le bois est un mat\u00e9riau pr\u00e9cieux. Nous utilisons uniquement des mat\u00e9riaux qui durent au fil des ann\u00e9es, pour vous offrir un produit de qualit\u00e9 r\u00e9sistant dans le temps.\" \/>\n<meta name=\"twitter:site\" content=\"@Cinius\" \/>\n<script type=\"application\/ld+json\" class=\"yoast-schema-graph\">{\"@context\":\"https:\/\/schema.org\",\"@graph\":[{\"@type\":\"WebPage\",\"@id\":\"https:\/\/spaziobed.it\/fr\/parcours-de-soutenabilite\/\",\"url\":\"https:\/\/spaziobed.it\/fr\/parcours-de-soutenabilite\/\",\"name\":\"Le parcours de durabilit\u00e9\",\"isPartOf\":{\"@id\":\"https:\/\/spaziobed.it\/fr\/#website\"},\"primaryImageOfPage\":{\"@id\":\"https:\/\/spaziobed.it\/fr\/parcours-de-soutenabilite\/#primaryimage\"},\"image\":{\"@id\":\"https:\/\/spaziobed.it\/fr\/parcours-de-soutenabilite\/#primaryimage\"},\"thumbnailUrl\":\"https:\/\/spaziobed.it\/wp-content\/uploads\/2025\/12\/spaziobed-letto-sostenibilita.webp\",\"datePublished\":\"2024-08-24T15:17:46+00:00\",\"dateModified\":\"2026-03-10T12:46:34+00:00\",\"description\":\"Le bois est un mat\u00e9riau pr\u00e9cieux. Nous utilisons uniquement des mat\u00e9riaux qui durent au fil des ann\u00e9es, pour vous offrir un produit de qualit\u00e9 r\u00e9sistant dans le temps.\",\"breadcrumb\":{\"@id\":\"https:\/\/spaziobed.it\/fr\/parcours-de-soutenabilite\/#breadcrumb\"},\"inLanguage\":\"fr-FR\",\"potentialAction\":[{\"@type\":\"ReadAction\",\"target\":[\"https:\/\/spaziobed.it\/fr\/parcours-de-soutenabilite\/\"]}]},{\"@type\":\"ImageObject\",\"inLanguage\":\"fr-FR\",\"@id\":\"https:\/\/spaziobed.it\/fr\/parcours-de-soutenabilite\/#primaryimage\",\"url\":\"https:\/\/spaziobed.it\/wp-content\/uploads\/2025\/12\/spaziobed-letto-sostenibilita.webp\",\"contentUrl\":\"https:\/\/spaziobed.it\/wp-content\/uploads\/2025\/12\/spaziobed-letto-sostenibilita.webp\",\"width\":1111,\"height\":770,\"caption\":\"durabilit\u00e9 spaziobed\"},{\"@type\":\"BreadcrumbList\",\"@id\":\"https:\/\/spaziobed.it\/fr\/parcours-de-soutenabilite\/#breadcrumb\",\"itemListElement\":[{\"@type\":\"ListItem\",\"position\":1,\"name\":\"Accueil\",\"item\":\"https:\/\/spaziobed.it\/fr\/spaziobed\/\"},{\"@type\":\"ListItem\",\"position\":2,\"name\":\"durabilit\u00e9\"}]},{\"@type\":\"WebSite\",\"@id\":\"https:\/\/spaziobed.it\/fr\/#website\",\"url\":\"https:\/\/spaziobed.it\/fr\/\",\"name\":\"Spaziobed by Cinius\",\"description\":\"SpazioBed de Cinius est une solution de chambre \u00e0 coucher exceptionnellement peu encombrante. Fabriqu\u00e9s en bois massif, ces lits sur mesure r\u00e9pondent aux besoins des adultes, des enfants et des adolescents.\",\"publisher\":{\"@id\":\"https:\/\/spaziobed.it\/fr\/#organization\"},\"alternateName\":\"SpazioBed\",\"potentialAction\":[{\"@type\":\"SearchAction\",\"target\":{\"@type\":\"EntryPoint\",\"urlTemplate\":\"https:\/\/spaziobed.it\/fr\/?s={search_term_string}\"},\"query-input\":{\"@type\":\"PropertyValueSpecification\",\"valueRequired\":true,\"valueName\":\"search_term_string\"}}],\"inLanguage\":\"fr-FR\"},{\"@type\":\"Organization\",\"@id\":\"https:\/\/spaziobed.it\/fr\/#organization\",\"name\":\"SpazioBed by Cinius\",\"alternateName\":\"SpazioBed\",\"url\":\"https:\/\/spaziobed.it\/fr\/\",\"logo\":{\"@type\":\"ImageObject\",\"inLanguage\":\"fr-FR\",\"@id\":\"https:\/\/spaziobed.it\/fr\/#\/schema\/logo\/image\/\",\"url\":\"https:\/\/spaziobed.it\/wp-content\/uploads\/2024\/08\/spaziobed-logo-1.jpg\",\"contentUrl\":\"https:\/\/spaziobed.it\/wp-content\/uploads\/2024\/08\/spaziobed-logo-1.jpg\",\"width\":248,\"height\":89,\"caption\":\"SpazioBed by Cinius\"},\"image\":{\"@id\":\"https:\/\/spaziobed.it\/fr\/#\/schema\/logo\/image\/\"},\"sameAs\":[\"https:\/\/www.facebook.com\/CINIUS.ARREDAMENTI\/\",\"https:\/\/x.com\/Cinius\",\"https:\/\/www.instagram.com\/ciniusarredamento\/\"]}]}<\/script>\n<!-- \/ Yoast SEO plugin. -->","yoast_head_json":{"title":"Le parcours de durabilit\u00e9","description":"Le bois est un mat\u00e9riau pr\u00e9cieux. Nous utilisons uniquement des mat\u00e9riaux qui durent au fil des ann\u00e9es, pour vous offrir un produit de qualit\u00e9 r\u00e9sistant dans le temps.","robots":{"index":"index","follow":"follow","max-snippet":"max-snippet:-1","max-image-preview":"max-image-preview:large","max-video-preview":"max-video-preview:-1"},"canonical":"https:\/\/spaziobed.it\/fr\/parcours-de-soutenabilite\/","og_locale":"fr_FR","og_type":"article","og_title":"Le parcours de durabilit\u00e9","og_description":"Le bois est un mat\u00e9riau pr\u00e9cieux. Nous utilisons uniquement des mat\u00e9riaux qui durent au fil des ann\u00e9es, pour vous offrir un produit de qualit\u00e9 r\u00e9sistant dans le temps.","og_url":"https:\/\/spaziobed.it\/fr\/parcours-de-soutenabilite\/","og_site_name":"Spaziobed by Cinius","article_publisher":"https:\/\/www.facebook.com\/CINIUS.ARREDAMENTI\/","article_modified_time":"2026-03-10T12:46:34+00:00","og_image":[{"width":1111,"height":770,"url":"https:\/\/spaziobed.it\/wp-content\/uploads\/2025\/12\/spaziobed-letto-sostenibilita.webp","type":"image\/webp"}],"twitter_card":"summary_large_image","twitter_title":"Le parcours de durabilit\u00e9","twitter_description":"Le bois est un mat\u00e9riau pr\u00e9cieux. Nous utilisons uniquement des mat\u00e9riaux qui durent au fil des ann\u00e9es, pour vous offrir un produit de qualit\u00e9 r\u00e9sistant dans le temps.","twitter_site":"@Cinius","schema":{"@context":"https:\/\/schema.org","@graph":[{"@type":"WebPage","@id":"https:\/\/spaziobed.it\/fr\/parcours-de-soutenabilite\/","url":"https:\/\/spaziobed.it\/fr\/parcours-de-soutenabilite\/","name":"Le parcours de durabilit\u00e9","isPartOf":{"@id":"https:\/\/spaziobed.it\/fr\/#website"},"primaryImageOfPage":{"@id":"https:\/\/spaziobed.it\/fr\/parcours-de-soutenabilite\/#primaryimage"},"image":{"@id":"https:\/\/spaziobed.it\/fr\/parcours-de-soutenabilite\/#primaryimage"},"thumbnailUrl":"https:\/\/spaziobed.it\/wp-content\/uploads\/2025\/12\/spaziobed-letto-sostenibilita.webp","datePublished":"2024-08-24T15:17:46+00:00","dateModified":"2026-03-10T12:46:34+00:00","description":"Le bois est un mat\u00e9riau pr\u00e9cieux. Nous utilisons uniquement des mat\u00e9riaux qui durent au fil des ann\u00e9es, pour vous offrir un produit de qualit\u00e9 r\u00e9sistant dans le temps.","breadcrumb":{"@id":"https:\/\/spaziobed.it\/fr\/parcours-de-soutenabilite\/#breadcrumb"},"inLanguage":"fr-FR","potentialAction":[{"@type":"ReadAction","target":["https:\/\/spaziobed.it\/fr\/parcours-de-soutenabilite\/"]}]},{"@type":"ImageObject","inLanguage":"fr-FR","@id":"https:\/\/spaziobed.it\/fr\/parcours-de-soutenabilite\/#primaryimage","url":"https:\/\/spaziobed.it\/wp-content\/uploads\/2025\/12\/spaziobed-letto-sostenibilita.webp","contentUrl":"https:\/\/spaziobed.it\/wp-content\/uploads\/2025\/12\/spaziobed-letto-sostenibilita.webp","width":1111,"height":770,"caption":"durabilit\u00e9 spaziobed"},{"@type":"BreadcrumbList","@id":"https:\/\/spaziobed.it\/fr\/parcours-de-soutenabilite\/#breadcrumb","itemListElement":[{"@type":"ListItem","position":1,"name":"Accueil","item":"https:\/\/spaziobed.it\/fr\/spaziobed\/"},{"@type":"ListItem","position":2,"name":"durabilit\u00e9"}]},{"@type":"WebSite","@id":"https:\/\/spaziobed.it\/fr\/#website","url":"https:\/\/spaziobed.it\/fr\/","name":"Spaziobed by Cinius","description":"SpazioBed de Cinius est une solution de chambre \u00e0 coucher exceptionnellement peu encombrante. Fabriqu\u00e9s en bois massif, ces lits sur mesure r\u00e9pondent aux besoins des adultes, des enfants et des adolescents.","publisher":{"@id":"https:\/\/spaziobed.it\/fr\/#organization"},"alternateName":"SpazioBed","potentialAction":[{"@type":"SearchAction","target":{"@type":"EntryPoint","urlTemplate":"https:\/\/spaziobed.it\/fr\/?s={search_term_string}"},"query-input":{"@type":"PropertyValueSpecification","valueRequired":true,"valueName":"search_term_string"}}],"inLanguage":"fr-FR"},{"@type":"Organization","@id":"https:\/\/spaziobed.it\/fr\/#organization","name":"SpazioBed by Cinius","alternateName":"SpazioBed","url":"https:\/\/spaziobed.it\/fr\/","logo":{"@type":"ImageObject","inLanguage":"fr-FR","@id":"https:\/\/spaziobed.it\/fr\/#\/schema\/logo\/image\/","url":"https:\/\/spaziobed.it\/wp-content\/uploads\/2024\/08\/spaziobed-logo-1.jpg","contentUrl":"https:\/\/spaziobed.it\/wp-content\/uploads\/2024\/08\/spaziobed-logo-1.jpg","width":248,"height":89,"caption":"SpazioBed by Cinius"},"image":{"@id":"https:\/\/spaziobed.it\/fr\/#\/schema\/logo\/image\/"},"sameAs":["https:\/\/www.facebook.com\/CINIUS.ARREDAMENTI\/","https:\/\/x.com\/Cinius","https:\/\/www.instagram.com\/ciniusarredamento\/"]}]}},"_links":{"self":[{"href":"https:\/\/spaziobed.it\/fr\/wp-json\/wp\/v2\/pages\/26615","targetHints":{"allow":["GET"]}}],"collection":[{"href":"https:\/\/spaziobed.it\/fr\/wp-json\/wp\/v2\/pages"}],"about":[{"href":"https:\/\/spaziobed.it\/fr\/wp-json\/wp\/v2\/types\/page"}],"author":[{"embeddable":true,"href":"https:\/\/spaziobed.it\/fr\/wp-json\/wp\/v2\/users\/4"}],"replies":[{"embeddable":true,"href":"https:\/\/spaziobed.it\/fr\/wp-json\/wp\/v2\/comments?post=26615"}],"version-history":[{"count":1,"href":"https:\/\/spaziobed.it\/fr\/wp-json\/wp\/v2\/pages\/26615\/revisions"}],"predecessor-version":[{"id":26742,"href":"https:\/\/spaziobed.it\/fr\/wp-json\/wp\/v2\/pages\/26615\/revisions\/26742"}],"wp:featuredmedia":[{"embeddable":true,"href":"https:\/\/spaziobed.it\/fr\/wp-json\/wp\/v2\/media\/25639"}],"wp:attachment":[{"href":"https:\/\/spaziobed.it\/fr\/wp-json\/wp\/v2\/media?parent=26615"}],"curies":[{"name":"wp","href":"https:\/\/api.w.org\/{rel}","templated":true}]}}