{"id":26002,"date":"2025-12-12T14:33:37","date_gmt":"2025-12-12T13:33:37","guid":{"rendered":"https:\/\/spaziobed.it\/prodotti\/lit-haut-fid-avec-bibliotheque\/"},"modified":"2026-03-03T18:28:39","modified_gmt":"2026-03-03T17:28:39","slug":"lit-haut-fid-avec-bibliotheque","status":"publish","type":"product","link":"https:\/\/spaziobed.it\/fr\/produits\/lit-haut-fid-avec-bibliotheque\/","title":{"rendered":"Fido lit haut avec biblioth\u00e8que"},"content":{"rendered":"<p>Composition de la chambre :<\/p>\n<ul>\n<li><strong>Biblioth\u00e8que \u00e0 2 niveaux<\/strong><\/li>\n<li><strong>Armoire lat\u00e9rale avec portes<\/strong><\/li>\n<li><strong>Espace pour les animaux de compagnie :<\/strong> l&rsquo;une des caract\u00e9ristiques du Spaziobed P est l&rsquo;espace d\u00e9di\u00e9 \u00e0 vos amis \u00e0 quatre pattes. Le meuble lat\u00e9ral peut \u00eatre configur\u00e9 pour inclure un abri confortable pour les animaux de compagnie, avec des coussins et des accessoires pour leur confort. Cet espace constitue un abri s\u00fbr et confortable pour les chiens, les chats ou d&rsquo;autres petits animaux de compagnie.  <\/li>\n<\/ul>\n","protected":false},"excerpt":{"rendered":"<p>Composition de la chambre : Biblioth\u00e8que \u00e0 2 niveaux Armoire lat\u00e9rale avec portes Espace pour les animaux de compagnie : [&hellip;]<\/p>\n","protected":false},"featured_media":26004,"comment_status":"closed","ping_status":"closed","template":"","meta":{"_acf_changed":false,"site-sidebar-layout":"default","site-content-layout":"","ast-site-content-layout":"default","site-content-style":"default","site-sidebar-style":"default","ast-global-header-display":"","ast-banner-title-visibility":"","ast-main-header-display":"","ast-hfb-above-header-display":"","ast-hfb-below-header-display":"","ast-hfb-mobile-header-display":"","site-post-title":"","ast-breadcrumbs-content":"","ast-featured-img":"","footer-sml-layout":"","ast-disable-related-posts":"","theme-transparent-header-meta":"default","adv-header-id-meta":"","stick-header-meta":"","header-above-stick-meta":"","header-main-stick-meta":"","header-below-stick-meta":"","astra-migrate-meta-layouts":"default","ast-page-background-enabled":"default","ast-page-background-meta":{"desktop":{"background-color":"var(--ast-global-color-5)","background-image":"","background-repeat":"repeat","background-position":"center center","background-size":"auto","background-attachment":"scroll","background-type":"","background-media":"","overlay-type":"","overlay-color":"","overlay-opacity":"","overlay-gradient":""},"tablet":{"background-color":"","background-image":"","background-repeat":"repeat","background-position":"center center","background-size":"auto","background-attachment":"scroll","background-type":"","background-media":"","overlay-type":"","overlay-color":"","overlay-opacity":"","overlay-gradient":""},"mobile":{"background-color":"","background-image":"","background-repeat":"repeat","background-position":"center center","background-size":"auto","background-attachment":"scroll","background-type":"","background-media":"","overlay-type":"","overlay-color":"","overlay-opacity":"","overlay-gradient":""}},"ast-content-background-meta":{"desktop":{"background-color":"var(--ast-global-color-4)","background-image":"","background-repeat":"repeat","background-position":"center center","background-size":"auto","background-attachment":"scroll","background-type":"","background-media":"","overlay-type":"","overlay-color":"","overlay-opacity":"","overlay-gradient":""},"tablet":{"background-color":"var(--ast-global-color-4)","background-image":"","background-repeat":"repeat","background-position":"center center","background-size":"auto","background-attachment":"scroll","background-type":"","background-media":"","overlay-type":"","overlay-color":"","overlay-opacity":"","overlay-gradient":""},"mobile":{"background-color":"var(--ast-global-color-4)","background-image":"","background-repeat":"repeat","background-position":"center center","background-size":"auto","background-attachment":"scroll","background-type":"","background-media":"","overlay-type":"","overlay-color":"","overlay-opacity":"","overlay-gradient":""}}},"product_brand":[],"product_cat":[421,372],"product_tag":[],"class_list":{"0":"post-26002","1":"product","2":"type-product","3":"status-publish","4":"has-post-thumbnail","6":"product_cat-chambres-doubles-a-grand-lit-avec-bibliotheque","7":"product_cat-chambres-lits-gain-de-place-matrimoniaux","8":"desktop-align-left","9":"tablet-align-left","10":"mobile-align-left","12":"first","13":"instock","14":"taxable","15":"shipping-taxable","16":"purchasable","17":"product-type-simple"},"acf":[],"yoast_head":"<!-- This site is optimized with the Yoast SEO plugin v27.1.1 - https:\/\/yoast.com\/product\/yoast-seo-wordpress\/ -->\n<title>Fido lit haut avec biblioth\u00e8que - Spaziobed by Cinius<\/title>\n<meta name=\"robots\" content=\"noindex, follow\" \/>\n<meta property=\"og:locale\" content=\"fr_FR\" \/>\n<meta property=\"og:type\" content=\"article\" \/>\n<meta property=\"og:title\" content=\"Fido lit haut avec biblioth\u00e8que - Spaziobed by Cinius\" \/>\n<meta property=\"og:description\" content=\"Composition de la chambre : Biblioth\u00e8que \u00e0 2 niveaux Armoire lat\u00e9rale avec portes Espace pour les animaux de compagnie : [&hellip;]\" \/>\n<meta property=\"og:url\" content=\"https:\/\/spaziobed.it\/fr\/produits\/lit-haut-fid-avec-bibliotheque\/\" \/>\n<meta property=\"og:site_name\" content=\"Spaziobed by Cinius\" \/>\n<meta property=\"article:publisher\" content=\"https:\/\/www.facebook.com\/CINIUS.ARREDAMENTI\/\" \/>\n<meta property=\"article:modified_time\" content=\"2026-03-03T17:28:39+00:00\" \/>\n<meta property=\"og:image\" content=\"https:\/\/spaziobed.it\/wp-content\/uploads\/2025\/12\/spaziobed-letto-alto-libreria-cuccia-cane.webp\" \/>\n\t<meta property=\"og:image:width\" content=\"1200\" \/>\n\t<meta property=\"og:image:height\" content=\"900\" \/>\n\t<meta property=\"og:image:type\" content=\"image\/webp\" \/>\n<meta name=\"twitter:card\" content=\"summary_large_image\" \/>\n<meta name=\"twitter:site\" content=\"@Cinius\" \/>\n<script type=\"application\/ld+json\" class=\"yoast-schema-graph\">{\"@context\":\"https:\/\/schema.org\",\"@graph\":[{\"@type\":\"WebPage\",\"@id\":\"https:\/\/spaziobed.it\/fr\/produits\/lit-haut-fid-avec-bibliotheque\/\",\"url\":\"https:\/\/spaziobed.it\/fr\/produits\/lit-haut-fid-avec-bibliotheque\/\",\"name\":\"Fido lit haut avec biblioth\u00e8que - Spaziobed by Cinius\",\"isPartOf\":{\"@id\":\"https:\/\/spaziobed.it\/fr\/#website\"},\"primaryImageOfPage\":{\"@id\":\"https:\/\/spaziobed.it\/fr\/produits\/lit-haut-fid-avec-bibliotheque\/#primaryimage\"},\"image\":{\"@id\":\"https:\/\/spaziobed.it\/fr\/produits\/lit-haut-fid-avec-bibliotheque\/#primaryimage\"},\"thumbnailUrl\":\"https:\/\/spaziobed.it\/wp-content\/uploads\/2025\/12\/spaziobed-letto-alto-libreria-cuccia-cane.webp\",\"datePublished\":\"2025-12-12T13:33:37+00:00\",\"dateModified\":\"2026-03-03T17:28:39+00:00\",\"breadcrumb\":{\"@id\":\"https:\/\/spaziobed.it\/fr\/produits\/lit-haut-fid-avec-bibliotheque\/#breadcrumb\"},\"inLanguage\":\"fr-FR\",\"potentialAction\":[{\"@type\":\"ReadAction\",\"target\":[\"https:\/\/spaziobed.it\/fr\/produits\/lit-haut-fid-avec-bibliotheque\/\"]}]},{\"@type\":\"ImageObject\",\"inLanguage\":\"fr-FR\",\"@id\":\"https:\/\/spaziobed.it\/fr\/produits\/lit-haut-fid-avec-bibliotheque\/#primaryimage\",\"url\":\"https:\/\/spaziobed.it\/wp-content\/uploads\/2025\/12\/spaziobed-letto-alto-libreria-cuccia-cane.webp\",\"contentUrl\":\"https:\/\/spaziobed.it\/wp-content\/uploads\/2025\/12\/spaziobed-letto-alto-libreria-cuccia-cane.webp\",\"width\":1200,\"height\":900,\"caption\":\"lit en hauteur avec niche pour chien\"},{\"@type\":\"BreadcrumbList\",\"@id\":\"https:\/\/spaziobed.it\/fr\/produits\/lit-haut-fid-avec-bibliotheque\/#breadcrumb\",\"itemListElement\":[{\"@type\":\"ListItem\",\"position\":1,\"name\":\"Accueil\",\"item\":\"https:\/\/spaziobed.it\/fr\/spaziobed\/\"},{\"@type\":\"ListItem\",\"position\":2,\"name\":\"Produits\",\"item\":\"https:\/\/spaziobed.it\/fr\/shop\/\"},{\"@type\":\"ListItem\",\"position\":3,\"name\":\"Fido lit haut avec biblioth\u00e8que\"}]},{\"@type\":\"WebSite\",\"@id\":\"https:\/\/spaziobed.it\/fr\/#website\",\"url\":\"https:\/\/spaziobed.it\/fr\/\",\"name\":\"Spaziobed by Cinius\",\"description\":\"SpazioBed de Cinius est une solution de chambre \u00e0 coucher exceptionnellement peu encombrante. Fabriqu\u00e9s en bois massif, ces lits sur mesure r\u00e9pondent aux besoins des adultes, des enfants et des adolescents.\",\"publisher\":{\"@id\":\"https:\/\/spaziobed.it\/fr\/#organization\"},\"alternateName\":\"SpazioBed\",\"potentialAction\":[{\"@type\":\"SearchAction\",\"target\":{\"@type\":\"EntryPoint\",\"urlTemplate\":\"https:\/\/spaziobed.it\/fr\/?s={search_term_string}\"},\"query-input\":{\"@type\":\"PropertyValueSpecification\",\"valueRequired\":true,\"valueName\":\"search_term_string\"}}],\"inLanguage\":\"fr-FR\"},{\"@type\":\"Organization\",\"@id\":\"https:\/\/spaziobed.it\/fr\/#organization\",\"name\":\"SpazioBed by Cinius\",\"alternateName\":\"SpazioBed\",\"url\":\"https:\/\/spaziobed.it\/fr\/\",\"logo\":{\"@type\":\"ImageObject\",\"inLanguage\":\"fr-FR\",\"@id\":\"https:\/\/spaziobed.it\/fr\/#\/schema\/logo\/image\/\",\"url\":\"https:\/\/spaziobed.it\/wp-content\/uploads\/2024\/08\/spaziobed-logo-1.jpg\",\"contentUrl\":\"https:\/\/spaziobed.it\/wp-content\/uploads\/2024\/08\/spaziobed-logo-1.jpg\",\"width\":248,\"height\":89,\"caption\":\"SpazioBed by Cinius\"},\"image\":{\"@id\":\"https:\/\/spaziobed.it\/fr\/#\/schema\/logo\/image\/\"},\"sameAs\":[\"https:\/\/www.facebook.com\/CINIUS.ARREDAMENTI\/\",\"https:\/\/x.com\/Cinius\",\"https:\/\/www.instagram.com\/ciniusarredamento\/\"]}]}<\/script>\n<!-- \/ Yoast SEO plugin. -->","yoast_head_json":{"title":"Fido lit haut avec biblioth\u00e8que - Spaziobed by Cinius","robots":{"index":"noindex","follow":"follow"},"og_locale":"fr_FR","og_type":"article","og_title":"Fido lit haut avec biblioth\u00e8que - Spaziobed by Cinius","og_description":"Composition de la chambre : Biblioth\u00e8que \u00e0 2 niveaux Armoire lat\u00e9rale avec portes Espace pour les animaux de compagnie : [&hellip;]","og_url":"https:\/\/spaziobed.it\/fr\/produits\/lit-haut-fid-avec-bibliotheque\/","og_site_name":"Spaziobed by Cinius","article_publisher":"https:\/\/www.facebook.com\/CINIUS.ARREDAMENTI\/","article_modified_time":"2026-03-03T17:28:39+00:00","og_image":[{"width":1200,"height":900,"url":"https:\/\/spaziobed.it\/wp-content\/uploads\/2025\/12\/spaziobed-letto-alto-libreria-cuccia-cane.webp","type":"image\/webp"}],"twitter_card":"summary_large_image","twitter_site":"@Cinius","schema":{"@context":"https:\/\/schema.org","@graph":[{"@type":"WebPage","@id":"https:\/\/spaziobed.it\/fr\/produits\/lit-haut-fid-avec-bibliotheque\/","url":"https:\/\/spaziobed.it\/fr\/produits\/lit-haut-fid-avec-bibliotheque\/","name":"Fido lit haut avec biblioth\u00e8que - Spaziobed by Cinius","isPartOf":{"@id":"https:\/\/spaziobed.it\/fr\/#website"},"primaryImageOfPage":{"@id":"https:\/\/spaziobed.it\/fr\/produits\/lit-haut-fid-avec-bibliotheque\/#primaryimage"},"image":{"@id":"https:\/\/spaziobed.it\/fr\/produits\/lit-haut-fid-avec-bibliotheque\/#primaryimage"},"thumbnailUrl":"https:\/\/spaziobed.it\/wp-content\/uploads\/2025\/12\/spaziobed-letto-alto-libreria-cuccia-cane.webp","datePublished":"2025-12-12T13:33:37+00:00","dateModified":"2026-03-03T17:28:39+00:00","breadcrumb":{"@id":"https:\/\/spaziobed.it\/fr\/produits\/lit-haut-fid-avec-bibliotheque\/#breadcrumb"},"inLanguage":"fr-FR","potentialAction":[{"@type":"ReadAction","target":["https:\/\/spaziobed.it\/fr\/produits\/lit-haut-fid-avec-bibliotheque\/"]}]},{"@type":"ImageObject","inLanguage":"fr-FR","@id":"https:\/\/spaziobed.it\/fr\/produits\/lit-haut-fid-avec-bibliotheque\/#primaryimage","url":"https:\/\/spaziobed.it\/wp-content\/uploads\/2025\/12\/spaziobed-letto-alto-libreria-cuccia-cane.webp","contentUrl":"https:\/\/spaziobed.it\/wp-content\/uploads\/2025\/12\/spaziobed-letto-alto-libreria-cuccia-cane.webp","width":1200,"height":900,"caption":"lit en hauteur avec niche pour chien"},{"@type":"BreadcrumbList","@id":"https:\/\/spaziobed.it\/fr\/produits\/lit-haut-fid-avec-bibliotheque\/#breadcrumb","itemListElement":[{"@type":"ListItem","position":1,"name":"Accueil","item":"https:\/\/spaziobed.it\/fr\/spaziobed\/"},{"@type":"ListItem","position":2,"name":"Produits","item":"https:\/\/spaziobed.it\/fr\/shop\/"},{"@type":"ListItem","position":3,"name":"Fido lit haut avec biblioth\u00e8que"}]},{"@type":"WebSite","@id":"https:\/\/spaziobed.it\/fr\/#website","url":"https:\/\/spaziobed.it\/fr\/","name":"Spaziobed by Cinius","description":"SpazioBed de Cinius est une solution de chambre \u00e0 coucher exceptionnellement peu encombrante. Fabriqu\u00e9s en bois massif, ces lits sur mesure r\u00e9pondent aux besoins des adultes, des enfants et des adolescents.","publisher":{"@id":"https:\/\/spaziobed.it\/fr\/#organization"},"alternateName":"SpazioBed","potentialAction":[{"@type":"SearchAction","target":{"@type":"EntryPoint","urlTemplate":"https:\/\/spaziobed.it\/fr\/?s={search_term_string}"},"query-input":{"@type":"PropertyValueSpecification","valueRequired":true,"valueName":"search_term_string"}}],"inLanguage":"fr-FR"},{"@type":"Organization","@id":"https:\/\/spaziobed.it\/fr\/#organization","name":"SpazioBed by Cinius","alternateName":"SpazioBed","url":"https:\/\/spaziobed.it\/fr\/","logo":{"@type":"ImageObject","inLanguage":"fr-FR","@id":"https:\/\/spaziobed.it\/fr\/#\/schema\/logo\/image\/","url":"https:\/\/spaziobed.it\/wp-content\/uploads\/2024\/08\/spaziobed-logo-1.jpg","contentUrl":"https:\/\/spaziobed.it\/wp-content\/uploads\/2024\/08\/spaziobed-logo-1.jpg","width":248,"height":89,"caption":"SpazioBed by Cinius"},"image":{"@id":"https:\/\/spaziobed.it\/fr\/#\/schema\/logo\/image\/"},"sameAs":["https:\/\/www.facebook.com\/CINIUS.ARREDAMENTI\/","https:\/\/x.com\/Cinius","https:\/\/www.instagram.com\/ciniusarredamento\/"]}]}},"_links":{"self":[{"href":"https:\/\/spaziobed.it\/fr\/wp-json\/wp\/v2\/product\/26002","targetHints":{"allow":["GET"]}}],"collection":[{"href":"https:\/\/spaziobed.it\/fr\/wp-json\/wp\/v2\/product"}],"about":[{"href":"https:\/\/spaziobed.it\/fr\/wp-json\/wp\/v2\/types\/product"}],"replies":[{"embeddable":true,"href":"https:\/\/spaziobed.it\/fr\/wp-json\/wp\/v2\/comments?post=26002"}],"version-history":[{"count":2,"href":"https:\/\/spaziobed.it\/fr\/wp-json\/wp\/v2\/product\/26002\/revisions"}],"predecessor-version":[{"id":27024,"href":"https:\/\/spaziobed.it\/fr\/wp-json\/wp\/v2\/product\/26002\/revisions\/27024"}],"wp:featuredmedia":[{"embeddable":true,"href":"https:\/\/spaziobed.it\/fr\/wp-json\/wp\/v2\/media\/26004"}],"wp:attachment":[{"href":"https:\/\/spaziobed.it\/fr\/wp-json\/wp\/v2\/media?parent=26002"}],"wp:term":[{"taxonomy":"product_brand","embeddable":true,"href":"https:\/\/spaziobed.it\/fr\/wp-json\/wp\/v2\/product_brand?post=26002"},{"taxonomy":"product_cat","embeddable":true,"href":"https:\/\/spaziobed.it\/fr\/wp-json\/wp\/v2\/product_cat?post=26002"},{"taxonomy":"product_tag","embeddable":true,"href":"https:\/\/spaziobed.it\/fr\/wp-json\/wp\/v2\/product_tag?post=26002"}],"curies":[{"name":"wp","href":"https:\/\/api.w.org\/{rel}","templated":true}]}}